{"id":2371,"date":"2023-06-27T02:30:57","date_gmt":"2023-06-27T02:30:57","guid":{"rendered":"https:\/\/tianyanneigong.com\/avantages\/"},"modified":"2025-05-26T09:26:43","modified_gmt":"2025-05-26T09:26:43","slug":"avantages","status":"publish","type":"page","link":"https:\/\/tianyanneigong.com\/fr\/avantages\/","title":{"rendered":"Bienfaits"},"content":{"rendered":"\t<section class=\"section\" id=\"section_1077485330\">\n\t\t<div class=\"bg section-bg fill bg-fill  bg-loaded\" >\n\n\t\t\t\n\t\t\t\n\t\t\t\n\t<div class=\"is-border\"\n\t\tstyle=\"border-color:rgb(55, 176, 184);border-width:2px 2px 2px 2px;margin:10px 10px 10px 10px;\">\n\t<\/div>\n\n\t\t<\/div>\n\n\t\t\n\n\t\t<div class=\"section-content relative\">\n\t\t\t\n\n  <div class=\"banner has-hover\" id=\"banner-1112354071\">\n          <div class=\"banner-inner fill\">\n        <div class=\"banner-bg fill\" >\n            <div class=\"bg fill bg-fill \"><\/div>\n                                    \n\t<div class=\"is-border\"\n\t\tstyle=\"border-color:rgb(55, 176, 184);border-width:2px 2px 2px 2px;margin:10px 10px 10px 10px;\">\n\t<\/div>\n                    <\/div>\n\t\t\n        <div class=\"banner-layers container\">\n            <div class=\"fill banner-link\"><\/div>            \n   <div id=\"text-box-1941193072\" class=\"text-box banner-layer x10 md-x35 lg-x35 y5 md-y5 lg-y5 res-text\">\n                                <div class=\"text-box-content text dark\">\n              \n              <div class=\"text-inner text-center\">\n                  \n\t<div id=\"text-3714290642\" class=\"text hide-for-small\">\n\t\t\n<h1>Bienfaits<\/h1>\n\t\t\n<style>\n#text-3714290642 {\n  font-size: 2.5rem;\n  line-height: 2.95;\n  text-align: center;\n  color: rgb(55, 176, 184);\n}\n#text-3714290642 > * {\n  color: rgb(55, 176, 184);\n}\n<\/style>\n\t<\/div>\n\t\n\t<div id=\"text-547459654\" class=\"text show-for-small\">\n\t\t\n<h1><span style=\"font-size: 75%;\">Bienfaits<\/span><\/h1>\n\t\t\n<style>\n#text-547459654 {\n  font-size: 2.5rem;\n  line-height: 2.95;\n  text-align: center;\n  color: rgb(55, 176, 184);\n}\n#text-547459654 > * {\n  color: rgb(55, 176, 184);\n}\n<\/style>\n\t<\/div>\n\t\n              <\/div>\n           <\/div>\n                            \n<style>\n#text-box-1941193072 {\n  width: 78%;\n}\n#text-box-1941193072 .text-box-content {\n  font-size: 100%;\n}\n@media (min-width:550px) {\n  #text-box-1941193072 {\n    width: 28%;\n  }\n}\n<\/style>\n    <\/div>\n \n        <\/div>\n      <\/div>\n\n              <div class=\"height-fix is-invisible\"><img loading=\"lazy\" decoding=\"async\" width=\"2500\" height=\"1245\" src=\"https:\/\/tianyanneigong.com\/wp-content\/uploads\/2023\/09\/DSC3183-scaled-e1730903729187.jpg\" class=\"attachment-original size-original\" alt=\"\" srcset=\"https:\/\/tianyanneigong.com\/wp-content\/uploads\/2023\/09\/DSC3183-scaled-e1730903729187.jpg 2500w, https:\/\/tianyanneigong.com\/wp-content\/uploads\/2023\/09\/DSC3183-scaled-e1730903729187-300x149.jpg 300w, https:\/\/tianyanneigong.com\/wp-content\/uploads\/2023\/09\/DSC3183-scaled-e1730903729187-1024x510.jpg 1024w, https:\/\/tianyanneigong.com\/wp-content\/uploads\/2023\/09\/DSC3183-scaled-e1730903729187-768x382.jpg 768w, https:\/\/tianyanneigong.com\/wp-content\/uploads\/2023\/09\/DSC3183-scaled-e1730903729187-1536x765.jpg 1536w, https:\/\/tianyanneigong.com\/wp-content\/uploads\/2023\/09\/DSC3183-scaled-e1730903729187-2048x1020.jpg 2048w\" sizes=\"auto, (max-width: 2500px) 100vw, 2500px\" \/><\/div>\n            \n<style>\n#banner-1112354071 .bg.bg-loaded {\n  background-image: url(https:\/\/tianyanneigong.com\/wp-content\/uploads\/2023\/09\/DSC3183-scaled-e1730903729187.jpg);\n}\n#banner-1112354071 .bg {\n  background-position: 0% 0%;\n}\n<\/style>\n  <\/div>\n\n\n\t\t<\/div>\n\n\t\t\n<style>\n#section_1077485330 {\n  padding-top: 0px;\n  padding-bottom: 0px;\n}\n<\/style>\n\t<\/section>\n\t\n\t<section class=\"section\" id=\"section_1896559266\">\n\t\t<div class=\"bg section-bg fill bg-fill  bg-loaded\" >\n\n\t\t\t\n\t\t\t\n\t\t\t\n\n\t\t<\/div>\n\n\t\t\n\n\t\t<div class=\"section-content relative\">\n\t\t\t\n\t<div id=\"gap-878316732\" class=\"gap-element clearfix\" style=\"display:block; height:auto;\">\n\t\t\n<style>\n#gap-878316732 {\n  padding-top: 20px;\n}\n@media (min-width:550px) {\n  #gap-878316732 {\n    padding-top: 50px;\n  }\n}\n<\/style>\n\t<\/div>\n\t\n<div class=\"row\"  id=\"row-818015242\">\n\n\t<div id=\"col-474721104\" class=\"col medium-12 small-12 large-12\"  >\n\t\t\t\t<div class=\"col-inner\"  >\n\t\t\t\n\t\t\t\n\t<div id=\"text-2468259224\" class=\"text\">\n\t\t\n<p style=\"font-size: 26px; text-align: center;\"><span style=\"font-size: 140%;\"><strong><em>Tian Yan Nei Gong\u00ae dissolve blocages et tensions, <\/em><\/strong><\/span><br \/><span style=\"font-size: 140%;\"><strong><em>\u00e9limine les \u00e9nergies n\u00e9gatives, am\u00e9liore le flot de l\u2019\u00e9nergie, qui a \u00e9t\u00e9 d\u00e9r\u00e9gl\u00e9 \u00e0 la suite de blessures ou ralenti \u00e0 un manque d\u2019activit\u00e9s physiques, <\/em><\/strong><\/span><br \/><span style=\"font-size: 140%;\"><strong><em>d\u00e9s\u00e9quilibre des pens\u00e9es et des \u00e9motions<\/em><\/strong><\/span><\/p>\n\t\t\n<style>\n#text-2468259224 {\n  font-size: 1.55rem;\n  text-align: center;\n  color: #37b0b8;\n}\n#text-2468259224 > * {\n  color: #37b0b8;\n}\n<\/style>\n\t<\/div>\n\t\n\t<div id=\"gap-97817604\" class=\"gap-element clearfix\" style=\"display:block; height:auto;\">\n\t\t\n<style>\n#gap-97817604 {\n  padding-top: 50px;\n}\n<\/style>\n\t<\/div>\n\t\n\t\t<\/div>\n\t\t\t\t\t<\/div>\n\n\t\n\n\t<div id=\"col-1898894721\" class=\"col medium-6 small-12 large-6\"  >\n\t\t\t\t<div class=\"col-inner\"  >\n\t\t\t\n\t\t\t\n\t<div id=\"text-1160903013\" class=\"text\">\n\t\t\n<h2><span style=\"font-size: 100%;\">Sur le plan physique<\/span><\/h2>\n\t\t\n<style>\n#text-1160903013 {\n  font-size: 1rem;\n  color: rgb(55, 176, 184);\n}\n#text-1160903013 > * {\n  color: rgb(55, 176, 184);\n}\n<\/style>\n\t<\/div>\n\t\n\t<div id=\"text-1870027508\" class=\"text\">\n\t\t\n<ul>\n<li style=\"font-size: 19px;\">Il soulage toutes sortes de probl\u00e8mes de l\u2019appareil respiratoire<\/li>\n<li style=\"font-size: 19px;\">Att\u00e9nue les douleurs caus\u00e9es par le rhumatisme et l\u2019arthrite<\/li>\n<li style=\"font-size: 19px;\">Renforce la totalit\u00e9 du syst\u00e8me immunitaire \u2013 la meilleure des protections pour le corps contre les maladies<\/li>\n<li style=\"font-size: 19px;\">Renforce l\u2019appareil digestif: d\u2019o\u00f9 \u00e9limination facilit\u00e9e, moins de toxines, peau plus saine, moins d\u2019allergies<\/li>\n<li style=\"font-size: 19px;\">Augmente la r\u00e9sistance et la flexibilit\u00e9 de la totalit\u00e9 du dos<\/li>\n<li style=\"font-size: 19px;\">Redresse la colonne vert\u00e9brale et am\u00e9liore la posture<\/li>\n<li style=\"font-size: 19px;\">Renforce et tonifie le corps<\/li>\n<li style=\"font-size: 19px;\">Augmente la flexibilit\u00e9 de toutes les articulations, particuli\u00e8rement celles des hanches, des genoux, des \u00e9paules et des poignets.<\/li>\n<li style=\"font-size: 19px;\">Aide \u00e0 perdre du poids en activant le m\u00e9tabolisme<\/li>\n<li style=\"font-size: 19px;\">R\u00e9duit les troubles du sommeil<\/li>\n<li style=\"font-size: 19px;\">Aide \u00e0 r\u00e9gulariser la haute comme la basse tension<\/li>\n<li style=\"font-size: 19px;\">Influe favorablement dans des probl\u00e8mes gyn\u00e9cologiques<\/li>\n<li style=\"font-size: 19px;\">Ralentit le processus de vieillissement<\/li>\n<\/ul>\n\t\t\n<style>\n#text-1870027508 {\n  color: #37b0b8;\n}\n#text-1870027508 > * {\n  color: #37b0b8;\n}\n<\/style>\n\t<\/div>\n\t\n\t\t<\/div>\n\t\t\t\t\t<\/div>\n\n\t\n\n\t<div id=\"col-1400895849\" class=\"col medium-6 small-12 large-6\"  >\n\t\t\t\t<div class=\"col-inner\"  >\n\t\t\t\n\t\t\t\n\n  <div class=\"banner has-hover\" id=\"banner-919023829\">\n          <div class=\"banner-inner fill\">\n        <div class=\"banner-bg fill\" >\n            <div class=\"bg fill bg-fill \"><\/div>\n                                    \n                    <\/div>\n\t\t\n        <div class=\"banner-layers container\">\n            <div class=\"fill banner-link\"><\/div>            \n        <\/div>\n      <\/div>\n\n            \n<style>\n#banner-919023829 {\n  padding-top: 145.3%;\n  background-color: rgb(255, 255, 255);\n}\n#banner-919023829 .bg.bg-loaded {\n  background-image: url(https:\/\/tianyanneigong.com\/wp-content\/uploads\/2023\/06\/DSC_6824-681x1024.jpg);\n}\n#banner-919023829 .bg {\n  background-position: 30% 48%;\n}\n<\/style>\n  <\/div>\n\n\n\t\t<\/div>\n\t\t\t\t\t<\/div>\n\n\t\n<\/div>\n\t\t<\/div>\n\n\t\t\n<style>\n#section_1896559266 {\n  padding-top: 30px;\n  padding-bottom: 30px;\n}\n<\/style>\n\t<\/section>\n\t\n\t<section class=\"section\" id=\"section_741012991\">\n\t\t<div class=\"bg section-bg fill bg-fill  bg-loaded\" >\n\n\t\t\t\n\t\t\t\n\t\t\t\n\n\t\t<\/div>\n\n\t\t\n\n\t\t<div class=\"section-content relative\">\n\t\t\t\n<div class=\"row row-collapse align-equal\" style=\"max-width:1200px\" id=\"row-687605454\">\n\n\t<div id=\"col-276886273\" class=\"col medium-6 small-12 large-6\"  >\n\t\t\t\t<div class=\"col-inner\"  >\n\t\t\t\n\t\t\t\n\n  <div class=\"banner has-hover\" id=\"banner-1154743530\">\n          <div class=\"banner-inner fill\">\n        <div class=\"banner-bg fill\" >\n            <div class=\"bg fill bg-fill \"><\/div>\n                                    \n\t<div class=\"is-border\"\n\t\tstyle=\"border-color:rgb(255, 255, 255);border-width:0px 10px 0px 0px;\">\n\t<\/div>\n                    <\/div>\n\t\t\n        <div class=\"banner-layers container\">\n            <div class=\"fill banner-link\"><\/div>            \n        <\/div>\n      <\/div>\n\n            \n<style>\n#banner-1154743530 {\n  padding-top: 56.25%;\n  background-color: rgb(255, 255, 255);\n}\n#banner-1154743530 .bg.bg-loaded {\n  background-image: url(https:\/\/tianyanneigong.com\/wp-content\/uploads\/2023\/06\/dylan.jpg);\n}\n#banner-1154743530 .bg {\n  background-position: 53% 30%;\n}\n<\/style>\n  <\/div>\n\n\n\t\t<\/div>\n\t\t\t\t\t<\/div>\n\n\t\n\n\t<div id=\"col-1227083\" class=\"col medium-6 small-12 large-6\"  >\n\t\t\t\t<div class=\"col-inner\"  >\n\t\t\t\n\t\t\t\n\n  <div class=\"banner has-hover\" id=\"banner-553649804\">\n          <div class=\"banner-inner fill\">\n        <div class=\"banner-bg fill\" >\n            <div class=\"bg fill bg-fill \"><\/div>\n                                    \n                    <\/div>\n\t\t\n        <div class=\"banner-layers container\">\n            <div class=\"fill banner-link\"><\/div>            \n        <\/div>\n      <\/div>\n\n            \n<style>\n#banner-553649804 {\n  padding-top: 56.25%;\n  background-color: rgb(255, 255, 255);\n}\n#banner-553649804 .bg.bg-loaded {\n  background-image: url(https:\/\/tianyanneigong.com\/wp-content\/uploads\/2024\/06\/Benefits-couple.jpg);\n}\n#banner-553649804 .bg {\n  background-position: 20% 30%;\n}\n<\/style>\n  <\/div>\n\n\n\t\t<\/div>\n\t\t\t\t\t<\/div>\n\n\t\n\n\t<div id=\"col-1507177204\" class=\"col medium-3 small-12 large-3\"  >\n\t\t\t\t<div class=\"col-inner\" style=\"background-color:rgb(255, 255, 255);\" >\n\t\t\t\n\t\t\t\n\t\t<\/div>\n\t\t\t\t\t<\/div>\n\n\t\n\n\t<div id=\"col-2056153162\" class=\"col medium-6 small-12 large-6\"  >\n\t\t\t\t<div class=\"col-inner text-center\"  >\n\t\t\t\n\t\t\t\n\n  <div class=\"banner has-hover\" id=\"banner-896134200\">\n          <div class=\"banner-inner fill\">\n        <div class=\"banner-bg fill\" >\n            <div class=\"bg fill bg-fill \"><\/div>\n                                    \n\t<div class=\"is-border\"\n\t\tstyle=\"border-color:rgb(255, 255, 255);border-width:5px 0px 0px 0px;\">\n\t<\/div>\n                    <\/div>\n\t\t\n        <div class=\"banner-layers container\">\n            <div class=\"fill banner-link\"><\/div>            \n        <\/div>\n      <\/div>\n\n              <div class=\"height-fix is-invisible\"><img loading=\"lazy\" decoding=\"async\" width=\"827\" height=\"542\" src=\"https:\/\/tianyanneigong.com\/wp-content\/uploads\/2024\/05\/NO-8-group-jump-e1715005913589.jpg\" class=\"attachment-original size-original\" alt=\"\" srcset=\"https:\/\/tianyanneigong.com\/wp-content\/uploads\/2024\/05\/NO-8-group-jump-e1715005913589.jpg 827w, https:\/\/tianyanneigong.com\/wp-content\/uploads\/2024\/05\/NO-8-group-jump-e1715005913589-300x197.jpg 300w, https:\/\/tianyanneigong.com\/wp-content\/uploads\/2024\/05\/NO-8-group-jump-e1715005913589-768x503.jpg 768w\" sizes=\"auto, (max-width: 827px) 100vw, 827px\" \/><\/div>\n            \n<style>\n#banner-896134200 .bg.bg-loaded {\n  background-image: url(https:\/\/tianyanneigong.com\/wp-content\/uploads\/2024\/05\/NO-8-group-jump-e1715005913589.jpg);\n}\n#banner-896134200 {\n  background-color: rgb(255, 255, 255);\n}\n#banner-896134200 .bg {\n  background-position: 1% 9%;\n}\n<\/style>\n  <\/div>\n\n\n\t\t<\/div>\n\t\t\t\t\t<\/div>\n\n\t\n\n<style>\n#row-687605454 > .col > .col-inner {\n  padding: 5px 0px 0px 0px;\n  background-color: rgb(255, 255, 255);\n}\n<\/style>\n<\/div>\n\t<div id=\"gap-1330267232\" class=\"gap-element clearfix\" style=\"display:block; height:auto;\">\n\t\t\n<style>\n#gap-1330267232 {\n  padding-top: 50px;\n}\n<\/style>\n\t<\/div>\n\t\n\t\t<\/div>\n\n\t\t\n<style>\n#section_741012991 {\n  padding-top: 0px;\n  padding-bottom: 0px;\n}\n<\/style>\n\t<\/section>\n\t\n\t<section class=\"section\" id=\"section_869720629\">\n\t\t<div class=\"bg section-bg fill bg-fill  bg-loaded\" >\n\n\t\t\t\n\t\t\t\n\t\t\t\n\n\t\t<\/div>\n\n\t\t\n\n\t\t<div class=\"section-content relative\">\n\t\t\t\n<div class=\"row\"  id=\"row-1664918584\">\n\n\t<div id=\"col-732894559\" class=\"col medium-8 small-12 large-7\"  >\n\t\t\t\t<div class=\"col-inner\"  >\n\t\t\t\n\t\t\t\n\t<div id=\"text-2500531854\" class=\"text\">\n\t\t\n<h2><span style=\"font-size: 100%;\">Sur le plan mental, \u00e9motionnel et \u00e9nerg\u00e9tique<\/span><\/h2>\n\t\t\n<style>\n#text-2500531854 {\n  font-size: 1rem;\n  line-height: 1.25;\n  color: rgb(55, 176, 184);\n}\n#text-2500531854 > * {\n  color: rgb(55, 176, 184);\n}\n@media (min-width:850px) {\n  #text-2500531854 {\n    line-height: 0.75;\n  }\n}\n<\/style>\n\t<\/div>\n\t\n\t<div id=\"text-2159980167\" class=\"text\">\n\t\t\n<ul>\n<li style=\"font-size: 19px;\">Il englobe corps et esprit<\/li>\n<li style=\"font-size: 19px;\">Vous immisce dans le \u201ctemps pr\u00e9sent\u201d<\/li>\n<li style=\"font-size: 19px;\">Calme les esprits ainsi que les \u00e9motions<\/li>\n<li style=\"font-size: 19px;\">Redouble votre niveau quotidien d\u2019\u00e9nergie<\/li>\n<li style=\"font-size: 19px;\">Aide \u00e0 regagner respect et confiance en soi<\/li>\n<li style=\"font-size: 19px;\">Am\u00e9liore la clart\u00e9 mentale, la concentration et l\u2019introspection<\/li>\n<li style=\"font-size: 19px;\">Fait dispara\u00eetre des tendances \u00e0 penser n\u00e9gativement<\/li>\n<\/ul>\n\t\t\n<style>\n#text-2159980167 {\n  color: #37b0b8;\n}\n#text-2159980167 > * {\n  color: #37b0b8;\n}\n<\/style>\n\t<\/div>\n\t\n\t\t<\/div>\n\t\t\t\t\t<\/div>\n\n\t\n\n\t<div id=\"col-1435029976\" class=\"col medium-8 small-12 large-5\"  >\n\t\t\t\t<div class=\"col-inner\"  >\n\t\t\t\n\t\t\t\n\n  <div class=\"banner has-hover\" id=\"banner-1721749468\">\n          <div class=\"banner-inner fill\">\n        <div class=\"banner-bg fill\" >\n            <div class=\"bg fill bg-fill \"><\/div>\n                                    \n                    <\/div>\n\t\t\n        <div class=\"banner-layers container\">\n            <div class=\"fill banner-link\"><\/div>            \n        <\/div>\n      <\/div>\n\n            \n<style>\n#banner-1721749468 {\n  padding-top: 99.99%;\n  background-color: rgb(255, 255, 255);\n}\n#banner-1721749468 .bg.bg-loaded {\n  background-image: url(https:\/\/tianyanneigong.com\/wp-content\/uploads\/2023\/06\/kristina.jpg);\n}\n#banner-1721749468 .bg {\n  background-position: 59% 85%;\n}\n<\/style>\n  <\/div>\n\n\n\t\t<\/div>\n\t\t\t\t\t<\/div>\n\n\t\n<\/div>\n\t\t<\/div>\n\n\t\t\n<style>\n#section_869720629 {\n  padding-top: 30px;\n  padding-bottom: 30px;\n}\n<\/style>\n\t<\/section>\n\t\n\t<section class=\"section\" id=\"section_1851786225\">\n\t\t<div class=\"bg section-bg fill bg-fill  bg-loaded\" >\n\n\t\t\t\n\t\t\t\n\t\t\t\n\n\t\t<\/div>\n\n\t\t\n\n\t\t<div class=\"section-content relative\">\n\t\t\t\n<div class=\"row row-collapse align-equal\" style=\"max-width:1200px\" id=\"row-2127089118\">\n\n\t<div id=\"col-2072787072\" class=\"col medium-1 small-12 large-1\"  >\n\t\t\t\t<div class=\"col-inner\"  >\n\t\t\t\n\t\t\t\n\t\t<\/div>\n\t\t\t\t\n<style>\n#col-2072787072 > .col-inner {\n  padding: 0px 0px 0px 0px;\n  margin: 0px 50px 0px 50px;\n}\n<\/style>\n\t<\/div>\n\n\t\n\n\t<div id=\"col-1534610247\" class=\"col medium-10 small-12 large-10\"  >\n\t\t\t\t<div class=\"col-inner\"  >\n\t\t\t\n\t\t\t\n\n  <div class=\"banner has-hover\" id=\"banner-1103305790\">\n          <div class=\"banner-inner fill\">\n        <div class=\"banner-bg fill\" >\n            <div class=\"bg fill bg-fill \"><\/div>\n                                    \n                    <\/div>\n\t\t\n        <div class=\"banner-layers container\">\n            <div class=\"fill banner-link\"><\/div>            \n        <\/div>\n      <\/div>\n\n            \n<style>\n#banner-1103305790 {\n  padding-top: 50%;\n  background-color: rgb(255, 255, 255);\n}\n#banner-1103305790 .bg.bg-loaded {\n  background-image: url(https:\/\/tianyanneigong.com\/wp-content\/uploads\/2023\/06\/1000-1-1-1.jpg);\n}\n<\/style>\n  <\/div>\n\n\n\t\t<\/div>\n\t\t\t\t\n<style>\n#col-1534610247 > .col-inner {\n  padding: 0px 0px 0px 0px;\n  margin: 0px 0px 0px 0px;\n}\n<\/style>\n\t<\/div>\n\n\t\n\n<style>\n#row-2127089118 > .col > .col-inner {\n  background-color: rgb(255, 255, 255);\n}\n<\/style>\n<\/div>\n\t<div id=\"gap-710813593\" class=\"gap-element clearfix\" style=\"display:block; height:auto;\">\n\t\t\n<style>\n#gap-710813593 {\n  padding-top: 100px;\n}\n<\/style>\n\t<\/div>\n\t\n\t\t<\/div>\n\n\t\t\n<style>\n#section_1851786225 {\n  padding-top: 0px;\n  padding-bottom: 0px;\n}\n<\/style>\n\t<\/section>\n\t\n","protected":false},"excerpt":{"rendered":"","protected":false},"author":1,"featured_media":0,"parent":0,"menu_order":0,"comment_status":"closed","ping_status":"closed","template":"page-blank.php","meta":{"footnotes":""},"class_list":["post-2371","page","type-page","status-publish","hentry"],"_links":{"self":[{"href":"https:\/\/tianyanneigong.com\/fr\/wp-json\/wp\/v2\/pages\/2371","targetHints":{"allow":["GET"]}}],"collection":[{"href":"https:\/\/tianyanneigong.com\/fr\/wp-json\/wp\/v2\/pages"}],"about":[{"href":"https:\/\/tianyanneigong.com\/fr\/wp-json\/wp\/v2\/types\/page"}],"author":[{"embeddable":true,"href":"https:\/\/tianyanneigong.com\/fr\/wp-json\/wp\/v2\/users\/1"}],"replies":[{"embeddable":true,"href":"https:\/\/tianyanneigong.com\/fr\/wp-json\/wp\/v2\/comments?post=2371"}],"version-history":[{"count":21,"href":"https:\/\/tianyanneigong.com\/fr\/wp-json\/wp\/v2\/pages\/2371\/revisions"}],"predecessor-version":[{"id":2657,"href":"https:\/\/tianyanneigong.com\/fr\/wp-json\/wp\/v2\/pages\/2371\/revisions\/2657"}],"wp:attachment":[{"href":"https:\/\/tianyanneigong.com\/fr\/wp-json\/wp\/v2\/media?parent=2371"}],"curies":[{"name":"wp","href":"https:\/\/api.w.org\/{rel}","templated":true}]}}