{"id":2385,"date":"2023-06-28T07:55:00","date_gmt":"2023-06-28T07:55:00","guid":{"rendered":"https:\/\/tianyanneigong.com\/guerison-et-mentorat\/"},"modified":"2025-06-21T11:59:20","modified_gmt":"2025-06-21T11:59:20","slug":"guerison-et-mentorat","status":"publish","type":"page","link":"https:\/\/tianyanneigong.com\/fr\/guerison-et-mentorat\/","title":{"rendered":"Gu\u00e9rison et mentorat"},"content":{"rendered":"\t<section class=\"section dark\" id=\"section_334936498\">\n\t\t<div class=\"bg section-bg fill bg-fill  \" >\n\n\t\t\t\n\t\t\t\n\t\t\t\n\t<div class=\"is-border\"\n\t\tstyle=\"border-color:rgb(55, 176, 184);border-width:2px 2px 2px 2px;margin:10px 10px 10px 10px;\">\n\t<\/div>\n\n\t\t<\/div>\n\n\t\t\n\n\t\t<div class=\"section-content relative\">\n\t\t\t\n<div class=\"row row-collapse row-full-width align-bottom align-center\"  id=\"row-1355507977\">\n\n\t<div id=\"col-1782836676\" class=\"col medium-9 small-12 large-6\"  >\n\t\t\t\t<div class=\"col-inner text-center\"  >\n\t\t\t\n\t\t\t\n\t<div id=\"gap-1048077529\" class=\"gap-element clearfix\" style=\"display:block; height:auto;\">\n\t\t\n<style>\n#gap-1048077529 {\n  padding-top: 200px;\n}\n<\/style>\n\t<\/div>\n\t\n\t<div id=\"text-2286932781\" class=\"text hide-for-small\">\n\t\t\n<h1>GU\u00c9RISON<br \/>MENTORAT<br \/>NIVEAU DE<br \/>&nbsp;&nbsp;&nbsp;&nbsp;&nbsp;&nbsp;&nbsp;&nbsp;&nbsp;L&rsquo;\u00c2ME<\/h1>\n\t\t\n<style>\n#text-2286932781 {\n  font-size: 2rem;\n  text-align: left;\n  color: #37b0b8;\n}\n#text-2286932781 > * {\n  color: #37b0b8;\n}\n@media (min-width:550px) {\n  #text-2286932781 {\n    font-size: 2rem;\n  }\n}\n<\/style>\n\t<\/div>\n\t\n\t<div id=\"text-3190013979\" class=\"text show-for-small\">\n\t\t\n<h1><span style=\"font-size: 75%;\">GUERISON<\/span><br \/>\n<span style=\"font-size: 75%;\">MENTORING<\/span><br \/>\n<span style=\"font-size: 75%;\">SOUL WORK<\/span><\/h1>\n\t\t\n<style>\n#text-3190013979 {\n  font-size: 2rem;\n  text-align: left;\n  color: #37b0b8;\n}\n#text-3190013979 > * {\n  color: #37b0b8;\n}\n<\/style>\n\t<\/div>\n\t\n\t<div id=\"gap-752578113\" class=\"gap-element clearfix\" style=\"display:block; height:auto;\">\n\t\t\n<style>\n#gap-752578113 {\n  padding-top: 300px;\n}\n<\/style>\n\t<\/div>\n\t\n\t\t<\/div>\n\t\t\t\t\t<\/div>\n\n\t\n\n\t<div id=\"col-309115177\" class=\"col medium-9 small-12 large-5\"  >\n\t\t\t\t<div class=\"col-inner text-center\"  >\n\t\t\t\n\t\t\t\n\t\t<\/div>\n\t\t\t\t\t<\/div>\n\n\t\n\n<style>\n#row-1355507977 > .col > .col-inner {\n  padding: 0px 0px 0px 0px;\n}\n<\/style>\n<\/div>\n\t\t<\/div>\n\n\t\t\n<style>\n#section_334936498 {\n  padding-top: 0px;\n  padding-bottom: 0px;\n  min-height: 800px;\n}\n#section_334936498 .section-bg.bg-loaded {\n  background-image: url(https:\/\/tianyanneigong.com\/wp-content\/uploads\/2024\/05\/NO-3-Banner-for-Healing-Mentoring-Christel-14-4-scaled.jpg);\n}\n<\/style>\n\t<\/section>\n\t\n\t<section class=\"section\" id=\"section_994555205\">\n\t\t<div class=\"bg section-bg fill bg-fill  bg-loaded\" >\n\n\t\t\t\n\t\t\t\n\t\t\t\n\n\t\t<\/div>\n\n\t\t\n\n\t\t<div class=\"section-content relative\">\n\t\t\t\n<p style=\"font-size: 26px; text-align: center;\"><span style=\"font-size: 140%;\"><em><strong>Se connecter aux niveaux les plus profonds de soi ouvre la porte \u00e0<\/strong><\/em><\/span><br \/><span style=\"font-size: 140%;\"><em><strong>une meilleure compr\u00e9hension de soi,<\/strong><\/em><\/span><br \/><span style=\"font-size: 140%;\"><em><strong>et \u00e0 une relation plus paisible avec soi.<\/strong><\/em><\/span><\/p>\n<p>\u00a0<\/p>\n<div class=\"row row-large align-middle\" style=\"max-width:1300px\" id=\"row-1777160227\">\n\n\t<div id=\"col-864684015\" class=\"col medium-6 small-12 large-6\"  >\n\t\t\t\t<div class=\"col-inner text-center\"  >\n\t\t\t\n\t\t\t\n<span class=\"scroll-to\" data-label=\"Scroll to: #IndividualHealingSessions\" data-bullet=\"false\" data-link=\"#IndividualHealingSessions\" data-title=\"Individual Healing Sessions\" ><a name=\"IndividualHealingSessions\"><\/a><\/span>\n\t<div id=\"text-1882221218\" class=\"text\">\n\t\t\n<h2>S\u00e9ances de Gu\u00e9rison individuelles<br \/>\nEn ligne ou en personne<\/h2>\n\t\t\n<style>\n#text-1882221218 {\n  font-size: 1rem;\n  text-align: left;\n  color: #37b0b8;\n}\n#text-1882221218 > * {\n  color: #37b0b8;\n}\n<\/style>\n\t<\/div>\n\t\n\t<div id=\"text-2035054231\" class=\"text\">\n\t\t\n<p class=\"italica\" style=\"font-size: 19px;\">Au cours de ces s\u00e9ances de gu\u00e9rison, je vous aide \u00e0 laisser votre douleur \u00e9motionnelle, mentale et\/ou physique derri\u00e8re vous. Vous vous ouvrez \u00e0 la vie avec moins de peur, d&rsquo;anxi\u00e9t\u00e9 et de col\u00e8re, avec davantage de paix dans votre c\u0153ur et un regain de confiance en vous et en votre corps. <\/p>\n<p>Une s\u00e9ance dure une heure et comprend des soins \u00e9nerg\u00e9tiques, du mentorat et des exercices de Tian Yan Nei Gong\u00ae. A chaque fois, je devinerai ce dont vous avez besoin. <\/p>\n<p>Minimum requis : 6 s\u00e9ances.<br \/>\n<strong>Prix : Euro 150,\u2013 (par s\u00e9ance).<\/strong><\/p>\n<p class=\"italica\" style=\"font-size: 19px;\">Pour r\u00e9server vos s\u00e9ances, veuillez <u><a href=\"https:\/\/tianyanneigong.com\/fr\/contactez-nous\/\">m&rsquo;envoyer un e-mail. <\/a><\/u><\/p>\n\t\t\n<style>\n#text-2035054231 {\n  text-align: left;\n}\n<\/style>\n\t<\/div>\n\t\n\t<div id=\"text-506876125\" class=\"text\">\n\t\t\n\t\t\n<style>\n#text-506876125 {\n  text-align: left;\n  color: #37b0b8;\n}\n#text-506876125 > * {\n  color: #37b0b8;\n}\n<\/style>\n\t<\/div>\n\t\n\t\t<\/div>\n\t\t\t\t\t<\/div>\n\n\t\n\n\t<div id=\"col-106300406\" class=\"col medium-6 small-12 large-6 small-col-first\"  >\n\t\t\t\t<div class=\"col-inner text-center\"  >\n\t\t\t\n\t\t\t\n\t<div class=\"img has-hover x md-x lg-x y md-y lg-y\" id=\"image_1109265738\">\n\t\t\t\t\t\t\t\t<div class=\"img-inner dark\" >\n\t\t\t<img loading=\"lazy\" decoding=\"async\" width=\"281\" height=\"500\" src=\"https:\/\/tianyanneigong.com\/wp-content\/uploads\/2023\/06\/l500-9.png\" class=\"attachment-large size-large\" alt=\"\" srcset=\"https:\/\/tianyanneigong.com\/wp-content\/uploads\/2023\/06\/l500-9.png 281w, https:\/\/tianyanneigong.com\/wp-content\/uploads\/2023\/06\/l500-9-169x300.png 169w\" sizes=\"auto, (max-width: 281px) 100vw, 281px\" \/>\t\t\t\t\t\t\n\t\t\t\t\t<\/div>\n\t\t\t\t\t\t\t\t\n<style>\n#image_1109265738 {\n  width: 66%;\n}\n@media (min-width:550px) {\n  #image_1109265738 {\n    width: 50%;\n  }\n}\n@media (min-width:850px) {\n  #image_1109265738 {\n    width: 49%;\n  }\n}\n<\/style>\n\t<\/div>\n\t\n\t\t<\/div>\n\t\t\t\t\t<\/div>\n\n\t\n<\/div>\n<div class=\"row row-large align-middle\" style=\"max-width:1300px\" id=\"row-946403449\">\n\n\t<div id=\"col-1419778157\" class=\"col medium-6 small-12 large-6\"  >\n\t\t\t\t<div class=\"col-inner text-center\"  >\n\t\t\t\n\t\t\t\n\t<div class=\"img has-hover x md-x lg-x y md-y lg-y\" id=\"image_593682222\">\n\t\t\t\t\t\t\t\t<div class=\"img-inner dark\" >\n\t\t\t<img loading=\"lazy\" decoding=\"async\" width=\"1020\" height=\"583\" src=\"https:\/\/tianyanneigong.com\/wp-content\/uploads\/2023\/06\/flower-1920-1024x585.jpg\" class=\"attachment-large size-large\" alt=\"\" srcset=\"https:\/\/tianyanneigong.com\/wp-content\/uploads\/2023\/06\/flower-1920-1024x585.jpg 1024w, https:\/\/tianyanneigong.com\/wp-content\/uploads\/2023\/06\/flower-1920-300x171.jpg 300w, https:\/\/tianyanneigong.com\/wp-content\/uploads\/2023\/06\/flower-1920-768x439.jpg 768w, https:\/\/tianyanneigong.com\/wp-content\/uploads\/2023\/06\/flower-1920-1536x878.jpg 1536w, https:\/\/tianyanneigong.com\/wp-content\/uploads\/2023\/06\/flower-1920.jpg 1920w\" sizes=\"auto, (max-width: 1020px) 100vw, 1020px\" \/>\t\t\t\t\t\t\n\t\t\t\t\t<\/div>\n\t\t\t\t\t\t\t\t\n<style>\n#image_593682222 {\n  width: 89%;\n}\n@media (min-width:550px) {\n  #image_593682222 {\n    width: 90%;\n  }\n}\n@media (min-width:850px) {\n  #image_593682222 {\n    width: 100%;\n  }\n}\n<\/style>\n\t<\/div>\n\t\n\t\t<\/div>\n\t\t\t\t\t<\/div>\n\n\t\n\n\t<div id=\"col-1139077525\" class=\"col medium-6 small-12 large-6\"  >\n\t\t\t\t<div class=\"col-inner text-center\"  >\n\t\t\t\n\t\t\t\n<span class=\"scroll-to\" data-label=\"Scroll to: #IndividualEnergyHealingWeekend\" data-bullet=\"false\" data-link=\"#IndividualEnergyHealingWeekend\" data-title=\"Individual Energy Healing Weekend\" ><a name=\"IndividualEnergyHealingWeekend\"><\/a><\/span>\n\t<div id=\"text-4173005072\" class=\"text\">\n\t\t\n<h2 style=\"margin-top: 75px;\">Week-end intensif individuel de gu\u00e9rison \u00e9nerg\u00e9tique<br \/>\nUniquement en personne ici \u00e0 Marrakech<\/h2>\n\t\t\n<style>\n#text-4173005072 {\n  font-size: 1rem;\n  text-align: left;\n  color: #37b0b8;\n}\n#text-4173005072 > * {\n  color: #37b0b8;\n}\n<\/style>\n\t<\/div>\n\t\n\t<div id=\"text-160892700\" class=\"text\">\n\t\t\n<p class=\"italica\" style=\"font-size: 19px;\">Ce service est tr\u00e8s sp\u00e9cifique et constitue presque une sorte de service de luxe. Un week-end avec des exercices de Tian Yan Nei Gong\u00ae, un encadrement et diff\u00e9rentes gu\u00e9risons pour le corps et l&rsquo;esprit. Vous aurez \u00e9galement l&rsquo;occasion de vous connecter \u00e0 votre \u00e2me. Vous en ressortirez renforc\u00e9 dans votre corps, votre esprit et votre \u00e2me et avec plus de clart\u00e9 sur votre personne, votre vie et votre but.   <\/p>\n<p class=\"italica\" style=\"font-size: 19px;\">6 heures au total. Deux heures environ chacune le samedi matin, le samedi apr\u00e8s-midi et le dimanche matin. <\/p>\n<p><strong>Prix : Euro 900,&#8211;  <\/strong><\/p>\n<p class=\"italica\" style=\"font-size: 19px;\">Pour r\u00e9server vos s\u00e9ances, veuillez<a href=\"https:\/\/tianyanneigong.com\/fr\/contactez-nous\/\"><u>m&rsquo;envoyer un e-mail<\/u><\/a><\/p>\n\t\t\n<style>\n#text-160892700 {\n  text-align: left;\n  color: #37b0b8;\n}\n#text-160892700 > * {\n  color: #37b0b8;\n}\n<\/style>\n\t<\/div>\n\t\n\t\t<\/div>\n\t\t\t\t\t<\/div>\n\n\t\n<\/div>\n<div class=\"row row-large align-middle\" style=\"max-width:1300px\" id=\"row-1092095201\">\n\n\t<div id=\"col-1130407923\" class=\"col medium-6 small-12 large-6\"  >\n\t\t\t\t<div class=\"col-inner text-center\"  >\n\t\t\t\n\t\t\t\n<span class=\"scroll-to\" data-label=\"Scroll to: #SoulLevelTianYanNeiGong\" data-bullet=\"false\" data-link=\"#SoulLevelTianYanNeiGong\" data-title=\"Soul Level Tian Yan Nei Gong\u00ae\" ><a name=\"SoulLevelTianYanNeiGong\"><\/a><\/span>\n\t<div id=\"text-422413285\" class=\"text\">\n\t\t\n\t<div id=\"gap-2133573088\" class=\"gap-element clearfix\" style=\"display:block; height:auto;\">\n\t\t\n<style>\n#gap-2133573088 {\n  padding-top: 30px;\n}\n<\/style>\n\t<\/div>\n\t\n<h2>Niveau de l&rsquo;\u00e2me Tian Yan Nei Gong\u00ae<br \/>\nGroupes et Individuels<br \/>\nUniquement en personne ici \u00e0 Marrakech<\/h2>\n\t\t\n<style>\n#text-422413285 {\n  font-size: 1rem;\n  text-align: left;\n  color: #37b0b8;\n}\n#text-422413285 > * {\n  color: #37b0b8;\n}\n<\/style>\n\t<\/div>\n\t\n\t<div id=\"text-285489620\" class=\"text\">\n\t\t\n<p class=\"italica\" style=\"font-size: 19px;\">C\u2019est le niveau le plus \u00e9lev\u00e9 du Tian Yan Nei Gong\u00ae. \u00c0 ce niveau, le corps acc\u00e8de \u00e0 son propre pouvoir de gu\u00e9rison inh\u00e9rent pour \u00e9liminer les anciennes \u00e9nergies, que l&rsquo;\u00e2me emporte pour cette vie. Il vous transporte dans le calme profond de votre c\u0153ur. Il s&rsquo;agit d&rsquo;un travail tr\u00e8s profond et je saurai intuitivement si vous \u00eates pr\u00eat(e) pour cela afin de vous garantir le meilleur des r\u00e9sultats.   <\/p>\n<p style=\"font-size: 19px;\">3 sessions, de 2 heures environ chacune. Le samedi matin, le samedi apr\u00e8s-midi et le dimanche matin. <\/p>\n<p><strong>Prix : Euro 900,&#8211; par personne  <\/strong><\/p>\n<p class=\"italica\" style=\"font-size: 19px;\">En savoir plus <a href=\"https:\/\/tianyanneigong.com\/fr\/contactez-nous\/\"><u>veuillez me contacter<\/u><\/a><\/p>\n\t\t\n<style>\n#text-285489620 {\n  text-align: left;\n  color: #37b0b8;\n}\n#text-285489620 > * {\n  color: #37b0b8;\n}\n<\/style>\n\t<\/div>\n\t\n\t\t<\/div>\n\t\t\t\t\t<\/div>\n\n\t\n\n\t<div id=\"col-404369559\" class=\"col medium-6 small-12 large-6 small-col-first\"  >\n\t\t\t\t<div class=\"col-inner text-center\"  >\n\t\t\t\n\t\t\t\n\t<div class=\"img has-hover x md-x lg-x y md-y lg-y\" id=\"image_1121568772\">\n\t\t\t\t\t\t\t\t<div class=\"img-inner dark\" >\n\t\t\t<img loading=\"lazy\" decoding=\"async\" width=\"1020\" height=\"823\" src=\"https:\/\/tianyanneigong.com\/wp-content\/uploads\/2023\/06\/Christel-15-3-1024x826.jpg\" class=\"attachment-large size-large\" alt=\"\" srcset=\"https:\/\/tianyanneigong.com\/wp-content\/uploads\/2023\/06\/Christel-15-3-1024x826.jpg 1024w, https:\/\/tianyanneigong.com\/wp-content\/uploads\/2023\/06\/Christel-15-3-300x242.jpg 300w, https:\/\/tianyanneigong.com\/wp-content\/uploads\/2023\/06\/Christel-15-3-768x620.jpg 768w, https:\/\/tianyanneigong.com\/wp-content\/uploads\/2023\/06\/Christel-15-3-1536x1239.jpg 1536w, https:\/\/tianyanneigong.com\/wp-content\/uploads\/2023\/06\/Christel-15-3.jpg 1600w\" sizes=\"auto, (max-width: 1020px) 100vw, 1020px\" \/>\t\t\t\t\t\t\n\t\t\t\t\t<\/div>\n\t\t\t\t\t\t\t\t\n<style>\n#image_1121568772 {\n  width: 100%;\n}\n@media (min-width:550px) {\n  #image_1121568772 {\n    width: 90%;\n  }\n}\n@media (min-width:850px) {\n  #image_1121568772 {\n    width: 100%;\n  }\n}\n<\/style>\n\t<\/div>\n\t\n\t\t<\/div>\n\t\t\t\t\t<\/div>\n\n\t\n<\/div>\n\t\t<\/div>\n\n\t\t\n<style>\n#section_994555205 {\n  padding-top: 40px;\n  padding-bottom: 40px;\n}\n@media (min-width:850px) {\n  #section_994555205 {\n    padding-top: 75px;\n    padding-bottom: 75px;\n  }\n}\n<\/style>\n\t<\/section>\n\t\n","protected":false},"excerpt":{"rendered":"","protected":false},"author":1,"featured_media":0,"parent":0,"menu_order":0,"comment_status":"closed","ping_status":"closed","template":"page-blank.php","meta":{"footnotes":""},"class_list":["post-2385","page","type-page","status-publish","hentry"],"_links":{"self":[{"href":"https:\/\/tianyanneigong.com\/fr\/wp-json\/wp\/v2\/pages\/2385","targetHints":{"allow":["GET"]}}],"collection":[{"href":"https:\/\/tianyanneigong.com\/fr\/wp-json\/wp\/v2\/pages"}],"about":[{"href":"https:\/\/tianyanneigong.com\/fr\/wp-json\/wp\/v2\/types\/page"}],"author":[{"embeddable":true,"href":"https:\/\/tianyanneigong.com\/fr\/wp-json\/wp\/v2\/users\/1"}],"replies":[{"embeddable":true,"href":"https:\/\/tianyanneigong.com\/fr\/wp-json\/wp\/v2\/comments?post=2385"}],"version-history":[{"count":37,"href":"https:\/\/tianyanneigong.com\/fr\/wp-json\/wp\/v2\/pages\/2385\/revisions"}],"predecessor-version":[{"id":2730,"href":"https:\/\/tianyanneigong.com\/fr\/wp-json\/wp\/v2\/pages\/2385\/revisions\/2730"}],"wp:attachment":[{"href":"https:\/\/tianyanneigong.com\/fr\/wp-json\/wp\/v2\/media?parent=2385"}],"curies":[{"name":"wp","href":"https:\/\/api.w.org\/{rel}","templated":true}]}}