{"id":2393,"date":"2023-06-30T09:40:11","date_gmt":"2023-06-30T09:40:11","guid":{"rendered":"https:\/\/tianyanneigong.com\/philosophie\/"},"modified":"2025-05-08T08:53:24","modified_gmt":"2025-05-08T08:53:24","slug":"philosophie","status":"publish","type":"page","link":"https:\/\/tianyanneigong.com\/fr\/philosophie\/","title":{"rendered":"Philosophie"},"content":{"rendered":"\t<section class=\"section dark\" id=\"section_956642464\">\n\t\t<div class=\"bg section-bg fill bg-fill  \" >\n\n\t\t\t\n\t\t\t<div class=\"section-bg-overlay absolute fill\"><\/div>\n\t\t\t\n\t<div class=\"is-border\"\n\t\tstyle=\"border-color:rgb(55, 176, 184);border-width:2px 2px 2px 2px;margin:10px 10px 10px 10px;\">\n\t<\/div>\n\n\t\t<\/div>\n\n\t\t\n\n\t\t<div class=\"section-content relative\">\n\t\t\t\n<div class=\"row align-bottom align-center\" style=\"max-width:1200px\" id=\"row-914818983\">\n\n\t<div id=\"col-1096319204\" class=\"col medium-9 small-12 large-7\"  >\n\t\t\t\t<div class=\"col-inner text-center\"  >\n\t\t\t\n\t\t\t\n\t<div id=\"gap-1153839331\" class=\"gap-element clearfix\" style=\"display:block; height:auto;\">\n\t\t\n<style>\n#gap-1153839331 {\n  padding-top: 60px;\n}\n<\/style>\n\t<\/div>\n\t\n\t<div id=\"text-817472657\" class=\"text hide-for-small\">\n\t\t\n<h1>Philosophie<\/h1>\n\t\t\n<style>\n#text-817472657 {\n  font-size: 2rem;\n  line-height: 2.95;\n  text-align: center;\n  color: #37b0b8;\n}\n#text-817472657 > * {\n  color: #37b0b8;\n}\n@media (min-width:550px) {\n  #text-817472657 {\n    font-size: 2.5rem;\n  }\n}\n<\/style>\n\t<\/div>\n\t\n\t<div id=\"text-931204230\" class=\"text show-for-small\">\n\t\t\n<h1><span style=\"font-size: 75%;\">Philosophie<\/span><\/h1>\n\t\t\n<style>\n#text-931204230 {\n  font-size: 2rem;\n  text-align: center;\n  color: #37b0b8;\n}\n#text-931204230 > * {\n  color: #37b0b8;\n}\n@media (min-width:550px) {\n  #text-931204230 {\n    font-size: 2.5rem;\n  }\n}\n<\/style>\n\t<\/div>\n\t\n\t<div id=\"gap-1602415970\" class=\"gap-element clearfix\" style=\"display:block; height:auto;\">\n\t\t\n<style>\n#gap-1602415970 {\n  padding-top: 250px;\n}\n<\/style>\n\t<\/div>\n\t\n\t\t<\/div>\n\t\t\t\t\t<\/div>\n\n\t\n<\/div>\n\t<div id=\"gap-1939248217\" class=\"gap-element clearfix\" style=\"display:block; height:auto;\">\n\t\t\n<style>\n#gap-1939248217 {\n  padding-top: 100px;\n}\n@media (min-width:550px) {\n  #gap-1939248217 {\n    padding-top: 131px;\n  }\n}\n@media (min-width:850px) {\n  #gap-1939248217 {\n    padding-top: 161px;\n  }\n}\n<\/style>\n\t<\/div>\n\t\n<div class=\"row row-collapse row-full-width\"  id=\"row-1572622904\">\n<\/div>\n\t\t<\/div>\n\n\t\t\n<style>\n#section_956642464 {\n  padding-top: 0px;\n  padding-bottom: 0px;\n}\n#section_956642464 .section-bg-overlay {\n  background-color: rgba(0, 0, 0, 0.41);\n}\n#section_956642464 .section-bg.bg-loaded {\n  background-image: url(https:\/\/tianyanneigong.com\/wp-content\/uploads\/2023\/09\/drinking-tea-3.jpg);\n}\n#section_956642464 .section-bg {\n  background-position: 53% 97%;\n}\n<\/style>\n\t<\/section>\n\t\n\t<section class=\"section\" id=\"section_1140973527\">\n\t\t<div class=\"bg section-bg fill bg-fill  bg-loaded\" >\n\n\t\t\t\n\t\t\t\n\t\t\t\n\n\t\t<\/div>\n\n\t\t\n\n\t\t<div class=\"section-content relative\">\n\t\t\t\n\t<div id=\"text-459600758\" class=\"text\">\n\t\t\n<p style=\"font-size: 19px; text-align: center;\"><span style=\"font-size: 130%;\"><strong><em>Tout cela est d\u2019un grand soutien dans le cheminement de votre d\u00e9veloppement personnel et spirituel.<\/em><\/strong><\/span><br \/>\n<span style=\"font-size: 130%;\"><strong><em>II fait de vous un \u00eatre humain mature, <\/em><\/strong><\/span><br \/>\n<span style=\"font-size: 130%;\"><strong><em>pr\u00eat \u00e0 assumer les responsabilit\u00e9s envers vous-m\u00eame et votre propre vie.<\/em><\/strong><\/span><\/p>\n\t\t\n<style>\n#text-459600758 {\n  font-size: 2.45rem;\n  text-align: center;\n  color: #37b0b8;\n}\n#text-459600758 > * {\n  color: #37b0b8;\n}\n<\/style>\n\t<\/div>\n\t\n\t<div id=\"gap-1494059642\" class=\"gap-element clearfix\" style=\"display:block; height:auto;\">\n\t\t\n<style>\n#gap-1494059642 {\n  padding-top: 50px;\n}\n<\/style>\n\t<\/div>\n\t\n<div class=\"row row-large align-middle\" style=\"max-width:1300px\" id=\"row-319863991\">\n\n\t<div id=\"col-682939050\" class=\"col medium-12 small-12 large-7\"  >\n\t\t\t\t<div class=\"col-inner\"  >\n\t\t\t\n\t\t\t\n\n  <div class=\"banner has-hover\" id=\"banner-1357422055\">\n          <div class=\"banner-inner fill\">\n        <div class=\"banner-bg fill\" >\n            <div class=\"bg fill bg-fill \"><\/div>\n                                    \n                    <\/div>\n\t\t\n        <div class=\"banner-layers container\">\n            <div class=\"fill banner-link\"><\/div>            \n        <\/div>\n      <\/div>\n\n            \n<style>\n#banner-1357422055 {\n  padding-top: 300px;\n  background-color: rgb(255, 255, 255);\n}\n#banner-1357422055 .bg.bg-loaded {\n  background-image: url(https:\/\/tianyanneigong.com\/wp-content\/uploads\/2023\/06\/village-3942541_1920-1024x683.jpg);\n}\n#banner-1357422055 .bg {\n  background-position: 30% 22%;\n}\n@media (min-width:550px) {\n  #banner-1357422055 {\n    padding-top: 500px;\n  }\n}\n<\/style>\n  <\/div>\n\n\n\t\t<\/div>\n\t\t\t\t\t<\/div>\n\n\t\n\n\t<div id=\"col-827794349\" class=\"col medium-11 small-12 large-5\"  >\n\t\t\t\t<div class=\"col-inner\"  >\n\t\t\t\n\t\t\t\n\t<div id=\"text-654931978\" class=\"text\">\n\t\t\n<p style=\"font-size: 19px;\">Si vous \u00eates en bonne sant\u00e9 physique et mentale, vous \u00eates fondamentalement une personne satisfaite et \u00e9quilibr\u00e9e. Dans la tradition tao\u00efste, \u00eatre une personne \u00e9quilibr\u00e9e et mener une vie ordinaire et saine est d\u00e9j\u00e0 consid\u00e9r\u00e9 comme un accomplissement en soi. <\/p>\n\t\t\n<style>\n#text-654931978 {\n  color: #37b0b8;\n}\n#text-654931978 > * {\n  color: #37b0b8;\n}\n<\/style>\n\t<\/div>\n\t\n\t\t<\/div>\n\t\t\t\t\t<\/div>\n\n\t\n<\/div>\n<div class=\"row row-large align-middle\" style=\"max-width:1300px\" id=\"row-897634687\">\n\n\t<div id=\"col-1153282336\" class=\"col medium-12 small-12 large-7\"  >\n\t\t\t\t<div class=\"col-inner\"  >\n\t\t\t\n\t\t\t\n\t<div id=\"text-2107503760\" class=\"text\">\n\t\t\n<p style=\"font-size: 19px;\">La force mentale et \u00e9motionnelle que vous pouvez d\u00e9velopper par la pratique du <span class=\"TianYan\">Nei Gong<\/span> vous permet de rester plus centr\u00e9, c&rsquo;est-\u00e0-dire \u00e9quilibr\u00e9. Vous vous laissez influencer moins facilement par les autres ou par vos \u00e9motions et pouvez ainsi faire de meilleurs choix dans votre vie. <\/p>\n\t\t\n<style>\n#text-2107503760 {\n  color: #37b0b8;\n}\n#text-2107503760 > * {\n  color: #37b0b8;\n}\n<\/style>\n\t<\/div>\n\t\n\t\t<\/div>\n\t\t\t\t\t<\/div>\n\n\t\n\n\t<div id=\"col-1824972997\" class=\"col medium-11 small-12 large-5 medium-col-first\"  >\n\t\t\t\t<div class=\"col-inner\"  >\n\t\t\t\n\t\t\t\n\n  <div class=\"banner has-hover\" id=\"banner-1803522979\">\n          <div class=\"banner-inner fill\">\n        <div class=\"banner-bg fill\" >\n            <div class=\"bg fill bg-fill \"><\/div>\n                                    \n                    <\/div>\n\t\t\n        <div class=\"banner-layers container\">\n            <div class=\"fill banner-link\"><\/div>            \n        <\/div>\n      <\/div>\n\n            \n<style>\n#banner-1803522979 {\n  padding-top: 300px;\n  background-color: rgb(255, 255, 255);\n}\n#banner-1803522979 .bg.bg-loaded {\n  background-image: url(https:\/\/tianyanneigong.com\/wp-content\/uploads\/2023\/06\/DSC_6802-5-752x1024.jpg);\n}\n#banner-1803522979 .bg {\n  background-position: 48% 48%;\n}\n@media (min-width:550px) {\n  #banner-1803522979 {\n    padding-top: 500px;\n  }\n}\n<\/style>\n  <\/div>\n\n\n\t\t<\/div>\n\t\t\t\t\t<\/div>\n\n\t\n<\/div>\n<div class=\"row row-large align-middle\" style=\"max-width:1300px\" id=\"row-2052987744\">\n\n\t<div id=\"col-1121150712\" class=\"col medium-12 small-12 large-7\"  >\n\t\t\t\t<div class=\"col-inner\"  >\n\t\t\t\n\t\t\t\n\n  <div class=\"banner has-hover\" id=\"banner-1058507214\">\n          <div class=\"banner-inner fill\">\n        <div class=\"banner-bg fill\" >\n            <div class=\"bg fill bg-fill \"><\/div>\n                                    \n                    <\/div>\n\t\t\n        <div class=\"banner-layers container\">\n            <div class=\"fill banner-link\"><\/div>            \n        <\/div>\n      <\/div>\n\n            \n<style>\n#banner-1058507214 {\n  padding-top: 300px;\n  background-color: rgb(255, 255, 255);\n}\n#banner-1058507214 .bg.bg-loaded {\n  background-image: url(https:\/\/tianyanneigong.com\/wp-content\/uploads\/2024\/12\/Lao-Tse-02.jpg);\n}\n#banner-1058507214 .bg {\n  background-position: 30% 22%;\n}\n@media (min-width:550px) {\n  #banner-1058507214 {\n    padding-top: 500px;\n  }\n}\n<\/style>\n  <\/div>\n\n\n\t\t<\/div>\n\t\t\t\t\t<\/div>\n\n\t\n\n\t<div id=\"col-1495903246\" class=\"col medium-11 small-12 large-5\"  >\n\t\t\t\t<div class=\"col-inner\"  >\n\t\t\t\n\t\t\t\n\t<div id=\"text-1344623446\" class=\"text\">\n\t\t\n<p style=\"font-size: 19px;\"><span class=\"TianYan\">Le Nei Gong<\/span> vous aide \u00e0 comprendre et \u00e0 int\u00e9grer les enseignements des anciens sages chinois, par exemple l&rsquo;art du \u00ab\u00a0l\u00e2cher prise\u00a0\u00bb et du \u00ab\u00a0non-faire\u00a0\u00bb, ainsi que le \u00ab\u00a0I Ching &#8211; Le livre des changements\u00a0\u00bb et le \u00ab\u00a0Tao Teh Ching\u00a0\u00bb.<\/p>\n\t\t\n<style>\n#text-1344623446 {\n  color: #37b0b8;\n}\n#text-1344623446 > * {\n  color: #37b0b8;\n}\n<\/style>\n\t<\/div>\n\t\n\t\t<\/div>\n\t\t\t\t\t<\/div>\n\n\t\n\n\t<div id=\"col-813759808\" class=\"col small-12 large-12\"  >\n\t\t\t\t<div class=\"col-inner\"  >\n\t\t\t\n\t\t\t\n\t\t<\/div>\n\t\t\t\t\t<\/div>\n\n\t\n<\/div>\n\t\t<\/div>\n\n\t\t\n<style>\n#section_1140973527 {\n  padding-top: 40px;\n  padding-bottom: 40px;\n}\n@media (min-width:850px) {\n  #section_1140973527 {\n    padding-top: 75px;\n    padding-bottom: 75px;\n  }\n}\n<\/style>\n\t<\/section>\n\t\n","protected":false},"excerpt":{"rendered":"","protected":false},"author":1,"featured_media":0,"parent":0,"menu_order":0,"comment_status":"closed","ping_status":"closed","template":"page-blank.php","meta":{"footnotes":""},"class_list":["post-2393","page","type-page","status-publish","hentry"],"_links":{"self":[{"href":"https:\/\/tianyanneigong.com\/fr\/wp-json\/wp\/v2\/pages\/2393","targetHints":{"allow":["GET"]}}],"collection":[{"href":"https:\/\/tianyanneigong.com\/fr\/wp-json\/wp\/v2\/pages"}],"about":[{"href":"https:\/\/tianyanneigong.com\/fr\/wp-json\/wp\/v2\/types\/page"}],"author":[{"embeddable":true,"href":"https:\/\/tianyanneigong.com\/fr\/wp-json\/wp\/v2\/users\/1"}],"replies":[{"embeddable":true,"href":"https:\/\/tianyanneigong.com\/fr\/wp-json\/wp\/v2\/comments?post=2393"}],"version-history":[{"count":7,"href":"https:\/\/tianyanneigong.com\/fr\/wp-json\/wp\/v2\/pages\/2393\/revisions"}],"predecessor-version":[{"id":2595,"href":"https:\/\/tianyanneigong.com\/fr\/wp-json\/wp\/v2\/pages\/2393\/revisions\/2595"}],"wp:attachment":[{"href":"https:\/\/tianyanneigong.com\/fr\/wp-json\/wp\/v2\/media?parent=2393"}],"curies":[{"name":"wp","href":"https:\/\/api.w.org\/{rel}","templated":true}]}}