{"id":2397,"date":"2023-06-30T15:29:03","date_gmt":"2023-06-30T15:29:03","guid":{"rendered":"https:\/\/tianyanneigong.com\/politique-de-confidentialite\/"},"modified":"2025-05-08T09:05:19","modified_gmt":"2025-05-08T09:05:19","slug":"politique-de-confidentialite","status":"publish","type":"page","link":"https:\/\/tianyanneigong.com\/fr\/politique-de-confidentialite\/","title":{"rendered":"Politique de confidentialit\u00e9"},"content":{"rendered":"\t<section class=\"section dark\" id=\"section_1863006687\">\n\t\t<div class=\"bg section-bg fill bg-fill  \" >\n\n\t\t\t\n\t\t\t<div class=\"section-bg-overlay absolute fill\"><\/div>\n\t\t\t\n\t<div class=\"is-border\"\n\t\tstyle=\"border-color:rgb(55, 176, 184);border-width:2px 2px 2px 2px;margin:10px 10px 10px 10px;\">\n\t<\/div>\n\n\t\t<\/div>\n\n\t\t\n\n\t\t<div class=\"section-content relative\">\n\t\t\t\n<div class=\"row align-bottom align-center\" style=\"max-width:1200px\" id=\"row-961270633\">\n\n\t<div id=\"col-1738664165\" class=\"col medium-9 small-12 large-7\"  >\n\t\t\t\t<div class=\"col-inner text-center\"  >\n\t\t\t\n\t\t\t\n\t<div id=\"text-3792517679\" class=\"text hide-for-small\">\n\t\t\n<h2>POLITIQUE DE CONFIDENTIALIT\u00c9<\/h2>\n\t\t\n<style>\n#text-3792517679 {\n  font-size: 2rem;\n  text-align: center;\n  color: #37b0b8;\n}\n#text-3792517679 > * {\n  color: #37b0b8;\n}\n@media (min-width:550px) {\n  #text-3792517679 {\n    font-size: 2.5rem;\n  }\n}\n<\/style>\n\t<\/div>\n\t\n\t<div id=\"text-1554710919\" class=\"text show-for-small\">\n\t\t\n<h2><span style=\"font-size: 75%;\">POLITIQUE DE CONFIDENTIALIT\u00c9<\/span><\/h2>\n\t\t\n<style>\n#text-1554710919 {\n  font-size: 2rem;\n  text-align: center;\n  color: #37b0b8;\n}\n#text-1554710919 > * {\n  color: #37b0b8;\n}\n@media (min-width:550px) {\n  #text-1554710919 {\n    font-size: 2.5rem;\n  }\n}\n<\/style>\n\t<\/div>\n\t\n\t\t<\/div>\n\t\t\t\t\n<style>\n#col-1738664165 > .col-inner {\n  padding: 250px 0px 0px 0px;\n}\n<\/style>\n\t<\/div>\n\n\t\n<\/div>\n\t\t<\/div>\n\n\t\t\n<style>\n#section_1863006687 {\n  padding-top: 0px;\n  padding-bottom: 0px;\n  min-height: 635px;\n}\n#section_1863006687 .section-bg-overlay {\n  background-color: rgba(0, 0, 0, 0.41);\n}\n#section_1863006687 .section-bg.bg-loaded {\n  background-image: url(https:\/\/tianyanneigong.com\/wp-content\/uploads\/2023\/09\/Tea-roses-1.jpg);\n}\n#section_1863006687 .section-bg {\n  background-position: 51% 61%;\n}\n<\/style>\n\t<\/section>\n\t\n\t<section class=\"section\" id=\"section_1401742739\">\n\t\t<div class=\"bg section-bg fill bg-fill  bg-loaded\" >\n\n\t\t\t\n\t\t\t\n\t\t\t\n\n\t\t<\/div>\n\n\t\t\n\n\t\t<div class=\"section-content relative\">\n\t\t\t\n<div class=\"row row-large align-middle\" style=\"max-width:1300px\" id=\"row-59350960\">\n\n\t<div id=\"col-99404945\" class=\"col medium-11 small-12 large-12\"  >\n\t\t\t\t<div class=\"col-inner\"  >\n\t\t\t\n\t\t\t\n\t<div id=\"text-1803488041\" class=\"text\">\n\t\t\n<h2 style=\"text-align: center;\"><strong><span style=\"font-size: 28px;\"><i>Nous respectons votre vie priv\u00e9e<\/i><\/span><\/strong><\/h2>\n\t\t\n<style>\n#text-1803488041 {\n  font-size: 1.75rem;\n}\n<\/style>\n\t<\/div>\n\t\n<p>Nous nous engageons \u00e0 pr\u00e9server l&rsquo;exactitude, la confidentialit\u00e9 et la s\u00e9curit\u00e9 de vos donn\u00e9es personnelles identifiables (\u00ab\u00a0donn\u00e9es personnelles\u00a0\u00bb). Dans le cadre de cet engagement, notre politique de confidentialit\u00e9 r\u00e9git nos actions en ce qui concerne la collecte, l&rsquo;utilisation et la divulgation des donn\u00e9es personnelles. Notre politique de confidentialit\u00e9 repose sur les valeurs \u00e9tablies par le Code type sur la protection des renseignements personnels de l&rsquo;Association canadienne de normalisation et par la Loi sur la protection des renseignements personnels et les documents \u00e9lectroniques du Canada.  <\/p>\n<p>1. Introduction<\/p>\n<p>Nous nous engageons \u00e0 conserver et \u00e0 prot\u00e9ger les donn\u00e9es personnelles dont nous disposons. Nous avons d\u00e9sign\u00e9 une ou plusieurs personnes qui sont responsables du respect de notre politique en mati\u00e8re de protection de la vie priv\u00e9e. <\/p>\n<p>2. Identification des objectifs<\/p>\n<p>Nous collectons, utilisons et divulguons des donn\u00e9es personnelles pour vous fournir le produit ou le service que vous avez demand\u00e9 et pour vous proposer d&rsquo;autres produits et services susceptibles de vous int\u00e9resser. Les raisons pour lesquelles nous collectons des donn\u00e9es personnelles seront d\u00e9finies avant ou au moment de la collecte des informations. Dans certaines circonstances, les objectifs pour lesquels les donn\u00e9es sont collect\u00e9es peuvent \u00eatre clairs et le consentement peut \u00eatre implicite, par exemple lorsque votre nom, votre adresse et vos donn\u00e9es de paiement sont fournis dans le cadre du processus de commande.  <\/p>\n<p>3. Consentement<\/p>\n<p>La collecte, l&rsquo;utilisation et la divulgation de donn\u00e9es personnelles sont subordonn\u00e9es \u00e0 la connaissance et au consentement de l&rsquo;int\u00e9ress\u00e9, sauf dans les cas o\u00f9 la loi l&rsquo;exige ou le permet. Vous avez toujours le choix de nous fournir vos informations personnelles. Toutefois, votre d\u00e9cision de ne pas fournir certaines donn\u00e9es peut limiter notre capacit\u00e9 \u00e0 vous fournir nos produits ou services. Nous ne vous demanderons pas de nous autoriser \u00e0 collecter, utiliser ou divulguer des donn\u00e9es comme condition \u00e0 la fourniture d&rsquo;un produit ou d&rsquo;un service, sauf si cela s&rsquo;av\u00e8re n\u00e9cessaire pour pouvoir fournir le produit ou le service en question.   <\/p>\n<p>4. Limitation de la collecte<\/p>\n<p>Les donn\u00e9es personnelles collect\u00e9es se limiteront aux d\u00e9tails n\u00e9cessaires pour atteindre les objectifs que nous avons identifi\u00e9s. Avec votre consentement, nous pouvons recueillir des donn\u00e9es personnelles aupr\u00e8s de vous personnellement, par t\u00e9l\u00e9phone ou en communiquant avec vous par courrier, par t\u00e9l\u00e9copie ou par Internet. <\/p>\n<p>5. Limitation de l&rsquo;utilisation, de la divulgation et de la conservation<\/p>\n<p>Les donn\u00e9es personnelles ne peuvent \u00eatre utilis\u00e9es ou divulgu\u00e9es qu&rsquo;aux seules fins pour lesquelles elles ont \u00e9t\u00e9 collect\u00e9es, \u00e0 moins que vous n&rsquo;ayez donn\u00e9 votre accord contraire ou que la loi ne l&rsquo;exige ou ne l&rsquo;autorise. Les donn\u00e9es personnelles ne seront conserv\u00e9es que pendant la p\u00e9riode n\u00e9cessaire \u00e0 la r\u00e9alisation de l&rsquo;objectif pour lequel elles ont \u00e9t\u00e9 collect\u00e9es ou lorsque la loi l&rsquo;exige. [Le cas \u00e9ch\u00e9ant, veuillez inclure une description des parties avec lesquelles vous pouvez partager des donn\u00e9es personnelles].  <\/p>\n<p>6. Exactitude<\/p>\n<p>Les donn\u00e9es personnelles seront conserv\u00e9es sous une forme aussi exacte, compl\u00e8te et actualis\u00e9e sur la base de ce qui est n\u00e9cessaire pour atteindre les objectifs vis\u00e9s par l&rsquo;utilisation de ces donn\u00e9es.<\/p>\n<p>7. Protection des donn\u00e9es personnelles des clients<\/p>\n<p>Les donn\u00e9es personnelles seront prot\u00e9g\u00e9es au moyen de mesures de s\u00e9curit\u00e9 appropri\u00e9es \u00e0 leur degr\u00e9 de sensibilit\u00e9. Nous prenons toutes les pr\u00e9cautions n\u00e9cessaires pour prot\u00e9ger vos donn\u00e9es personnelles contre la perte, l&rsquo;utilisation, l&rsquo;acc\u00e8s ou la divulgation non autoris\u00e9s. <\/p>\n<p>8. Accessibilit\u00e9<\/p>\n<p>Nous mettrons \u00e0 votre disposition des informations sur nos politiques et nos pratiques en mati\u00e8re de gestion de vos donn\u00e9es personnelles.<\/p>\n<p>9. Acc\u00e8s client<\/p>\n<p>D\u00e8s que vous le demandez, nous vous informons de l&rsquo;existence, de l&rsquo;utilisation et de la divulgation de vos donn\u00e9es personnelles, et nous vous en donnons l&rsquo;acc\u00e8s. Vous avez la possibilit\u00e9 de v\u00e9rifier l&rsquo;exactitude et l&rsquo;exhaustivit\u00e9 de vos donn\u00e9es personnelles et de demander \u00e0 ce qu&rsquo;elles soient modifi\u00e9es, le cas \u00e9ch\u00e9ant. Toutefois, dans certains cas autoris\u00e9s par la loi, nous ne vous divulguerons pas certaines donn\u00e9es. Par exemple, nous ne pouvons pas divulguer des informations vous concernant si d&rsquo;autres personnes sont mentionn\u00e9es ou s&rsquo;il existe des restrictions l\u00e9gales, de s\u00e9curit\u00e9 ou de propri\u00e9t\u00e9 commerciale.   <\/p>\n<p>10.<\/p>\n<p>Traitement des plaintes et des suggestions des clients<\/p>\n<p>Les questions ou demandes concernant notre politique de confidentialit\u00e9 ou nos pratiques peuvent \u00eatre envoy\u00e9es \u00e0 l&rsquo;adresse suivante :<\/p>\n<p>Contact :<\/p>\n<p>Christel Wilk <a href=\"mailto:enquiry@tianyanneigong.com\">enquiry@tianyanneigong.com<\/a><\/p>\n<p><strong><u>Informations compl\u00e9mentaires<\/u><\/strong><\/p>\n<p>Cookies<\/p>\n<p>Par \u00ab\u00a0cookie\u00a0\u00bb, on entend un petit fichier informatique ou un \u00e9l\u00e9ment d&rsquo;information susceptible d&rsquo;\u00eatre stock\u00e9 sur le disque dur de votre ordinateur lorsque vous visitez nos sites web. Ces cookies peuvent \u00eatre utilis\u00e9s pour am\u00e9liorer la fonctionnalit\u00e9 de notre site web et, dans certains cas, pour offrir aux visiteurs une exp\u00e9rience en ligne personnalis\u00e9e. <\/p>\n<p>Les cookies sont largement utilis\u00e9s et la plupart des navigateurs Internet sont configur\u00e9s par d\u00e9faut pour les accepter automatiquement. Vous avez la possibilit\u00e9 de modifier les param\u00e8tres de votre navigateur Internet pour emp\u00eacher votre ordinateur d&rsquo;accepter les cookies ou pour vous avertir lorsque vous recevez un cookie afin que vous puissiez refuser de l&rsquo;accepter. Toutefois, si vous d\u00e9sactivez les cookies, vous risquez de ne pas b\u00e9n\u00e9ficier d&rsquo;une performance optimale de notre site web.  <\/p>\n<p>Autres sites web<\/p>\n<p>Notre site web peut contenir des liens vers des sites de tiers qui ne sont pas r\u00e9gis par la pr\u00e9sente <br \/>politique de confidentialit\u00e9. Dans la mesure du possible, nous n&rsquo;\u00e9tablissons des liens qu&rsquo;avec des<br \/>sites assujettis \u00e0 des normes \u00e9lev\u00e9es de protection de la vie priv\u00e9e, mais il est important de noter <br \/>que notre politique cesse de s&rsquo;appliquer d\u00e8s que vous quittez notre site web. Nous d\u00e9clinons toute responsabilit\u00e9 \u00e0 l&rsquo;\u00e9gard des pratiques en mati\u00e8re de protection des renseignements personnels qui <br \/>touchent les sites tiers. Nous vous recommandons donc d&rsquo;examiner les d\u00e9clarations de <br \/>confidentialit\u00e9 de ces sites pour savoir comment vos donn\u00e9es peuvent \u00eatre collect\u00e9es, utilis\u00e9es, <br \/>partag\u00e9es et divulgu\u00e9es.   <\/p>\n\t\t<\/div>\n\t\t\t\t\t<\/div>\n\n\t\n<\/div>\n\t\t<\/div>\n\n\t\t\n<style>\n#section_1401742739 {\n  padding-top: 40px;\n  padding-bottom: 40px;\n}\n@media (min-width:850px) {\n  #section_1401742739 {\n    padding-top: 75px;\n    padding-bottom: 75px;\n  }\n}\n<\/style>\n\t<\/section>\n\t\n","protected":false},"excerpt":{"rendered":"","protected":false},"author":1,"featured_media":0,"parent":0,"menu_order":0,"comment_status":"closed","ping_status":"closed","template":"page-blank.php","meta":{"footnotes":""},"class_list":["post-2397","page","type-page","status-publish","hentry"],"_links":{"self":[{"href":"https:\/\/tianyanneigong.com\/fr\/wp-json\/wp\/v2\/pages\/2397","targetHints":{"allow":["GET"]}}],"collection":[{"href":"https:\/\/tianyanneigong.com\/fr\/wp-json\/wp\/v2\/pages"}],"about":[{"href":"https:\/\/tianyanneigong.com\/fr\/wp-json\/wp\/v2\/types\/page"}],"author":[{"embeddable":true,"href":"https:\/\/tianyanneigong.com\/fr\/wp-json\/wp\/v2\/users\/1"}],"replies":[{"embeddable":true,"href":"https:\/\/tianyanneigong.com\/fr\/wp-json\/wp\/v2\/comments?post=2397"}],"version-history":[{"count":11,"href":"https:\/\/tianyanneigong.com\/fr\/wp-json\/wp\/v2\/pages\/2397\/revisions"}],"predecessor-version":[{"id":2603,"href":"https:\/\/tianyanneigong.com\/fr\/wp-json\/wp\/v2\/pages\/2397\/revisions\/2603"}],"wp:attachment":[{"href":"https:\/\/tianyanneigong.com\/fr\/wp-json\/wp\/v2\/media?parent=2397"}],"curies":[{"name":"wp","href":"https:\/\/api.w.org\/{rel}","templated":true}]}}