{"id":2401,"date":"2023-06-30T08:58:33","date_gmt":"2023-06-30T08:58:33","guid":{"rendered":"https:\/\/tianyanneigong.com\/profil\/"},"modified":"2025-06-21T12:04:21","modified_gmt":"2025-06-21T12:04:21","slug":"profil","status":"publish","type":"page","link":"https:\/\/tianyanneigong.com\/fr\/profil\/","title":{"rendered":"Profil"},"content":{"rendered":"\t<section class=\"section dark\" id=\"section_1312908302\">\n\t\t<div class=\"bg section-bg fill bg-fill  bg-loaded\" >\n\n\t\t\t\n\t\t\t\n\t\t\t\n\t<div class=\"is-border\"\n\t\tstyle=\"border-color:rgb(55, 176, 184);border-width:2px 2px 2px 2px;margin:10px 10px 10px 10px;\">\n\t<\/div>\n\n\t\t<\/div>\n\n\t\t\n\n\t\t<div class=\"section-content relative\">\n\t\t\t\n\n  <div class=\"banner has-hover\" id=\"banner-390547096\">\n          <div class=\"banner-inner fill\">\n        <div class=\"banner-bg fill\" >\n            <div class=\"bg fill bg-fill \"><\/div>\n                                    \n\t<div class=\"is-border\"\n\t\tstyle=\"border-color:rgb(55, 176, 184);border-width:2px 2px 2px 2px;margin:10px 10px 10px 10px;\">\n\t<\/div>\n                    <\/div>\n\t\t\n        <div class=\"banner-layers container\">\n            <div class=\"fill banner-link\"><\/div>            \n   <div id=\"text-box-736731203\" class=\"text-box banner-layer x10 md-x10 lg-x10 y0 md-y65 lg-y65 res-text\">\n                                <div class=\"text-box-content text dark\">\n              \n              <div class=\"text-inner text-center\">\n                  \n\t<div id=\"text-3410836425\" class=\"text hide-for-small\">\n\t\t\n<h1><span style=\"color: #37b0b8;\"><br \/>MON HISTOIRE<\/span><\/h1>\n\t\t\t<\/div>\n\t\n\t<div id=\"text-407250837\" class=\"text show-for-small\">\n\t\t\n<h1><span style=\"color: #37b0b8; font-size: 75%;\"><br \/>MON HISTOIRE<\/span><\/h1>\n\t\t\t<\/div>\n\t\n              <\/div>\n           <\/div>\n                            \n<style>\n#text-box-736731203 .text-inner {\n  padding: 30px 0px 0px 0px;\n}\n#text-box-736731203 {\n  width: 65%;\n}\n#text-box-736731203 .text-box-content {\n  font-size: 100%;\n}\n@media (min-width:550px) {\n  #text-box-736731203 {\n    width: 60%;\n  }\n}\n<\/style>\n    <\/div>\n \n        <\/div>\n      <\/div>\n\n              <div class=\"height-fix is-invisible\"><img loading=\"lazy\" decoding=\"async\" width=\"1920\" height=\"1149\" src=\"https:\/\/tianyanneigong.com\/wp-content\/uploads\/2024\/12\/Banner-for-My-Story.jpg\" class=\"attachment-original size-original\" alt=\"\" srcset=\"https:\/\/tianyanneigong.com\/wp-content\/uploads\/2024\/12\/Banner-for-My-Story.jpg 1920w, https:\/\/tianyanneigong.com\/wp-content\/uploads\/2024\/12\/Banner-for-My-Story-300x180.jpg 300w, https:\/\/tianyanneigong.com\/wp-content\/uploads\/2024\/12\/Banner-for-My-Story-1024x613.jpg 1024w, https:\/\/tianyanneigong.com\/wp-content\/uploads\/2024\/12\/Banner-for-My-Story-768x460.jpg 768w, https:\/\/tianyanneigong.com\/wp-content\/uploads\/2024\/12\/Banner-for-My-Story-1536x919.jpg 1536w\" sizes=\"auto, (max-width: 1920px) 100vw, 1920px\" \/><\/div>\n            \n<style>\n#banner-390547096 .bg.bg-loaded {\n  background-image: url(https:\/\/tianyanneigong.com\/wp-content\/uploads\/2024\/12\/Banner-for-My-Story.jpg);\n}\n#banner-390547096 .bg {\n  background-position: 50% 100%;\n}\n<\/style>\n  <\/div>\n\n\n\t\t<\/div>\n\n\t\t\n<style>\n#section_1312908302 {\n  padding-top: 0px;\n  padding-bottom: 0px;\n}\n<\/style>\n\t<\/section>\n\t\n\t<section class=\"section\" id=\"section_1210113614\">\n\t\t<div class=\"bg section-bg fill bg-fill  bg-loaded\" >\n\n\t\t\t\n\t\t\t\n\t\t\t\n\n\t\t<\/div>\n\n\t\t\n\n\t\t<div class=\"section-content relative\">\n\t\t\t\n\t<div id=\"text-3452961110\" class=\"text\">\n\t\t\n<p style=\"font-size: 26px; text-align: center;\"><span style=\"font-size: 150%;\"><strong><em>Je suis enseignante, gu\u00e9risseuse et mentor.<\/em><\/strong><\/span><\/p>\n<p>\u00a0<\/p>\n\t\t\n<style>\n#text-3452961110 {\n  color: #37b0b8;\n}\n#text-3452961110 > * {\n  color: #37b0b8;\n}\n<\/style>\n\t<\/div>\n\t\n<div class=\"row row-large align-middle\" style=\"max-width:1300px\" id=\"row-1374973999\">\n\n\t<div id=\"col-695693159\" class=\"col medium-12 small-12 large-6\"  >\n\t\t\t\t<div class=\"col-inner\"  >\n\t\t\t\n\t\t\t\n\t<div id=\"text-1011590074\" class=\"text\">\n\t\t\n<p class=\"parag\">Je suis donc heureuse de vous faire profiter de ma sagesse et de mes connaissances et contribuer \u00e0 votre d\u00e9veloppement personnel afin de tirer le meilleur de vous-m\u00eame.<\/p>\n\t\t\n<style>\n#text-1011590074 {\n  color: #37b0b8;\n}\n#text-1011590074 > * {\n  color: #37b0b8;\n}\n<\/style>\n\t<\/div>\n\t\n\t\t<\/div>\n\t\t\t\t\t<\/div>\n\n\t\n\n\t<div id=\"col-5646217\" class=\"col medium-8 small-12 large-6\"  >\n\t\t\t\t<div class=\"col-inner\"  >\n\t\t\t\n\t\t\t\n\n  <div class=\"banner has-hover\" id=\"banner-2000964721\">\n          <div class=\"banner-inner fill\">\n        <div class=\"banner-bg fill\" >\n            <div class=\"bg fill bg-fill \"><\/div>\n                                    \n                    <\/div>\n\t\t\n        <div class=\"banner-layers container\">\n            <div class=\"fill banner-link\"><\/div>            \n        <\/div>\n      <\/div>\n\n            \n<style>\n#banner-2000964721 {\n  padding-top: 230px;\n  background-color: rgb(255, 255, 255);\n}\n#banner-2000964721 .bg.bg-loaded {\n  background-image: url(https:\/\/tianyanneigong.com\/wp-content\/uploads\/2023\/09\/Christel-05-2-2-3.jpg);\n}\n#banner-2000964721 .bg {\n  background-position: 48% 54%;\n}\n@media (min-width:550px) {\n  #banner-2000964721 {\n    padding-top: 600px;\n  }\n}\n<\/style>\n  <\/div>\n\n\n\t\t<\/div>\n\t\t\t\t\n<style>\n#col-5646217 > .col-inner {\n  padding: 0px 0px 0px 0px;\n  margin: 0px 0px 0px 0px;\n}\n<\/style>\n\t<\/div>\n\n\t\n<\/div>\n<div class=\"row row-large align-middle\" style=\"max-width:1300px\" id=\"row-2059026883\">\n\n\t<div id=\"col-192413375\" class=\"col medium-8 small-12 large-6\"  >\n\t\t\t\t<div class=\"col-inner\"  >\n\t\t\t\n\t\t\t\n\n  <div class=\"banner has-hover\" id=\"banner-679493950\">\n          <div class=\"banner-inner fill\">\n        <div class=\"banner-bg fill\" >\n            <div class=\"bg fill bg-fill \"><\/div>\n                                    \n                    <\/div>\n\t\t\n        <div class=\"banner-layers container\">\n            <div class=\"fill banner-link\"><\/div>            \n        <\/div>\n      <\/div>\n\n            \n<style>\n#banner-679493950 {\n  padding-top: 230px;\n  background-color: rgb(255, 255, 255);\n}\n#banner-679493950 .bg.bg-loaded {\n  background-image: url(https:\/\/tianyanneigong.com\/wp-content\/uploads\/2023\/06\/Profile-Shen-Lao-She-3.jpg);\n}\n#banner-679493950 .bg {\n  background-position: 50% 0%;\n}\n@media (min-width:550px) {\n  #banner-679493950 {\n    padding-top: 380px;\n  }\n}\n<\/style>\n  <\/div>\n\n\n\t\t<\/div>\n\t\t\t\t\n<style>\n#col-192413375 > .col-inner {\n  padding: 0px 0px 0px 0px;\n  margin: 0px 0px 0px 0px;\n}\n<\/style>\n\t<\/div>\n\n\t\n\n\t<div id=\"col-612602458\" class=\"col medium-12 small-12 large-6 small-col-first\"  >\n\t\t\t\t<div class=\"col-inner\"  >\n\t\t\t\n\t\t\t\n\t<div id=\"text-1649283897\" class=\"text\">\n\t\t\n<p>J&rsquo;ai quitt\u00e9 le monde de l&rsquo;entreprise pour enseigner l&rsquo;ancien art tao\u00efste du \u00ab\u00a0travail intern\u00a0\u00bb, plus connu sous le nom de Nei Gong. A partir de 1989, feu Shen Yun Yu, \u00e0 Ta\u00efwan, Ma\u00eetre et cr\u00e9ateur du style Tian Yan Nei Gong\u00ae, m\u2019a ensign\u00e9 ce style.<br \/>\n\t\t\n<style>\n#text-1649283897 {\n  color: #37b0b8;\n}\n#text-1649283897 > * {\n  color: #37b0b8;\n}\n<\/style>\n\t<\/div>\n\t\n\t\t<\/div>\n\t\t\t\t\n<style>\n#col-612602458 > .col-inner {\n  padding: 30px 0px 0px 0px;\n}\n<\/style>\n\t<\/div>\n\n\t\n<\/div>\n<div class=\"row\" style=\"max-width:1300px\" id=\"row-222035274\">\n\n\t<div id=\"col-26061522\" class=\"col small-12 large-12\"  >\n\t\t\t\t<div class=\"col-inner text-left\"  >\n\t\t\t\n\t\t\t\n\t<div id=\"text-2993284558\" class=\"text\">\n\t\t\n<p>\u00a0<\/p>\n<p class=\"parag\"><em><strong>En tant que ma\u00eetresse enseignante<\/strong><\/em>, mon exp\u00e9rience est vaste, je connais non seulement l\u2019\u00e9tendue de son pouvoir de gu\u00e9rison, mais j\u2019enseigne \u00e9galement le <span class=\"TianYan\">Tian Yan Nei Gong\u00ae<\/span> au niveau de la personnalit\u00e9 et de l\u2019\u00e2me.<\/p>\n<p class=\"parag\">Mon objectif dans la vie est de divulguer ces pratiques uniques et puissantes, afin de faire profiter au plus grand nombre de leurs bienfaits consid\u00e9rables.<\/p>\n<p class=\"parag\">Je suis \u00e9galement <em><strong>la fondatrice et la directrice<\/strong><\/em> de l&rsquo;ancien <span class=\"TianYan\">Tian Yan Nei Gong <\/span>Centre\u00ae \u00e0 Hong Kong.<\/p>\n<p class=\"parag\">En 2010, j&rsquo;ai emm\u00e9nag\u00e9 au Maroc, o\u00f9 je continue \u00e0 diriger des ateliers, des cours, des retraites, des s\u00e9ances de gu\u00e9rison ainsi que des formations d&rsquo;enseignants, tant au niveau local qu&rsquo;international.<\/p>\n\t\t\n<style>\n#text-2993284558 {\n  text-align: left;\n  color: #37b0b8;\n}\n#text-2993284558 > * {\n  color: #37b0b8;\n}\n<\/style>\n\t<\/div>\n\t\n<div class=\"row\" style=\"max-width:1300px\" id=\"row-2089380674\">\n\n\t<div id=\"col-1403918391\" class=\"col medium-8 small-12 large-8\"  >\n\t\t\t\t<div class=\"col-inner\"  >\n\t\t\t\n\t\t\t\n\t<div id=\"text-265174858\" class=\"text\">\n\t\t\n<p class=\"parag\"><em><strong>En tant que gu\u00e9risseuse et ma\u00eetresse de l\u2019\u00e9nergie<\/strong><\/em> <br \/>j\u2019ai la capacit\u00e9 de canaliser diff\u00e9rentes \u00e9nergies, de les \u00e9quilibrer et de les harmoniser en vous afin de r\u00e9duire vos douleurs physiques, \u00e9motionnelles et mentales. Je travaille avec les \u00e9nergies du Yin et du Yang, du Kwan Yin (le bodhisattva, ou d\u00e9esse de la compassion et de la mis\u00e9ricorde) et aussi les \u00e9nergies du Divin Masculin et du Divine Feminine. <\/p>\n<p class=\"parag\"><em><strong>En tant que mentor<\/strong> <\/em>je suis un \u00ab\u00a0ouvreur de chemin\u00a0\u00bb et un \u00ab\u00a0porteur de flambeau\u00a0\u00bb. J&rsquo;ai la capacit\u00e9 de voir ce qui est n\u00e9cessaire pour vous aider \u00e0 aller de l&rsquo;avant. J&rsquo;ouvre les portes et vous indique le chemin \u00e0 suivre, quand r\u00e8gne en vous la confusion. J\u2019illumine les zones obscures de votre vie, vous aidant \u00e0 gagner en clart\u00e9 et \u00e0 mieux discerner.   <\/p>\n\t\t\n<style>\n#text-265174858 {\n  text-align: left;\n  color: #37b0b8;\n}\n#text-265174858 > * {\n  color: #37b0b8;\n}\n<\/style>\n\t<\/div>\n\t\n\t\t<\/div>\n\t\t\t\t\n<style>\n#col-1403918391 > .col-inner {\n  padding: 70px 0px 0px 0px;\n}\n<\/style>\n\t<\/div>\n\n\t\n\n\t<div id=\"col-1330666977\" class=\"col medium-4 small-12 large-4 small-col-first\"  >\n\t\t\t\t<div class=\"col-inner\"  >\n\t\t\t\n\t\t\t\n\t<div class=\"img has-hover x md-x lg-x y md-y lg-y\" id=\"image_1994432488\">\n\t\t\t\t\t\t\t\t<div class=\"img-inner dark\" style=\"margin:50px 0px 0px 0px;\">\n\t\t\t<img loading=\"lazy\" decoding=\"async\" width=\"281\" height=\"500\" src=\"https:\/\/tianyanneigong.com\/wp-content\/uploads\/2023\/09\/l500.png\" class=\"attachment-large size-large\" alt=\"\" srcset=\"https:\/\/tianyanneigong.com\/wp-content\/uploads\/2023\/09\/l500.png 281w, https:\/\/tianyanneigong.com\/wp-content\/uploads\/2023\/09\/l500-169x300.png 169w\" sizes=\"auto, (max-width: 281px) 100vw, 281px\" \/>\t\t\t\t\t\t\n\t\t\t\t\t<\/div>\n\t\t\t\t\t\t\t\t\n<style>\n#image_1994432488 {\n  width: 70%;\n}\n@media (min-width:550px) {\n  #image_1994432488 {\n    width: 100%;\n  }\n}\n@media (min-width:850px) {\n  #image_1994432488 {\n    width: 65%;\n  }\n}\n<\/style>\n\t<\/div>\n\t\n\t\t<\/div>\n\t\t\t\t\n<style>\n#col-1330666977 > .col-inner {\n  margin: 0px 0px 0px 50px;\n}\n<\/style>\n\t<\/div>\n\n\t\n<\/div>\n\t\t<\/div>\n\t\t\t\t\t<\/div>\n\n\t\n<\/div>\n\t\t<\/div>\n\n\t\t\n<style>\n#section_1210113614 {\n  padding-top: 40px;\n  padding-bottom: 40px;\n}\n@media (min-width:850px) {\n  #section_1210113614 {\n    padding-top: 75px;\n    padding-bottom: 75px;\n  }\n}\n<\/style>\n\t<\/section>\n\t\n","protected":false},"excerpt":{"rendered":"","protected":false},"author":1,"featured_media":0,"parent":0,"menu_order":0,"comment_status":"closed","ping_status":"closed","template":"page-blank.php","meta":{"footnotes":""},"class_list":["post-2401","page","type-page","status-publish","hentry"],"_links":{"self":[{"href":"https:\/\/tianyanneigong.com\/fr\/wp-json\/wp\/v2\/pages\/2401","targetHints":{"allow":["GET"]}}],"collection":[{"href":"https:\/\/tianyanneigong.com\/fr\/wp-json\/wp\/v2\/pages"}],"about":[{"href":"https:\/\/tianyanneigong.com\/fr\/wp-json\/wp\/v2\/types\/page"}],"author":[{"embeddable":true,"href":"https:\/\/tianyanneigong.com\/fr\/wp-json\/wp\/v2\/users\/1"}],"replies":[{"embeddable":true,"href":"https:\/\/tianyanneigong.com\/fr\/wp-json\/wp\/v2\/comments?post=2401"}],"version-history":[{"count":17,"href":"https:\/\/tianyanneigong.com\/fr\/wp-json\/wp\/v2\/pages\/2401\/revisions"}],"predecessor-version":[{"id":2733,"href":"https:\/\/tianyanneigong.com\/fr\/wp-json\/wp\/v2\/pages\/2401\/revisions\/2733"}],"wp:attachment":[{"href":"https:\/\/tianyanneigong.com\/fr\/wp-json\/wp\/v2\/media?parent=2401"}],"curies":[{"name":"wp","href":"https:\/\/api.w.org\/{rel}","templated":true}]}}