{"id":2405,"date":"2023-06-27T05:53:49","date_gmt":"2023-06-27T05:53:49","guid":{"rendered":"https:\/\/tianyanneigong.com\/formation-des-enseignants\/"},"modified":"2025-05-26T09:58:18","modified_gmt":"2025-05-26T09:58:18","slug":"formation-des-enseignants","status":"publish","type":"page","link":"https:\/\/tianyanneigong.com\/fr\/formation-des-enseignants\/","title":{"rendered":"Formation Des Professeurs"},"content":{"rendered":"\t<section class=\"section dark\" id=\"section_1115689729\">\n\t\t<div class=\"bg section-bg fill bg-fill  \" >\n\n\t\t\t\n\t\t\t\n\t\t\t\n\t<div class=\"is-border\"\n\t\tstyle=\"border-color:rgb(55, 176, 184);border-width:2px 2px 2px 2px;margin:10px 10px 10px 10px;\">\n\t<\/div>\n\n\t\t<\/div>\n\n\t\t\n\n\t\t<div class=\"section-content relative\">\n\t\t\t\n\t<div id=\"gap-395916734\" class=\"gap-element clearfix\" style=\"display:block; height:auto;\">\n\t\t\n<style>\n#gap-395916734 {\n  padding-top: 500px;\n}\n<\/style>\n\t<\/div>\n\t\n<div class=\"row align-bottom align-center\" style=\"max-width:1200px\" id=\"row-1855436773\">\n\n\t<div id=\"col-1868992154\" class=\"col medium-9 small-12 large-7\"  >\n\t\t\t\t<div class=\"col-inner text-center\"  >\n\t\t\t\n\t\t\t\n\t<div id=\"text-4079462954\" class=\"text hide-for-small\">\n\t\t\n<h1>Formation Des Professeurs<\/h1>\n\t\t\n<style>\n#text-4079462954 {\n  font-size: 2rem;\n  text-align: center;\n  color: #37b0b8;\n}\n#text-4079462954 > * {\n  color: #37b0b8;\n}\n@media (min-width:550px) {\n  #text-4079462954 {\n    font-size: 2.5rem;\n  }\n}\n<\/style>\n\t<\/div>\n\t\n\t<div id=\"text-3332016045\" class=\"text show-for-small\">\n\t\t\n<h1><span style=\"font-size: 75%;\">Formation Des Professeurs<\/span><\/h1>\n\t\t\n<style>\n#text-3332016045 {\n  font-size: 2rem;\n  text-align: center;\n  color: #37b0b8;\n}\n#text-3332016045 > * {\n  color: #37b0b8;\n}\n@media (min-width:550px) {\n  #text-3332016045 {\n    font-size: 2.5rem;\n  }\n}\n<\/style>\n\t<\/div>\n\t\n\t<div id=\"gap-866024876\" class=\"gap-element clearfix\" style=\"display:block; height:auto;\">\n\t\t\n<style>\n#gap-866024876 {\n  padding-top: 100px;\n}\n<\/style>\n\t<\/div>\n\t\n\t<div id=\"gap-325854190\" class=\"gap-element clearfix\" style=\"display:block; height:auto;\">\n\t\t\n<style>\n#gap-325854190 {\n  padding-top: 60px;\n}\n<\/style>\n\t<\/div>\n\t\n\t\t<\/div>\n\t\t\t\t\t<\/div>\n\n\t\n<\/div>\n\t\t<\/div>\n\n\t\t\n<style>\n#section_1115689729 {\n  padding-top: 0px;\n  padding-bottom: 0px;\n}\n#section_1115689729 .section-bg.bg-loaded {\n  background-image: url(https:\/\/tianyanneigong.com\/wp-content\/uploads\/2024\/09\/Tian_Classes_Banner-scaled-e1726568892119.jpg);\n}\n#section_1115689729 .section-bg {\n  background-position: 57% 77%;\n}\n<\/style>\n\t<\/section>\n\t\n\t<section class=\"section\" id=\"section_159684237\">\n\t\t<div class=\"bg section-bg fill bg-fill  bg-loaded\" >\n\n\t\t\t\n\t\t\t\n\t\t\t\n\n\t\t<\/div>\n\n\t\t\n\n\t\t<div class=\"section-content relative\">\n\t\t\t\n\t<div id=\"text-1055408902\" class=\"text\">\n\t\t\n<p><span style=\"font-size: 150%;\"><em><b>Rendez ce monde meilleur en devenant<br \/>\nun Professeur certifi\u00e9 de Tian Yan Nei Gong\u00ae.<\/b><\/em><\/span><br \/>\n\t\t\n<style>\n#text-1055408902 {\n  line-height: 1.6;\n  text-align: center;\n  color: #37b0b8;\n}\n#text-1055408902 > * {\n  color: #37b0b8;\n}\n<\/style>\n\t<\/div>\n\t\n\t<div id=\"gap-1828231702\" class=\"gap-element clearfix\" style=\"display:block; height:auto;\">\n\t\t\n<style>\n#gap-1828231702 {\n  padding-top: 50px;\n}\n<\/style>\n\t<\/div>\n\t\n<div class=\"row row-large align-middle\" style=\"max-width:1300px\" id=\"row-218490123\">\n\n\t<div id=\"col-938984424\" class=\"col medium-12 small-12 large-6\"  >\n\t\t\t\t<div class=\"col-inner\"  >\n\t\t\t\n\t\t\t\n\n  <div class=\"banner has-hover\" id=\"banner-1997821969\">\n          <div class=\"banner-inner fill\">\n        <div class=\"banner-bg fill\" >\n            <div class=\"bg fill bg-fill \"><\/div>\n                                    \n                    <\/div>\n\t\t\n        <div class=\"banner-layers container\">\n            <div class=\"fill banner-link\"><\/div>            \n        <\/div>\n      <\/div>\n\n            \n<style>\n#banner-1997821969 {\n  padding-top: 300px;\n  background-color: rgb(255, 255, 255);\n}\n#banner-1997821969 .bg.bg-loaded {\n  background-image: url(https:\/\/tianyanneigong.com\/wp-content\/uploads\/2023\/06\/DSC2701-2-1024x995.jpg);\n}\n#banner-1997821969 .bg {\n  background-position: 78% 29%;\n}\n@media (min-width:550px) {\n  #banner-1997821969 {\n    padding-top: 500px;\n  }\n}\n<\/style>\n  <\/div>\n\n\n\t\t<\/div>\n\t\t\t\t\t<\/div>\n\n\t\n\n\t<div id=\"col-1546409914\" class=\"col medium-11 small-12 large-6\"  >\n\t\t\t\t<div class=\"col-inner\"  >\n\t\t\t\n\t\t\t\n\t<div id=\"text-1870539709\" class=\"text\">\n\t\t\n<p style=\"font-size: 19px;\">Ce n&rsquo;est pas seulement un voyage tr\u00e8s enrichissant en soi, mais en enseignant les exercices de Nei Gong, vous transmettez un outil qui enrichit et am\u00e9liore la vie des autres. Et ce, \u00e0 de nombreux niveaux. C\u2019est une exp\u00e9rience \u00e0 la fois tr\u00e8s satisfaisante et agr\u00e9able qui ajoute \u00e9galement une nouvelle dimension \u00e0 votre vie.<\/p>\n\t\t\n<style>\n#text-1870539709 {\n  color: #37b0b8;\n}\n#text-1870539709 > * {\n  color: #37b0b8;\n}\n<\/style>\n\t<\/div>\n\t\n\t\t<\/div>\n\t\t\t\t\t<\/div>\n\n\t\n<\/div>\n<div class=\"row row-large align-middle\" style=\"max-width:1300px\" id=\"row-1374225908\">\n\n\t<div id=\"col-633516370\" class=\"col medium-11 small-12 large-6\"  >\n\t\t\t\t<div class=\"col-inner\"  >\n\t\t\t\n\t\t\t\n\t<div id=\"text-378725835\" class=\"text\">\n\t\t\n<p style=\"font-size: 19px;\">Pour \u00eatre un bon \u00e9l\u00e8ve, il faut s&rsquo;engager et faire preuve de pers\u00e9v\u00e9rance. Il est essentiel de s&rsquo;entra\u00eener quotidiennement pendant 1 \u00e0 2 heures afin de suivre un entra\u00eenement intensif et stimulant. La transmission de l&rsquo;enseignement proprement dit ne peut se faire qu&rsquo;avec beaucoup d\u2019exp\u00e9rience et \u00e0 condition d\u2019une pratique r\u00e9guli\u00e8re.<\/p>\n\t\t\n<style>\n#text-378725835 {\n  color: #37b0b8;\n}\n#text-378725835 > * {\n  color: #37b0b8;\n}\n<\/style>\n\t<\/div>\n\t\n\t\t<\/div>\n\t\t\t\t\t<\/div>\n\n\t\n\n\t<div id=\"col-1549456151\" class=\"col medium-12 small-12 large-6 medium-col-first\"  >\n\t\t\t\t<div class=\"col-inner\"  >\n\t\t\t\n\t\t\t\n\t<div class=\"img has-hover x md-x lg-x y md-y lg-y\" id=\"image_531551369\">\n\t\t\t\t\t\t\t\t<div class=\"img-inner dark\" >\n\t\t\t<img loading=\"lazy\" decoding=\"async\" width=\"2560\" height=\"1920\" src=\"https:\/\/tianyanneigong.com\/wp-content\/uploads\/2024\/05\/NO-10-Middle-Image-for-Teacher-Training-1-scaled.jpg\" class=\"attachment-original size-original\" alt=\"\" srcset=\"https:\/\/tianyanneigong.com\/wp-content\/uploads\/2024\/05\/NO-10-Middle-Image-for-Teacher-Training-1-scaled.jpg 2560w, https:\/\/tianyanneigong.com\/wp-content\/uploads\/2024\/05\/NO-10-Middle-Image-for-Teacher-Training-1-300x225.jpg 300w, https:\/\/tianyanneigong.com\/wp-content\/uploads\/2024\/05\/NO-10-Middle-Image-for-Teacher-Training-1-1024x768.jpg 1024w, https:\/\/tianyanneigong.com\/wp-content\/uploads\/2024\/05\/NO-10-Middle-Image-for-Teacher-Training-1-768x576.jpg 768w, https:\/\/tianyanneigong.com\/wp-content\/uploads\/2024\/05\/NO-10-Middle-Image-for-Teacher-Training-1-1536x1152.jpg 1536w, https:\/\/tianyanneigong.com\/wp-content\/uploads\/2024\/05\/NO-10-Middle-Image-for-Teacher-Training-1-2048x1536.jpg 2048w\" sizes=\"auto, (max-width: 2560px) 100vw, 2560px\" \/>\t\t\t\t\t\t\n\t\t\t\t\t<\/div>\n\t\t\t\t\t\t\t\t\n<style>\n#image_531551369 {\n  width: 100%;\n}\n<\/style>\n\t<\/div>\n\t\n\t\t<\/div>\n\t\t\t\t\t<\/div>\n\n\t\n<\/div>\n\t\t<\/div>\n\n\t\t\n<style>\n#section_159684237 {\n  padding-top: 40px;\n  padding-bottom: 40px;\n  background-color: rgb(255, 255, 255);\n}\n@media (min-width:850px) {\n  #section_159684237 {\n    padding-top: 75px;\n    padding-bottom: 75px;\n  }\n}\n<\/style>\n\t<\/section>\n\t\n\t<section class=\"section\" id=\"section_525661686\">\n\t\t<div class=\"bg section-bg fill bg-fill  bg-loaded\" >\n\n\t\t\t\n\t\t\t\n\t\t\t\n\n\t\t<\/div>\n\n\t\t\n\n\t\t<div class=\"section-content relative\">\n\t\t\t\n\t<div id=\"gap-1807476417\" class=\"gap-element clearfix\" style=\"display:block; height:auto;\">\n\t\t\n<style>\n#gap-1807476417 {\n  padding-top: 10px;\n}\n<\/style>\n\t<\/div>\n\t\n<div class=\"row align-middle\"  id=\"row-311646629\">\n\n\t<div id=\"col-209438943\" class=\"col medium-12 small-12 large-12\"  >\n\t\t\t\t<div class=\"col-inner\"  >\n\t\t\t\n\t\t\t\n\t<div id=\"text-1931772539\" class=\"text\">\n\t\t\n<h2 style=\"font-size: 340%;\">Je propose des cours de certification de diff\u00e9rents niveaux d&rsquo;enseignement<\/h2>\n\t\t\n<style>\n#text-1931772539 {\n  font-size: 0.75rem;\n  text-align: center;\n  color: #37b0b8;\n}\n#text-1931772539 > * {\n  color: #37b0b8;\n}\n<\/style>\n\t<\/div>\n\t\n\n  <div class=\"banner has-hover\" id=\"banner-1259697462\">\n          <div class=\"banner-inner fill\">\n        <div class=\"banner-bg fill\" >\n            <div class=\"bg fill bg-fill \"><\/div>\n                                    \n                    <\/div>\n\t\t\n        <div class=\"banner-layers container\">\n            <div class=\"fill banner-link\"><\/div>            \n   <div id=\"text-box-178478537\" class=\"text-box banner-layer x50 md-x50 lg-x50 y50 md-y50 lg-y50 res-text\">\n                                <div class=\"text-box-content text dark\">\n              \n              <div class=\"text-inner text-center\">\n                  \n              <\/div>\n           <\/div>\n                            \n<style>\n#text-box-178478537 {\n  width: 60%;\n}\n#text-box-178478537 .text-box-content {\n  font-size: 100%;\n}\n<\/style>\n    <\/div>\n \n        <\/div>\n      <\/div>\n\n              <div class=\"height-fix is-invisible\"><img loading=\"lazy\" decoding=\"async\" width=\"1920\" height=\"1440\" src=\"https:\/\/tianyanneigong.com\/wp-content\/uploads\/2024\/12\/teacher-training-certification.jpg\" class=\"attachment-original size-original\" alt=\"\" srcset=\"https:\/\/tianyanneigong.com\/wp-content\/uploads\/2024\/12\/teacher-training-certification.jpg 1920w, https:\/\/tianyanneigong.com\/wp-content\/uploads\/2024\/12\/teacher-training-certification-300x225.jpg 300w, https:\/\/tianyanneigong.com\/wp-content\/uploads\/2024\/12\/teacher-training-certification-1024x768.jpg 1024w, https:\/\/tianyanneigong.com\/wp-content\/uploads\/2024\/12\/teacher-training-certification-768x576.jpg 768w, https:\/\/tianyanneigong.com\/wp-content\/uploads\/2024\/12\/teacher-training-certification-1536x1152.jpg 1536w\" sizes=\"auto, (max-width: 1920px) 100vw, 1920px\" \/><\/div>\n            \n<style>\n#banner-1259697462 .bg.bg-loaded {\n  background-image: url(https:\/\/tianyanneigong.com\/wp-content\/uploads\/2024\/12\/teacher-training-certification.jpg);\n}\n#banner-1259697462 .bg {\n  background-position: 0% 25%;\n}\n<\/style>\n  <\/div>\n\n\n\t<div id=\"text-1930989546\" class=\"text hidden\">\n\t\t\n<p>Rendez ce monde meilleur en devenant un Professeur certifi\u00e9 de Tian Yan Nei Gong\u00ae.<br \/>\nCe n&rsquo;est pas seulement un voyage tr\u00e8s enrichissant en soi, mais en enseignant les exercices de Nei Gong, vous transmettez un outil qui enrichit et am\u00e9liore la vie des autres. Et ce, \u00e0 de nombreux niveaux. C\u2019est une exp\u00e9rience \u00e0 la fois tr\u00e8s satisfaisante et agr\u00e9able qui ajoute \u00e9galement une nouvelle dimension \u00e0 votre vie.<br \/>\n\t\t\t<\/div>\n\t\n\t\t<\/div>\n\t\t\t\t\n<style>\n#col-209438943 > .col-inner {\n  padding: 0px 0px 0px 0px;\n}\n@media (min-width:550px) {\n  #col-209438943 > .col-inner {\n    padding: 0px 0px 0px 0px;\n  }\n}\n@media (min-width:850px) {\n  #col-209438943 > .col-inner {\n    padding: 0px 150px 0px 150px;\n  }\n}\n<\/style>\n\t<\/div>\n\n\t\n<\/div>\n<div class=\"row row-large align-middle\" style=\"max-width:1300px\" id=\"row-1667852956\">\n\n\t<div id=\"col-229646085\" class=\"col medium-11 small-12 large-6\"  >\n\t\t\t\t<div class=\"col-inner\"  >\n\t\t\t\n\t\t\t\n\t<div id=\"text-513447439\" class=\"text\">\n\t\t\n<h3><strong><u>Niveau 1<\/u><\/strong><\/h3>\n<p style=\"font-size: 19px;\">Cours pr\u00e9paratoire d&rsquo;un an<br \/>\nCours de formation d&rsquo;un an<br \/>\nIl s&rsquo;agit du niveau de base de la comp\u00e9tence des enseignants. Pendant ce cours, vous apprendrez les alignements corporels de base et la forme de base 8 des exercices de Nei Gong et comment les enseigner en toute confiance.<\/p>\n<h3><strong><u>Niveau 2<\/u><\/strong><\/h3>\n<p style=\"font-size: 19px;\">Cours pr\u00e9paratoire d&rsquo;un an<br \/>\nCours de formation d&rsquo;un an<br \/>\nVous devez avoir obtenu le certificat de niveau 1 avant de pouvoir vous inscrire \u00e0 la formation pour le niveau 2. Vous allez maintenant apprendre la forme de base de 8 exercices de Nei Gong plus avanc\u00e9s et plus complexes.<\/p>\n<p style=\"font-size: 19px;\">Si vous avez r\u00e9ussi l\u2019examen \u00e0 l\u2019issue de chacun de ces niveaux, vous obtenez le certificat vous permettant d&rsquo;enseigner aux d\u00e9butants.<\/p>\n<h3><strong><u>Niveau 3<\/u><\/strong><\/h3>\n<p style=\"font-size: 19px;\">Apr\u00e8s plusieurs ann\u00e9es d&rsquo;exp\u00e9rience en tant qu\u2019enseignant(e) et avoir particip\u00e9 \u00e0 des cours de formation r\u00e9guliers, les \u00e9l\u00e8ves aptes ont la possibilit\u00e9 de s&rsquo;impliquer dans la pr\u00e9paration de la formation d&rsquo;enseignant.<\/p>\n\t\t\n<style>\n#text-513447439 {\n  color: #37b0b8;\n}\n#text-513447439 > * {\n  color: #37b0b8;\n}\n<\/style>\n\t<\/div>\n\t\n\t\t<\/div>\n\t\t\t\t\t<\/div>\n\n\t\n\n\t<div id=\"col-1474453792\" class=\"col medium-12 small-12 large-6\"  >\n\t\t\t\t<div class=\"col-inner\"  >\n\t\t\t\n\t\t\t\n\n  <div class=\"banner has-hover\" id=\"banner-1833081205\">\n          <div class=\"banner-inner fill\">\n        <div class=\"banner-bg fill\" >\n            <div class=\"bg fill bg-fill \"><\/div>\n                                    \n                    <\/div>\n\t\t\n        <div class=\"banner-layers container\">\n            <div class=\"fill banner-link\"><\/div>            \n        <\/div>\n      <\/div>\n\n            \n<style>\n#banner-1833081205 {\n  padding-top: 600px;\n}\n#banner-1833081205 .bg.bg-loaded {\n  background-image: url(https:\/\/tianyanneigong.com\/wp-content\/uploads\/2023\/06\/DSC3127-1.jpg);\n}\n<\/style>\n  <\/div>\n\n\n\t\t<\/div>\n\t\t\t\t\t<\/div>\n\n\t\n<\/div>\n\t\t<\/div>\n\n\t\t\n<style>\n#section_525661686 {\n  padding-top: 40px;\n  padding-bottom: 40px;\n  background-color: rgb(255, 255, 255);\n}\n@media (min-width:850px) {\n  #section_525661686 {\n    padding-top: 5px;\n    padding-bottom: 5px;\n  }\n}\n<\/style>\n\t<\/section>\n\t\n","protected":false},"excerpt":{"rendered":"","protected":false},"author":1,"featured_media":0,"parent":0,"menu_order":0,"comment_status":"closed","ping_status":"closed","template":"page-blank.php","meta":{"footnotes":""},"class_list":["post-2405","page","type-page","status-publish","hentry"],"_links":{"self":[{"href":"https:\/\/tianyanneigong.com\/fr\/wp-json\/wp\/v2\/pages\/2405","targetHints":{"allow":["GET"]}}],"collection":[{"href":"https:\/\/tianyanneigong.com\/fr\/wp-json\/wp\/v2\/pages"}],"about":[{"href":"https:\/\/tianyanneigong.com\/fr\/wp-json\/wp\/v2\/types\/page"}],"author":[{"embeddable":true,"href":"https:\/\/tianyanneigong.com\/fr\/wp-json\/wp\/v2\/users\/1"}],"replies":[{"embeddable":true,"href":"https:\/\/tianyanneigong.com\/fr\/wp-json\/wp\/v2\/comments?post=2405"}],"version-history":[{"count":24,"href":"https:\/\/tianyanneigong.com\/fr\/wp-json\/wp\/v2\/pages\/2405\/revisions"}],"predecessor-version":[{"id":2697,"href":"https:\/\/tianyanneigong.com\/fr\/wp-json\/wp\/v2\/pages\/2405\/revisions\/2697"}],"wp:attachment":[{"href":"https:\/\/tianyanneigong.com\/fr\/wp-json\/wp\/v2\/media?parent=2405"}],"curies":[{"name":"wp","href":"https:\/\/api.w.org\/{rel}","templated":true}]}}