{"id":2427,"date":"2023-06-27T07:15:46","date_gmt":"2023-06-27T07:15:46","guid":{"rendered":"https:\/\/tianyanneigong.com\/profil-des-enseignants\/"},"modified":"2025-05-28T13:54:48","modified_gmt":"2025-05-28T13:54:48","slug":"profil-des-enseignants","status":"publish","type":"page","link":"https:\/\/tianyanneigong.com\/fr\/profil-des-enseignants\/","title":{"rendered":"Profils des Professeurs"},"content":{"rendered":"\t<section class=\"section dark\" id=\"section_1585734737\">\n\t\t<div class=\"bg section-bg fill bg-fill  \" >\n\n\t\t\t\n\t\t\t\n\t\t\t\n\t<div class=\"is-border\"\n\t\tstyle=\"border-color:rgb(55, 176, 185);border-width:2px 2px 2px 2px;margin:10px 10px 10px 10px;\">\n\t<\/div>\n\n\t\t<\/div>\n\n\t\t\n\n\t\t<div class=\"section-content relative\">\n\t\t\t\n<div class=\"row align-bottom align-center\" style=\"max-width:1200px\" id=\"row-640460965\">\n\n\t<div id=\"col-1355468199\" class=\"col medium-9 small-12 large-7\"  >\n\t\t\t\t<div class=\"col-inner text-center\"  >\n\t\t\t\n\t\t\t\n\t<div id=\"text-1043451742\" class=\"text hide-for-small\">\n\t\t\n<h1>Profils des Professeurs<\/h1>\n<\/p>\n\t\t\n<style>\n#text-1043451742 {\n  font-size: 2rem;\n  text-align: center;\n  color: #37b0b8;\n}\n#text-1043451742 > * {\n  color: #37b0b8;\n}\n@media (min-width:550px) {\n  #text-1043451742 {\n    font-size: 2.5rem;\n  }\n}\n<\/style>\n\t<\/div>\n\t\n\t<div id=\"text-3753220267\" class=\"text show-for-small\">\n\t\t\n<h1><span style=\"font-size: 75%;\">Profils des Professeurs<\/span><\/h1>\n\t\t\n<style>\n#text-3753220267 {\n  font-size: 2rem;\n  text-align: center;\n  color: #37b0b8;\n}\n#text-3753220267 > * {\n  color: #37b0b8;\n}\n@media (min-width:550px) {\n  #text-3753220267 {\n    font-size: 2.5rem;\n  }\n}\n<\/style>\n\t<\/div>\n\t\n\t<div id=\"gap-1640490450\" class=\"gap-element clearfix\" style=\"display:block; height:auto;\">\n\t\t\n<style>\n#gap-1640490450 {\n  padding-top: 100px;\n}\n@media (min-width:550px) {\n  #gap-1640490450 {\n    padding-top: 150px;\n  }\n}\n@media (min-width:850px) {\n  #gap-1640490450 {\n    padding-top: 290px;\n  }\n}\n<\/style>\n\t<\/div>\n\t\n\t\t<\/div>\n\t\t\t\t\t<\/div>\n\n\t\n<\/div>\n\t<div id=\"gap-1262032777\" class=\"gap-element clearfix\" style=\"display:block; height:auto;\">\n\t\t\n<style>\n#gap-1262032777 {\n  padding-top: 100px;\n}\n@media (min-width:550px) {\n  #gap-1262032777 {\n    padding-top: 131px;\n  }\n}\n@media (min-width:850px) {\n  #gap-1262032777 {\n    padding-top: 161px;\n  }\n}\n<\/style>\n\t<\/div>\n\t\n\t\t<\/div>\n\n\t\t\n<style>\n#section_1585734737 {\n  padding-top: 0px;\n  padding-bottom: 0px;\n  min-height: 700px;\n}\n#section_1585734737 .section-bg.bg-loaded {\n  background-image: url(https:\/\/tianyanneigong.com\/wp-content\/uploads\/2024\/05\/NO-2-Banner-Teachers-Profile_DSC3195-1-scaled-e1715015007790.jpg);\n}\n<\/style>\n\t<\/section>\n\t\n\t<section class=\"section\" id=\"section_1696762881\">\n\t\t<div class=\"bg section-bg fill bg-fill  bg-loaded\" >\n\n\t\t\t\n\t\t\t\n\t\t\t\n\n\t\t<\/div>\n\n\t\t\n\n\t\t<div class=\"section-content relative\">\n\t\t\t\n\t<div id=\"gap-789743496\" class=\"gap-element clearfix\" style=\"display:block; height:auto;\">\n\t\t\n<style>\n#gap-789743496 {\n  padding-top: 50px;\n}\n<\/style>\n\t<\/div>\n\t\n<div class=\"row row-large align-middle\" style=\"max-width:1300px\" id=\"row-380920240\">\n\n\t<div id=\"col-989401879\" class=\"col medium-12 small-12 large-6 medium-col-first\"  >\n\t\t\t\t<div class=\"col-inner\"  >\n\t\t\t\n\t\t\t\n\n  <div class=\"banner has-hover\" id=\"banner-21046148\">\n          <div class=\"banner-inner fill\">\n        <div class=\"banner-bg fill\" >\n            <div class=\"bg fill bg-fill \"><\/div>\n                                    \n                    <\/div>\n\t\t\n        <div class=\"banner-layers container\">\n            <div class=\"fill banner-link\"><\/div>            \n        <\/div>\n      <\/div>\n\n            \n<style>\n#banner-21046148 {\n  padding-top: 300px;\n  background-color: rgb(255, 255, 255);\n}\n#banner-21046148 .bg.bg-loaded {\n  background-image: url(https:\/\/tianyanneigong.com\/wp-content\/uploads\/2023\/06\/DSC2701-2-1-1024x995.jpg);\n}\n#banner-21046148 .bg {\n  background-position: 52% 34%;\n}\n@media (min-width:550px) {\n  #banner-21046148 {\n    padding-top: 500px;\n  }\n}\n<\/style>\n  <\/div>\n\n\n\t\t<\/div>\n\t\t\t\t\t<\/div>\n\n\t\n\n\t<div id=\"col-40693618\" class=\"col medium-12 small-12 large-6\"  >\n\t\t\t\t<div class=\"col-inner\"  >\n\t\t\t\n\t\t\t\n\t<div id=\"text-4086920279\" class=\"text\">\n\t\t\n<h2>Andrea Munro<\/h2>\n\t\t\n<style>\n#text-4086920279 {\n  font-size: 1.75rem;\n  color: #37b0b8;\n}\n#text-4086920279 > * {\n  color: #37b0b8;\n}\n<\/style>\n\t<\/div>\n\t\n\t<div id=\"text-579465047\" class=\"text\">\n\t\t\n<table width=\"480\">\n<tbody>\n<tr>\n<td width=\"1\"> <\/td>\n<td width=\"479\">\n<p style=\"font-size: 19px;color:rgb(55, 176, 184);\">Andrea est une kin\u00e9sith\u00e9rapeute qualifi\u00e9e disposant de plusieurs ann\u00e9es d&rsquo;exp\u00e9rience professionnelle en milieu hospitalier. Elle travaille \u00e9galement avec la r\u00e9flexologie plantaire. Pendant un s\u00e9jour de trois ans \u00e0 Hong Kong, elle a d\u00e9couvert le Tian Yan Nei Gong\u00ae dont elle appr\u00e9cie beaucoup les bienfaits.  <\/p>\n<p style=\"font-size: 19px;color:rgb(55, 176, 184);\">Elle a commenc\u00e9 la formation des professeurs avec la Ma\u00eetre enseignante Christel Wilk en 2003 puis obtenu en 2005 le certificat de professeur de Tian Yan Nei Gong\u00ae. Deux fois par an, elle suit des sessions de formation et d\u2019apprentissage aupr\u00e8s de Madame Christel Wilk. <\/p>\n<p style=\"font-size: 19px;color:rgb(55, 176, 184);\">Andrea enseigne le Tian Yan Nei Gong\u00ae dans son cabinet \u00e0 domicile \u00e0 Hausen-Steindorf ainsi qu&rsquo;au Raum 443 \u00e0 Landsberg am Lech, en Allemagne. <\/p>\n<p style=\"font-size: 19px;color:rgb(55, 176, 184);\">Site web : <a href=\"http:\/\/www.innersole.de\">www.innersole.de<\/a><\/p>\n<p style=\"font-size: 19px;color:rgb(55, 176, 184);\">Courriel : <a href=\"mailto:andrea.munro@web.de\">andrea.munro@web.de<\/a><\/p>\n<\/td>\n<\/tr>\n<\/tbody>\n<\/table>\n\t\t\n<style>\n#text-579465047 {\n  color: #37b0b8;\n}\n#text-579465047 > * {\n  color: #37b0b8;\n}\n<\/style>\n\t<\/div>\n\t\n\t\t<\/div>\n\t\t\t\t\t<\/div>\n\n\t\n<\/div>\n<div class=\"row row-large align-middle\" style=\"max-width:1300px\" id=\"row-1569758925\">\n\n\t<div id=\"col-472248631\" class=\"col medium-12 small-12 large-6\"  >\n\t\t\t\t<div class=\"col-inner\"  >\n\t\t\t\n\t\t\t\n\t<div id=\"text-1301148044\" class=\"text\">\n\t\t\n<h2>Isabel Steiger-Luethi<\/h2>\n\t\t\n<style>\n#text-1301148044 {\n  font-size: 1.75rem;\n  color: #37b0b8;\n}\n#text-1301148044 > * {\n  color: #37b0b8;\n}\n<\/style>\n\t<\/div>\n\t\n\t<div id=\"text-981569605\" class=\"text\">\n\t\t\n<p style=\"font-size: 19px;\">Isabel a commenc\u00e9 sa carri\u00e8re professionnelle dans le secteur bancaire apr\u00e8s un apprentissage d\u2019employ\u00e9e de commerce en Suisse.<br \/>Lors d&rsquo;un atelier de Tian Yan Nei Gong\u00ae \u00e0 B\u00e2le, elle fait ses premiers pas avec les techniques fascinantes et inspirantes de cette ancienne m\u00e9thode de mouvements corporels.<br \/>Pour mieux comprendre les bienfaits du Tian Yan Nei Gong\u00ae, Isabel d\u00e9cide de se consacrer davantage \u00e0 son apprentissage.<br \/>En 2016, elle commence sa formation avec la Ma\u00eetre-enseignante Christel Wilk puis obtenu son certificat de Professeur de Tian Yan Nei Gong\u00ae en 2020.<br \/>Depuis lors, elle pratique le Tian Yan Nei Gong\u00ae et commence \u00e0 transmettre ses connaissances aux personnes int\u00e9ress\u00e9es.<br \/>Elle collabore \u00e9troitement avec Madame Christel Wilk et assiste deux fois par an \u00e0 ses cours.<\/p>\n<p style=\"font-size: 19px;\">Coordonn\u00e9es :<br \/>Isabel Steiger Luethi<br \/>Rapperswill, Suisse<br \/>E-Mail : isabelsteiger@bluewin.ch<br \/>T\u00e9l : +41 79 549 98 15<\/p>\n\t\t\n<style>\n#text-981569605 {\n  color: #37b0b8;\n}\n#text-981569605 > * {\n  color: #37b0b8;\n}\n<\/style>\n\t<\/div>\n\t\n\t\t<\/div>\n\t\t\t\t\n<style>\n#col-472248631 > .col-inner {\n  padding: 0px 0px 0px 0px;\n  margin: 0px 0px 0px 0px;\n}\n@media (min-width:550px) {\n  #col-472248631 > .col-inner {\n    padding: 0px 0px 0px 0px;\n    margin: 0px 0px 0px 0px;\n  }\n}\n@media (min-width:850px) {\n  #col-472248631 > .col-inner {\n    padding: 50px 0px 0px 0px;\n    margin: 30px 0px 0px 0px;\n  }\n}\n<\/style>\n\t<\/div>\n\n\t\n\n\t<div id=\"col-1610356261\" class=\"col medium-12 small-12 large-6 medium-col-first\"  >\n\t\t\t\t<div class=\"col-inner\"  >\n\t\t\t\n\t\t\t\n\n  <div class=\"banner has-hover\" id=\"banner-236452601\">\n          <div class=\"banner-inner fill\">\n        <div class=\"banner-bg fill\" >\n            <div class=\"bg fill bg-fill \"><\/div>\n                                    \n                    <\/div>\n\t\t\n        <div class=\"banner-layers container\">\n            <div class=\"fill banner-link\"><\/div>            \n        <\/div>\n      <\/div>\n\n            \n<style>\n#banner-236452601 {\n  padding-top: 300px;\n  background-color: rgb(255, 255, 255);\n}\n#banner-236452601 .bg.bg-loaded {\n  background-image: url(https:\/\/tianyanneigong.com\/wp-content\/uploads\/2023\/06\/ISABEL-2-PHOTO-2021-02-10-13-49-54.jpg);\n}\n#banner-236452601 .bg {\n  background-position: 54% 48%;\n}\n@media (min-width:550px) {\n  #banner-236452601 {\n    padding-top: 505px;\n  }\n}\n<\/style>\n  <\/div>\n\n\n\t\t<\/div>\n\t\t\t\t\n<style>\n#col-1610356261 > .col-inner {\n  padding: 0px 0px 0px 0px;\n  margin: 0px 0px 0px 0px;\n}\n@media (min-width:550px) {\n  #col-1610356261 > .col-inner {\n    margin: 0px 0px 0px 0px;\n  }\n}\n@media (min-width:850px) {\n  #col-1610356261 > .col-inner {\n    margin: -180px 0px 0px 0px;\n  }\n}\n<\/style>\n\t<\/div>\n\n\t\n<\/div>\n<div class=\"row\"  id=\"row-968916033\">\n\n\t<div id=\"col-1850695538\" class=\"col small-12 large-12\"  >\n\t\t\t\t<div class=\"col-inner\"  >\n\t\t\t\n\t\t\t\n\t<div id=\"text-4141698734\" class=\"text\">\n\t\t\n<h2>Certificats r\u00e9voqu\u00e9s<\/h2>\n\t\t\n<style>\n#text-4141698734 {\n  font-size: 1.75rem;\n  text-align: center;\n}\n<\/style>\n\t<\/div>\n\t\n\t<div id=\"text-3498718455\" class=\"text\">\n\t\t\n<p><span style=\"font-weight: 400;\">Ces \u00e9tudiants ne font plus partie de l&rsquo;organisation Tian Yan Nei Gong\u00ae et de son groupe des professeurs. <\/span><br \/><span style=\"font-weight: 400;\">Je leur souhaite le meilleur succ\u00e8s dans tous ce qu\u2019ils choisissent d&rsquo;enseigner et de faire.<\/span><\/p>\n\t\t\n<style>\n#text-3498718455 {\n  text-align: center;\n}\n<\/style>\n\t<\/div>\n\t\n\t\t<\/div>\n\t\t\t\t\n<style>\n#col-1850695538 > .col-inner {\n  padding: 20px 0px 0px 0px;\n}\n<\/style>\n\t<\/div>\n\n\t\n<\/div>\n<div class=\"row\" style=\"max-width:850px\" id=\"row-1045097439\">\n\n\t<div id=\"col-1641996562\" class=\"col medium-6 small-12 large-6\"  >\n\t\t\t\t<div class=\"col-inner\"  >\n\t\t\t\n\t\t\t\n<p><strong>Val\u00e9rie Rousseau, France<\/strong><\/p>\n<p><strong>Gabi Eldem, Allemagne<\/strong><\/p>\n<p><strong>Dirk Zschocke, Allemagne<\/strong><\/p>\n<p><strong>Karen Argyle, Hong Kong<\/strong><\/p>\n<p><strong>Doris Bear, Hong Kong<\/strong><\/p>\n<p><strong>Heather Hendry, Royaume-Uni<\/strong><\/p>\n\t\t<\/div>\n\t\t\t\t\t<\/div>\n\n\t\n\n\t<div id=\"col-691320286\" class=\"col medium-6 small-12 large-6\"  >\n\t\t\t\t<div class=\"col-inner\"  >\n\t\t\t\n\t\t\t\n<p><strong>Depuis Mars 2014<\/strong><\/p>\n<p><strong>Depuis Avril 2016<\/strong><\/p>\n<p><strong>Depuis Mai 2011<\/strong><\/p>\n<p><strong>Depuis Octobre 2019<\/strong><\/p>\n<p><strong>Depuis Septembre 2020<\/strong><\/p>\n<p><strong>Depuis Ao\u00fbt 2016<\/strong><\/p>\n\t\t<\/div>\n\t\t\t\t\t<\/div>\n\n\t\n\n<style>\n#row-1045097439 > .col > .col-inner {\n  padding: 0px 0px 0px 50px;\n}\n@media (min-width:550px) {\n  #row-1045097439 > .col > .col-inner {\n    padding: 0px 0px 0px 100px;\n  }\n}\n@media (min-width:850px) {\n  #row-1045097439 > .col > .col-inner {\n    padding: 0px 0px 0px 120px;\n  }\n}\n<\/style>\n<\/div>\n\t\t<\/div>\n\n\t\t\n<style>\n#section_1696762881 {\n  padding-top: 40px;\n  padding-bottom: 40px;\n  background-color: rgb(255, 255, 255);\n}\n@media (min-width:850px) {\n  #section_1696762881 {\n    padding-top: 75px;\n    padding-bottom: 75px;\n  }\n}\n<\/style>\n\t<\/section>\n\t\n","protected":false},"excerpt":{"rendered":"","protected":false},"author":1,"featured_media":0,"parent":0,"menu_order":0,"comment_status":"closed","ping_status":"closed","template":"page-blank.php","meta":{"footnotes":""},"class_list":["post-2427","page","type-page","status-publish","hentry"],"_links":{"self":[{"href":"https:\/\/tianyanneigong.com\/fr\/wp-json\/wp\/v2\/pages\/2427","targetHints":{"allow":["GET"]}}],"collection":[{"href":"https:\/\/tianyanneigong.com\/fr\/wp-json\/wp\/v2\/pages"}],"about":[{"href":"https:\/\/tianyanneigong.com\/fr\/wp-json\/wp\/v2\/types\/page"}],"author":[{"embeddable":true,"href":"https:\/\/tianyanneigong.com\/fr\/wp-json\/wp\/v2\/users\/1"}],"replies":[{"embeddable":true,"href":"https:\/\/tianyanneigong.com\/fr\/wp-json\/wp\/v2\/comments?post=2427"}],"version-history":[{"count":32,"href":"https:\/\/tianyanneigong.com\/fr\/wp-json\/wp\/v2\/pages\/2427\/revisions"}],"predecessor-version":[{"id":2713,"href":"https:\/\/tianyanneigong.com\/fr\/wp-json\/wp\/v2\/pages\/2427\/revisions\/2713"}],"wp:attachment":[{"href":"https:\/\/tianyanneigong.com\/fr\/wp-json\/wp\/v2\/media?parent=2427"}],"curies":[{"name":"wp","href":"https:\/\/api.w.org\/{rel}","templated":true}]}}