{"id":2443,"date":"2023-06-30T15:31:31","date_gmt":"2023-06-30T15:31:31","guid":{"rendered":"https:\/\/tianyanneigong.com\/conditions-generales-dutilisation\/"},"modified":"2025-04-21T14:13:12","modified_gmt":"2025-04-21T14:13:12","slug":"conditions-generales-dutilisation","status":"publish","type":"page","link":"https:\/\/tianyanneigong.com\/fr\/conditions-generales-dutilisation\/","title":{"rendered":"Conditions g\u00e9n\u00e9rales d&rsquo;utilisation"},"content":{"rendered":"\t<section class=\"section dark\" id=\"section_490239760\">\n\t\t<div class=\"bg section-bg fill bg-fill  \" >\n\n\t\t\t\n\t\t\t<div class=\"section-bg-overlay absolute fill\"><\/div>\n\t\t\t\n\n\t\t<\/div>\n\n\t\t\n\n\t\t<div class=\"section-content relative\">\n\t\t\t\n<div class=\"row align-bottom align-center\" style=\"max-width:1200px\" id=\"row-618102269\">\n\n\t<div id=\"col-1225661528\" class=\"col medium-9 small-12 large-7\"  >\n\t\t\t\t<div class=\"col-inner text-center\"  >\n\t\t\t\n\t\t\t\n\t<div id=\"gap-506977084\" class=\"gap-element clearfix\" style=\"display:block; height:auto;\">\n\t\t\n<style>\n#gap-506977084 {\n  padding-top: 100px;\n}\n@media (min-width:550px) {\n  #gap-506977084 {\n    padding-top: 150px;\n  }\n}\n@media (min-width:850px) {\n  #gap-506977084 {\n    padding-top: 230px;\n  }\n}\n<\/style>\n\t<\/div>\n\t\n\t<div id=\"text-4015957228\" class=\"text hide-for-small\">\n\t\t\n<h2>Conditions g\u00e9n\u00e9rales d&rsquo;utilisation<\/h2>\n\t\t\n<style>\n#text-4015957228 {\n  font-size: 2rem;\n  text-align: center;\n}\n@media (min-width:550px) {\n  #text-4015957228 {\n    font-size: 2.5rem;\n  }\n}\n<\/style>\n\t<\/div>\n\t\n\t<div id=\"text-2590753615\" class=\"text show-for-small\">\n\t\t\n<h2><span style=\"font-size: 75%;\">Conditions g\u00e9n\u00e9rales d&rsquo;utilisation<\/span><\/h2>\n\t\t\n<style>\n#text-2590753615 {\n  font-size: 2rem;\n  text-align: center;\n}\n@media (min-width:550px) {\n  #text-2590753615 {\n    font-size: 2.5rem;\n  }\n}\n<\/style>\n\t<\/div>\n\t\n\t\t<\/div>\n\t\t\t\t\t<\/div>\n\n\t\n<\/div>\n\t<div id=\"gap-1244041942\" class=\"gap-element clearfix\" style=\"display:block; height:auto;\">\n\t\t\n<style>\n#gap-1244041942 {\n  padding-top: 100px;\n}\n@media (min-width:550px) {\n  #gap-1244041942 {\n    padding-top: 131px;\n  }\n}\n@media (min-width:850px) {\n  #gap-1244041942 {\n    padding-top: 161px;\n  }\n}\n<\/style>\n\t<\/div>\n\t\n<div class=\"row row-collapse row-full-width\"  id=\"row-649428435\">\n<\/div>\n\t\t<\/div>\n\n\t\t\n<style>\n#section_490239760 {\n  padding-top: 0px;\n  padding-bottom: 0px;\n}\n#section_490239760 .section-bg-overlay {\n  background-color: rgba(0, 0, 0, 0.669);\n}\n#section_490239760 .section-bg.bg-loaded {\n  background-image: url(https:\/\/tianyanneigong.com\/wp-content\/uploads\/2023\/06\/flower-1920.jpg);\n}\n<\/style>\n\t<\/section>\n\t\n\t<section class=\"section\" id=\"section_2094199408\">\n\t\t<div class=\"bg section-bg fill bg-fill  bg-loaded\" >\n\n\t\t\t\n\t\t\t\n\t\t\t\n\n\t\t<\/div>\n\n\t\t\n\n\t\t<div class=\"section-content relative\">\n\t\t\t\n\t<div id=\"gap-99752489\" class=\"gap-element clearfix\" style=\"display:block; height:auto;\">\n\t\t\n<style>\n#gap-99752489 {\n  padding-top: 50px;\n}\n<\/style>\n\t<\/div>\n\t\n<div class=\"row row-large align-middle\" style=\"max-width:1300px\" id=\"row-2145498248\">\n\n\t<div id=\"col-626062201\" class=\"col medium-11 small-12 large-12\"  >\n\t\t\t\t<div class=\"col-inner\"  >\n\t\t\t\n\t\t\t\n\t<div id=\"text-3018794731\" class=\"text\">\n\t\t\n<h2>Conditions g\u00e9n\u00e9rales d&rsquo;utilisation<\/h2>\n\t\t\n<style>\n#text-3018794731 {\n  font-size: 1.75rem;\n}\n<\/style>\n\t<\/div>\n\t\n<p>Nous nous engageons \u00e0 pr\u00e9server l&rsquo;exactitude, la confidentialit\u00e9 et la s\u00e9curit\u00e9 de vos informations personnelles identifiables (\u00ab\u00a0informations personnelles\u00a0\u00bb). Dans le cadre de cet engagement, notre politique de confidentialit\u00e9 r\u00e9git nos actions en ce qui concerne la collecte, l&rsquo;utilisation et la divulgation des informations personnelles. Notre politique de confidentialit\u00e9 repose sur les valeurs \u00e9tablies par le Code type sur la protection des renseignements personnels de l&rsquo;Association canadienne de normalisation et par la Loi sur la protection des renseignements personnels et les documents \u00e9lectroniques du Canada.  <\/p>\n<p>1. Introduction<\/p>\n<p>Nous sommes responsables de la conservation et de la protection des informations personnelles sous notre contr\u00f4le. Nous avons d\u00e9sign\u00e9 une ou plusieurs personnes qui sont responsables du respect de notre politique en mati\u00e8re de protection de la vie priv\u00e9e. <\/p>\n<p>2. Identification des objectifs<\/p>\n<p>Nous recueillons, utilisons et divulguons des informations personnelles pour vous fournir le produit ou le service que vous avez demand\u00e9 et pour vous proposer d&rsquo;autres produits et services susceptibles de vous int\u00e9resser. Les raisons pour lesquelles nous collectons des informations personnelles seront identifi\u00e9es avant ou au moment de la collecte des informations. Dans certaines circonstances, les objectifs pour lesquels les informations sont collect\u00e9es peuvent \u00eatre clairs et le consentement peut \u00eatre implicite, par exemple lorsque votre nom, votre adresse et vos informations de paiement sont fournis dans le cadre de la proc\u00e9dure de commande.  <\/p>\n<p>3. Consentement<\/p>\n<p>La collecte, l&rsquo;utilisation ou la divulgation d&rsquo;informations personnelles ne peuvent se faire qu&rsquo;avec votre consentement, sauf dans les cas o\u00f9 la loi l&rsquo;exige ou le permet. Vous avez toujours le choix de nous fournir vos informations personnelles. Toutefois, votre d\u00e9cision de ne pas fournir certaines informations peut limiter notre capacit\u00e9 \u00e0 vous fournir nos produits ou services. Nous ne vous demanderons pas de consentir \u00e0 la collecte, \u00e0 l&rsquo;utilisation ou \u00e0 la divulgation d&rsquo;informations comme condition \u00e0 la fourniture d&rsquo;un produit ou d&rsquo;un service, sauf si cela est n\u00e9cessaire pour pouvoir fournir le produit ou le service.   <\/p>\n<p>4. Limitation de la collecte<\/p>\n<p>Les informations personnelles collect\u00e9es se limiteront aux d\u00e9tails n\u00e9cessaires aux fins que nous avons identifi\u00e9es. Avec votre consentement, nous pouvons recueillir des informations personnelles aupr\u00e8s de vous en personne, par t\u00e9l\u00e9phone ou en correspondant avec vous par courrier, t\u00e9l\u00e9copie ou Internet. <\/p>\n<p>5. Limitation de l&rsquo;utilisation, de la divulgation et de la conservation<\/p>\n<p>Les informations personnelles ne peuvent \u00eatre utilis\u00e9es ou divulgu\u00e9es qu&rsquo;aux fins pour lesquelles elles ont \u00e9t\u00e9 collect\u00e9es, \u00e0 moins que vous n&rsquo;ayez donn\u00e9 votre accord contraire ou que la loi ne l&rsquo;exige ou ne l&rsquo;autorise. Les informations personnelles ne seront conserv\u00e9es que pendant la p\u00e9riode n\u00e9cessaire \u00e0 la r\u00e9alisation de l&rsquo;objectif pour lequel elles ont \u00e9t\u00e9 collect\u00e9es ou lorsque la loi l&rsquo;exige. [Le cas \u00e9ch\u00e9ant, veuillez inclure une description des parties avec lesquelles vous pouvez partager des informations personnelles].  <\/p>\n<p>6. Pr\u00e9cision<\/p>\n<p>Les informations personnelles seront conserv\u00e9es sous une forme aussi pr\u00e9cise, compl\u00e8te et actualis\u00e9e que n\u00e9cessaire pour atteindre les objectifs pour lesquels elles doivent \u00eatre utilis\u00e9es.<\/p>\n<p>  7. Sauvegarde des informations sur les clients<\/p>\n<p>Les informations personnelles seront prot\u00e9g\u00e9es par des mesures de s\u00e9curit\u00e9 adapt\u00e9es au niveau de sensibilit\u00e9 des informations. Nous prenons toutes les pr\u00e9cautions raisonnables pour prot\u00e9ger vos informations personnelles contre toute perte ou utilisation, acc\u00e8s ou divulgation non autoris\u00e9s. <\/p>\n<p>8. Ouverture<\/p>\n<p>Nous mettrons \u00e0 votre disposition des informations sur nos politiques et pratiques en mati\u00e8re de gestion de vos informations personnelles.<\/p>\n<p>9. Acc\u00e8s des clients<\/p>\n<p>Sur demande, vous serez inform\u00e9 de l&rsquo;existence, de l&rsquo;utilisation et de la divulgation de vos donn\u00e9es personnelles et vous pourrez y acc\u00e9der. Vous pouvez v\u00e9rifier l&rsquo;exactitude et l&rsquo;exhaustivit\u00e9 de vos informations personnelles et demander qu&rsquo;elles soient modifi\u00e9es, le cas \u00e9ch\u00e9ant. Toutefois, dans certaines circonstances autoris\u00e9es par la loi, nous ne vous divulguerons pas certaines informations. Par exemple, nous ne pouvons pas divulguer des informations vous concernant si d&rsquo;autres personnes sont r\u00e9f\u00e9renc\u00e9es ou s&rsquo;il existe des restrictions l\u00e9gales, de s\u00e9curit\u00e9 ou de propri\u00e9t\u00e9 commerciale.   <\/p>\n<p>10. Traitement des plaintes et des suggestions des clients <\/p>\n<p>Pour toute question ou demande concernant notre politique de protection de la vie priv\u00e9e ou nos pratiques, vous pouvez vous adresser \u00e0<\/p>\n<p>contacter :<\/p>\n[Informations de contact].<\/p>\n<p>Informations compl\u00e9mentaires<\/p>\n<p>Cookies<\/p>\n<p>Un cookie est un petit fichier informatique ou un \u00e9l\u00e9ment d&rsquo;information qui peut \u00eatre stock\u00e9 sur le disque dur de votre ordinateur lorsque vous visitez nos sites web. Nous pouvons utiliser des cookies pour am\u00e9liorer la fonctionnalit\u00e9 de notre site web et, dans certains cas, pour offrir aux visiteurs une exp\u00e9rience en ligne personnalis\u00e9e. <\/p>\n<p>Les cookies sont largement utilis\u00e9s et la plupart des navigateurs Internet sont initialement configur\u00e9s pour les accepter automatiquement. Vous pouvez modifier les param\u00e8tres de votre navigateur Internet pour emp\u00eacher votre ordinateur d&rsquo;accepter les cookies ou pour vous avertir lorsque vous recevez un cookie afin que vous puissiez refuser de l&rsquo;accepter. Veuillez toutefois noter que si vous d\u00e9sactivez les cookies, vous risquez de ne pas b\u00e9n\u00e9ficier d&rsquo;une performance optimale de notre site web.  <\/p>\n<p>Autres sites web<\/p>\n<p>Notre site web peut contenir des liens vers des sites de tiers qui ne sont pas r\u00e9gis par la pr\u00e9sente politique de confidentialit\u00e9. Bien que nous nous efforcions de n&rsquo;\u00e9tablir des liens qu&rsquo;avec des sites ayant des normes \u00e9lev\u00e9es en mati\u00e8re de protection de la vie priv\u00e9e, notre politique de protection de la vie priv\u00e9e ne s&rsquo;appliquera plus d\u00e8s que vous quitterez notre site web. En outre, nous ne sommes pas responsables des pratiques en mati\u00e8re de protection de la vie priv\u00e9e employ\u00e9es par les sites web de tiers. Par cons\u00e9quent, nous vous sugg\u00e9rons d&rsquo;examiner les d\u00e9clarations de confidentialit\u00e9 de ces sites pour savoir comment vos informations peuvent \u00eatre collect\u00e9es, utilis\u00e9es, partag\u00e9es et divulgu\u00e9es.   <\/p>\n\t\t<\/div>\n\t\t\t\t\t<\/div>\n\n\t\n<\/div>\n\t\t<\/div>\n\n\t\t\n<style>\n#section_2094199408 {\n  padding-top: 40px;\n  padding-bottom: 40px;\n}\n@media (min-width:850px) {\n  #section_2094199408 {\n    padding-top: 75px;\n    padding-bottom: 75px;\n  }\n}\n<\/style>\n\t<\/section>\n\t\n","protected":false},"excerpt":{"rendered":"","protected":false},"author":1,"featured_media":0,"parent":0,"menu_order":0,"comment_status":"closed","ping_status":"closed","template":"page-blank.php","meta":{"footnotes":""},"class_list":["post-2443","page","type-page","status-publish","hentry"],"_links":{"self":[{"href":"https:\/\/tianyanneigong.com\/fr\/wp-json\/wp\/v2\/pages\/2443","targetHints":{"allow":["GET"]}}],"collection":[{"href":"https:\/\/tianyanneigong.com\/fr\/wp-json\/wp\/v2\/pages"}],"about":[{"href":"https:\/\/tianyanneigong.com\/fr\/wp-json\/wp\/v2\/types\/page"}],"author":[{"embeddable":true,"href":"https:\/\/tianyanneigong.com\/fr\/wp-json\/wp\/v2\/users\/1"}],"replies":[{"embeddable":true,"href":"https:\/\/tianyanneigong.com\/fr\/wp-json\/wp\/v2\/comments?post=2443"}],"version-history":[{"count":3,"href":"https:\/\/tianyanneigong.com\/fr\/wp-json\/wp\/v2\/pages\/2443\/revisions"}],"predecessor-version":[{"id":2446,"href":"https:\/\/tianyanneigong.com\/fr\/wp-json\/wp\/v2\/pages\/2443\/revisions\/2446"}],"wp:attachment":[{"href":"https:\/\/tianyanneigong.com\/fr\/wp-json\/wp\/v2\/media?parent=2443"}],"curies":[{"name":"wp","href":"https:\/\/api.w.org\/{rel}","templated":true}]}}