{"id":2451,"date":"2023-06-28T06:34:12","date_gmt":"2023-06-28T06:34:12","guid":{"rendered":"https:\/\/tianyanneigong.com\/les-origines\/"},"modified":"2025-05-26T09:24:56","modified_gmt":"2025-05-26T09:24:56","slug":"les-origines","status":"publish","type":"page","link":"https:\/\/tianyanneigong.com\/fr\/les-origines\/","title":{"rendered":"Les origines"},"content":{"rendered":"\t<section class=\"section dark\" id=\"section_1874993403\">\n\t\t<div class=\"bg section-bg fill bg-fill  \" >\n\n\t\t\t\n\t\t\t<div class=\"section-bg-overlay absolute fill\"><\/div>\n\t\t\t\n\t<div class=\"is-border\"\n\t\tstyle=\"border-color:rgb(55, 176, 184);border-width:2px 2px 2px 2px;margin:10px 10px 10px 10px;\">\n\t<\/div>\n\n\t\t<\/div>\n\n\t\t\n\n\t\t<div class=\"section-content relative\">\n\t\t\t\n<div class=\"row align-bottom align-center\" style=\"max-width:1200px\" id=\"row-508474474\">\n\n\t<div id=\"col-1558876839\" class=\"col medium-9 small-12 large-7\"  >\n\t\t\t\t<div class=\"col-inner text-center\"  >\n\t\t\t\n\t\t\t\n\t<div id=\"gap-1169309106\" class=\"gap-element clearfix\" style=\"display:block; height:auto;\">\n\t\t\n<style>\n#gap-1169309106 {\n  padding-top: 50px;\n}\n@media (min-width:550px) {\n  #gap-1169309106 {\n    padding-top: 150px;\n  }\n}\n@media (min-width:850px) {\n  #gap-1169309106 {\n    padding-top: 230px;\n  }\n}\n<\/style>\n\t<\/div>\n\t\n\t<div id=\"gap-2039323180\" class=\"gap-element clearfix\" style=\"display:block; height:auto;\">\n\t\t\n<style>\n#gap-2039323180 {\n  padding-top: 50px;\n}\n@media (min-width:550px) {\n  #gap-2039323180 {\n    padding-top: 131px;\n  }\n}\n@media (min-width:850px) {\n  #gap-2039323180 {\n    padding-top: 141px;\n  }\n}\n<\/style>\n\t<\/div>\n\t\n\t<div id=\"text-1128783345\" class=\"text hide-for-small\">\n\t\t\n<h1>Les origines<\/h1>\n\t\t\n<style>\n#text-1128783345 {\n  font-size: 2rem;\n  text-align: center;\n  color: #37b0b8;\n}\n#text-1128783345 > * {\n  color: #37b0b8;\n}\n@media (min-width:550px) {\n  #text-1128783345 {\n    font-size: 2.5rem;\n  }\n}\n<\/style>\n\t<\/div>\n\t\n\t<div id=\"text-423532861\" class=\"text show-for-small\">\n\t\t\n<h1><span style=\"font-size: 75%;\">Les origines<\/span><\/h1>\n\t\t\n<style>\n#text-423532861 {\n  font-size: 2.5rem;\n  text-align: center;\n  color: #37b0b8;\n}\n#text-423532861 > * {\n  color: #37b0b8;\n}\n<\/style>\n\t<\/div>\n\t\n\t\t<\/div>\n\t\t\t\t\t<\/div>\n\n\t\n<\/div>\n<div class=\"row row-collapse row-full-width\"  id=\"row-448934568\">\n<\/div>\n\t\t<\/div>\n\n\t\t\n<style>\n#section_1874993403 {\n  padding-top: 0px;\n  padding-bottom: 0px;\n}\n#section_1874993403 .section-bg-overlay {\n  background-color: rgba(0, 0, 0, 0.41);\n}\n#section_1874993403 .section-bg.bg-loaded {\n  background-image: url(https:\/\/tianyanneigong.com\/wp-content\/uploads\/2023\/09\/Mountains.jpg);\n}\n#section_1874993403 .section-bg {\n  background-position: 51% 61%;\n}\n@media (min-width:550px) {\n  #section_1874993403 {\n    padding-top: 0px;\n    padding-bottom: 0px;\n  }\n}\n<\/style>\n\t<\/section>\n\t\n\t<section class=\"section\" id=\"section_1000148064\">\n\t\t<div class=\"bg section-bg fill bg-fill  bg-loaded\" >\n\n\t\t\t\n\t\t\t\n\t\t\t\n\n\t\t<\/div>\n\n\t\t\n\n\t\t<div class=\"section-content relative\">\n\t\t\t\n\t<div id=\"text-2993392505\" class=\"text\">\n\t\t\n<p style=\"font-size: 19px;\"><span style=\"font-size: 150%;\"><em><strong><em>Le \u201cTian Yan Nei Gong\u00ae\u201d remonte \u00e0 ces anciennes origines<br \/>et comporte les connotations de l\u2019esprit fondateur.<br \/><\/em><\/strong><\/em><\/span><\/p>\n\t\t\n<style>\n#text-2993392505 {\n  text-align: center;\n  color: #37b0b8;\n}\n#text-2993392505 > * {\n  color: #37b0b8;\n}\n<\/style>\n\t<\/div>\n\t\n\t<div id=\"gap-1976672754\" class=\"gap-element clearfix\" style=\"display:block; height:auto;\">\n\t\t\n<style>\n#gap-1976672754 {\n  padding-top: 50px;\n}\n<\/style>\n\t<\/div>\n\t\n<div class=\"row row-large align-middle\" style=\"max-width:1300px\" id=\"row-920332199\">\n\n\t<div id=\"col-1266331541\" class=\"col medium-11 small-12 large-12\"  >\n\t\t\t\t<div class=\"col-inner\"  >\n\t\t\t\n\t\t\t\n\t<div id=\"text-456407757\" class=\"text\">\n\t\t\n<p>Il y a environ 11.0000 ans, le Nei Gong fut fond\u00e9 par un groupe de simples particuliers : anciens sages et hommes ayant \u00abatteint la perfection spirituelle\u00bb, qui se sont r\u00e9unis en communaut\u00e9 dans les Montagnes Himalayennes. Ils ont ressenti le besoin d\u2019\u00e9quilibrer et d\u2019exercer leur corps, leur esprit et leur \u00e2me et aussi de se reconnecter avec leur propre \u00e9nergie et celle de leur environnement. Ils ont alors fond\u00e9 cette communaut\u00e9, aire de paix et d\u2019\u00e9tude, d\u2019o\u00f9 petit \u00e0 petit les exercices de Nei Gong sont n\u00e9s et se sont d\u00e9velopp\u00e9s.  <\/p>\n<\/p>\n\t\t\n<style>\n#text-456407757 {\n  color: #37b0b8;\n}\n#text-456407757 > * {\n  color: #37b0b8;\n}\n<\/style>\n\t<\/div>\n\t\n\t\t<\/div>\n\t\t\t\t\t<\/div>\n\n\t\n\n\t<div id=\"col-19734125\" class=\"col medium-11 small-12 large-5\"  >\n\t\t\t\t<div class=\"col-inner\"  >\n\t\t\t\n\t\t\t\n\t<div id=\"text-152146584\" class=\"text\">\n\t\t\n<p>Une fois r\u00e9unis, ils ont form\u00e9 l\u00e0 une petite communaut\u00e9 d\u2019individuels de grande sagesse. Sagesse \u00e9manant non de leur \u00e2ge, mais de leur esprit \u00e9clair\u00e9. Ils venaient de cultures et de lieux diff\u00e9rents, guid\u00e9s dans leur p\u00e9r\u00e9grination, pourrait-on dire, par le destin. Cependant ils \u00e9taient li\u00e9s par un d\u00e9sir commun et une vision commune : aider l\u2019humanit\u00e9 \u00e0 r\u00e9tablir le lien perdu avec les cieux ou sa propre origine divine.  <\/p>\n\t\t\n<style>\n#text-152146584 {\n  color: #37b0b8;\n}\n#text-152146584 > * {\n  color: #37b0b8;\n}\n<\/style>\n\t<\/div>\n\t\n\t\t<\/div>\n\t\t\t\t\t<\/div>\n\n\t\n\n\t<div id=\"col-1725272518\" class=\"col medium-11 small-12 large-6\"  >\n\t\t\t\t<div class=\"col-inner text-center\"  >\n\t\t\t\n\t\t\t\n\t<div class=\"img has-hover x md-x lg-x y md-y lg-y\" id=\"image_1835092518\">\n\t\t\t\t\t\t\t\t<div class=\"img-inner dark\" >\n\t\t\t<img loading=\"lazy\" decoding=\"async\" width=\"1593\" height=\"1151\" src=\"https:\/\/tianyanneigong.com\/wp-content\/uploads\/2023\/09\/801.jpg\" class=\"attachment-original size-original\" alt=\"\" srcset=\"https:\/\/tianyanneigong.com\/wp-content\/uploads\/2023\/09\/801.jpg 1593w, https:\/\/tianyanneigong.com\/wp-content\/uploads\/2023\/09\/801-300x217.jpg 300w, https:\/\/tianyanneigong.com\/wp-content\/uploads\/2023\/09\/801-1024x740.jpg 1024w, https:\/\/tianyanneigong.com\/wp-content\/uploads\/2023\/09\/801-768x555.jpg 768w, https:\/\/tianyanneigong.com\/wp-content\/uploads\/2023\/09\/801-1536x1110.jpg 1536w\" sizes=\"auto, (max-width: 1593px) 100vw, 1593px\" \/>\t\t\t\t\t\t\n\t\t\t\t\t<\/div>\n\t\t\t\t\t\t\t\t\n<style>\n#image_1835092518 {\n  width: 100%;\n}\n<\/style>\n\t<\/div>\n\t\n\t\t<\/div>\n\t\t\t\t\t<\/div>\n\n\t\n\n<style>\n#row-920332199 > .col > .col-inner {\n  padding: 0px 0px 0px 0px;\n}\n<\/style>\n<\/div>\n<div class=\"row row-large align-middle\" style=\"max-width:1300px\" id=\"row-2057678609\">\n\n\t<div id=\"col-692467029\" class=\"col medium-11 small-12 large-12\"  >\n\t\t\t\t<div class=\"col-inner\"  >\n\t\t\t\n\t\t\t\n\t<div id=\"text-17576620\" class=\"text\">\n\t\t\n<p>Le goupe d\u2019origine mourut sur place, mais des \u00e9l\u00e8ves ult\u00e9rieurs quitt\u00e8rent les Himalayas et r\u00e9pandirent ce qu\u2019ils avaient appris de par le monde.<br \/>De nos jours, il est encore pratiqu\u00e9 dans les Himalayas, au Tibet, au N\u00e9pal et en Chine, mais discr\u00e8tement, en arri\u00e8re sc\u00e8ne. D\u2019une mani\u00e8re g\u00e9n\u00e9rale, ces exercices sont tr\u00e8s peu connus dans le monde.   <\/p>\n<\/p>\n\t\t\n<style>\n#text-17576620 {\n  color: #37b0b8;\n}\n#text-17576620 > * {\n  color: #37b0b8;\n}\n<\/style>\n\t<\/div>\n\t\n\t\t<\/div>\n\t\t\t\t\t<\/div>\n\n\t\n<\/div>\n\t\t<\/div>\n\n\t\t\n<style>\n#section_1000148064 {\n  padding-top: 40px;\n  padding-bottom: 40px;\n}\n@media (min-width:850px) {\n  #section_1000148064 {\n    padding-top: 75px;\n    padding-bottom: 75px;\n  }\n}\n<\/style>\n\t<\/section>\n\t\n","protected":false},"excerpt":{"rendered":"","protected":false},"author":1,"featured_media":0,"parent":0,"menu_order":0,"comment_status":"closed","ping_status":"closed","template":"page-blank.php","meta":{"footnotes":""},"class_list":["post-2451","page","type-page","status-publish","hentry"],"_links":{"self":[{"href":"https:\/\/tianyanneigong.com\/fr\/wp-json\/wp\/v2\/pages\/2451","targetHints":{"allow":["GET"]}}],"collection":[{"href":"https:\/\/tianyanneigong.com\/fr\/wp-json\/wp\/v2\/pages"}],"about":[{"href":"https:\/\/tianyanneigong.com\/fr\/wp-json\/wp\/v2\/types\/page"}],"author":[{"embeddable":true,"href":"https:\/\/tianyanneigong.com\/fr\/wp-json\/wp\/v2\/users\/1"}],"replies":[{"embeddable":true,"href":"https:\/\/tianyanneigong.com\/fr\/wp-json\/wp\/v2\/comments?post=2451"}],"version-history":[{"count":15,"href":"https:\/\/tianyanneigong.com\/fr\/wp-json\/wp\/v2\/pages\/2451\/revisions"}],"predecessor-version":[{"id":2653,"href":"https:\/\/tianyanneigong.com\/fr\/wp-json\/wp\/v2\/pages\/2451\/revisions\/2653"}],"wp:attachment":[{"href":"https:\/\/tianyanneigong.com\/fr\/wp-json\/wp\/v2\/media?parent=2451"}],"curies":[{"name":"wp","href":"https:\/\/api.w.org\/{rel}","templated":true}]}}