{"id":2455,"date":"2023-06-30T15:34:53","date_gmt":"2023-06-30T15:34:53","guid":{"rendered":"https:\/\/tianyanneigong.com\/quest-ce-que-le-nei-gong\/"},"modified":"2025-05-26T09:21:40","modified_gmt":"2025-05-26T09:21:40","slug":"quest-ce-que-le-nei-gong","status":"publish","type":"page","link":"https:\/\/tianyanneigong.com\/fr\/quest-ce-que-le-nei-gong\/","title":{"rendered":"Qu&rsquo;est-ce que le Nei Gong ?"},"content":{"rendered":"\t<section class=\"section dark\" id=\"section_2132349692\">\n\t\t<div class=\"bg section-bg fill bg-fill  \" >\n\n\t\t\t\n\t\t\t\n\t\t\t\n\t<div class=\"is-border\"\n\t\tstyle=\"border-color:rgb(55, 176, 184);border-width:2px 2px 2px 2px;margin:10px 10px 10px 10px;\">\n\t<\/div>\n\n\t\t<\/div>\n\n\t\t\n\n\t\t<div class=\"section-content relative\">\n\t\t\t\n<div class=\"row row-collapse row-full-width\"  id=\"row-1616679854\">\n\n\t<div id=\"col-871860682\" class=\"col small-12 large-12\"  >\n\t\t\t\t<div class=\"col-inner\"  >\n\t\t\t\n\t\t\t\n\n  <div class=\"banner has-hover is-full-height\" id=\"banner-159070186\">\n          <div class=\"banner-inner fill\">\n        <div class=\"banner-bg fill\" >\n            <div class=\"bg fill bg-fill \"><\/div>\n                                    \n\t<div class=\"is-border\"\n\t\tstyle=\"border-color:rgb(55, 176, 184);border-width:2px 2px 2px 2px;margin:10px 10px 10px 10px;\">\n\t<\/div>\n                    <\/div>\n\t\t\n        <div class=\"banner-layers container\">\n            <div class=\"fill banner-link\"><\/div>            \n   <div id=\"text-box-658621849\" class=\"text-box banner-layer x50 md-x100 lg-x0 y90 md-y10 lg-y10 res-text\">\n                                <div class=\"text-box-content text dark\">\n              \n              <div class=\"text-inner text-center\">\n                  \n\t<div id=\"text-943654230\" class=\"text hide-for-small\">\n\t\t\n<h1>Qu&rsquo;est-ce que le Nei Gong ?<\/h1>\n\t\t\n<style>\n#text-943654230 {\n  text-align: center;\n  color: rgb(55, 176, 184);\n}\n#text-943654230 > * {\n  color: rgb(55, 176, 184);\n}\n<\/style>\n\t<\/div>\n\t\n\t<div id=\"text-613230245\" class=\"text show-for-small\">\n\t\t\n<h1><span style=\"font-size: 75%;\">Qu&rsquo;est-ce que le Nei Gong ?<\/span><\/h1>\n\t\t\n<style>\n#text-613230245 {\n  text-align: center;\n  color: rgb(55, 176, 184);\n}\n#text-613230245 > * {\n  color: rgb(55, 176, 184);\n}\n<\/style>\n\t<\/div>\n\t\n              <\/div>\n           <\/div>\n                            \n<style>\n#text-box-658621849 {\n  width: 95%;\n}\n#text-box-658621849 .text-box-content {\n  font-size: 100%;\n}\n@media (min-width:550px) {\n  #text-box-658621849 {\n    width: 44%;\n  }\n}\n@media (min-width:850px) {\n  #text-box-658621849 {\n    width: 44%;\n  }\n}\n<\/style>\n    <\/div>\n \n        <\/div>\n      <\/div>\n\n            \n<style>\n#banner-159070186 {\n  padding-top: 50%;\n}\n#banner-159070186 .bg.bg-loaded {\n  background-image: url(https:\/\/tianyanneigong.com\/wp-content\/uploads\/2024\/05\/NO-6-Banner-What-is-Nei-Gong-DSC_6536-scaled-e1715768073431.jpg);\n}\n#banner-159070186 .bg {\n  background-position: 52% 55%;\n}\n@media (min-width:550px) {\n  #banner-159070186 {\n    padding-top: 50%;\n  }\n}\n@media (min-width:850px) {\n  #banner-159070186 {\n    padding-top: 100%;\n  }\n}\n<\/style>\n  <\/div>\n\n\n\t\t<\/div>\n\t\t\t\t\t<\/div>\n\n\t\n<\/div>\n\t\t<\/div>\n\n\t\t\n<style>\n#section_2132349692 {\n  padding-top: 0px;\n  padding-bottom: 0px;\n}\n#section_2132349692 .section-bg.bg-loaded {\n  background-image: url(https:\/\/tianyanneigong.com\/wp-content\/uploads\/2024\/06\/NO-6-Banner-What-is-Nei-Gong-DSC_6536-scaled.jpg);\n}\n#section_2132349692 .section-bg {\n  background-position: 51% 75%;\n}\n<\/style>\n\t<\/section>\n\t\n\t<section class=\"section\" id=\"section_1825009053\">\n\t\t<div class=\"bg section-bg fill bg-fill  bg-loaded\" >\n\n\t\t\t\n\t\t\t\n\t\t\t\n\n\t\t<\/div>\n\n\t\t\n\n\t\t<div class=\"section-content relative\">\n\t\t\t\n\t<div id=\"text-673222802\" class=\"text\">\n\t\t\n<p style=\"font-size: 26px; text-align: center;\"><span style=\"font-size: 140%;\"><em><strong>Le Nei Gong travaillant en profondeur, <\/strong><\/em><\/span><br \/><span style=\"font-size: 140%;\"><em><strong>il est non seulement en mesure de gu\u00e9rir les sympt\u00f4mes,<\/strong><\/em><\/span><br \/><span style=\"font-size: 140%;\"><em><strong>mais aussi de discerner la cause du probl\u00e8me.<\/strong><\/em><\/span><\/p>\n\t\t\n<style>\n#text-673222802 {\n  text-align: center;\n  color: #37b0b8;\n}\n#text-673222802 > * {\n  color: #37b0b8;\n}\n<\/style>\n\t<\/div>\n\t\n\t<div id=\"gap-1856578646\" class=\"gap-element clearfix\" style=\"display:block; height:auto;\">\n\t\t\n<style>\n#gap-1856578646 {\n  padding-top: 50px;\n}\n<\/style>\n\t<\/div>\n\t\n<div class=\"row row-large align-middle\" style=\"max-width:1300px\" id=\"row-1830403166\">\n\n\t<div id=\"col-244627344\" class=\"col medium-11 small-12 large-6\"  >\n\t\t\t\t<div class=\"col-inner\"  >\n\t\t\t\n\t\t\t\n\n  <div class=\"banner has-hover\" id=\"banner-585785450\">\n          <div class=\"banner-inner fill\">\n        <div class=\"banner-bg fill\" >\n            <div class=\"bg fill bg-fill \"><\/div>\n                                    \n                    <\/div>\n\t\t\n        <div class=\"banner-layers container\">\n            <div class=\"fill banner-link\"><\/div>            \n        <\/div>\n      <\/div>\n\n              <div class=\"height-fix is-invisible\"><img loading=\"lazy\" decoding=\"async\" width=\"1020\" height=\"634\" src=\"https:\/\/tianyanneigong.com\/wp-content\/uploads\/2023\/06\/Christel-07-2-scaled-e1715008332795-1024x636.jpg\" class=\"attachment-large size-large\" alt=\"\" srcset=\"https:\/\/tianyanneigong.com\/wp-content\/uploads\/2023\/06\/Christel-07-2-scaled-e1715008332795-1024x636.jpg 1024w, https:\/\/tianyanneigong.com\/wp-content\/uploads\/2023\/06\/Christel-07-2-scaled-e1715008332795-300x186.jpg 300w, https:\/\/tianyanneigong.com\/wp-content\/uploads\/2023\/06\/Christel-07-2-scaled-e1715008332795-768x477.jpg 768w, https:\/\/tianyanneigong.com\/wp-content\/uploads\/2023\/06\/Christel-07-2-scaled-e1715008332795-1536x955.jpg 1536w, https:\/\/tianyanneigong.com\/wp-content\/uploads\/2023\/06\/Christel-07-2-scaled-e1715008332795-2048x1273.jpg 2048w\" sizes=\"auto, (max-width: 1020px) 100vw, 1020px\" \/><\/div>\n            \n<style>\n#banner-585785450 {\n  padding-top: 300px;\n  background-color: rgb(255, 255, 255);\n}\n#banner-585785450 .bg.bg-loaded {\n  background-image: url(https:\/\/tianyanneigong.com\/wp-content\/uploads\/2023\/06\/Christel-07-2-scaled-e1715008332795-1024x636.jpg);\n}\n#banner-585785450 .bg {\n  background-position: 45% 88%;\n}\n<\/style>\n  <\/div>\n\n\n\t\t<\/div>\n\t\t\t\t\t<\/div>\n\n\t\n\n\t<div id=\"col-61358487\" class=\"col medium-11 small-12 large-6\"  >\n\t\t\t\t<div class=\"col-inner\"  >\n\t\t\t\n\t\t\t\n\t<div id=\"text-291485310\" class=\"text\">\n\t\t\n<p>Le mot chinois \u00ab\u00a0nei gong\u00a0\u00bb signifie \u00ab\u00a0travail int\u00e9rieur\u00a0\u00bb. Cela fait r\u00e9f\u00e9rence \u00e0 la croissance personnelle et au d\u00e9veloppement spirituel, car il s&rsquo;agit du travail sur le moi int\u00e9rieur. <\/p>\n\t\t\n<style>\n#text-291485310 {\n  color: #37b0b8;\n}\n#text-291485310 > * {\n  color: #37b0b8;\n}\n<\/style>\n\t<\/div>\n\t\n\t\t<\/div>\n\t\t\t\t\t<\/div>\n\n\t\n<\/div>\n\t<div id=\"gap-205274579\" class=\"gap-element clearfix\" style=\"display:block; height:auto;\">\n\t\t\n<style>\n#gap-205274579 {\n  padding-top: 0px;\n}\n@media (min-width:550px) {\n  #gap-205274579 {\n    padding-top: 80px;\n  }\n}\n<\/style>\n\t<\/div>\n\t\n<div class=\"row row-large align-middle\" style=\"max-width:1300px\" id=\"row-1596077032\">\n\n\t<div id=\"col-955081644\" class=\"col medium-1 small-12 large-1\"  >\n\t\t\t\t<div class=\"col-inner\"  >\n\t\t\t\n\t\t\t\n\t\t<\/div>\n\t\t\t\t\t<\/div>\n\n\t\n\n\t<div id=\"col-1037233935\" class=\"col medium-11 small-12 large-10\"  >\n\t\t\t\t<div class=\"col-inner\"  >\n\t\t\t\n\t\t\t\n\n  <div class=\"banner has-hover\" id=\"banner-744851682\">\n          <div class=\"banner-inner fill\">\n        <div class=\"banner-bg fill\" >\n            <div class=\"bg fill bg-fill \"><\/div>\n                                    \n                    <\/div>\n\t\t\n        <div class=\"banner-layers container\">\n            <div class=\"fill banner-link\"><\/div>            \n        <\/div>\n      <\/div>\n\n            \n<style>\n#banner-744851682 {\n  padding-top: 300px;\n  background-color: rgb(255, 255, 255);\n}\n#banner-744851682 .bg.bg-loaded {\n  background-image: url(https:\/\/tianyanneigong.com\/wp-content\/uploads\/2023\/06\/Chinese-Waterfall-1.jpg);\n}\n#banner-744851682 .bg {\n  background-position: 47% 53%;\n}\n@media (min-width:550px) {\n  #banner-744851682 {\n    padding-top: 50%;\n  }\n}\n<\/style>\n  <\/div>\n\n\n\t\t<\/div>\n\t\t\t\t\t<\/div>\n\n\t\n\n\t<div id=\"col-1616446639\" class=\"col medium-11 small-12 large-12\"  >\n\t\t\t\t<div class=\"col-inner\"  >\n\t\t\t\n\t\t\t\n\t<div id=\"text-3694575294\" class=\"text\">\n\t\t\n<p>Le Nei Gong est \u00e0 l&rsquo;origine de tout travail \u00e9nerg\u00e9tique tao\u00efste.<\/p>\n<p>Il est \u00e0 la base de la tradition tao\u00efste de l&rsquo;eau dans la<\/p>\n<p>culture chinoise, qui met l&rsquo;accent sur la gu\u00e9rison<\/p>\n<p>le soin et le refroidissement. <\/p>\n<\/p>\n<p>Le Qi Gong, le T&rsquo;ai Qi et les arts martiaux sont ses \u00ab\u00a0petits fr\u00e8res\u00a0\u00bb.<\/p>\n<p>Ils ont \u00e9volu\u00e9 et se sont d\u00e9velopp\u00e9s  <\/p>\n<p>\u00e0 la suite d&rsquo;une compr\u00e9hension de certaines parties du <\/p>\n<p>Nei Gong, mais pas de l&rsquo;ensemble.<\/p>\n\t\t\n<style>\n#text-3694575294 {\n  line-height: 1.2;\n  text-align: center;\n  color: #37b0b8;\n}\n#text-3694575294 > * {\n  color: #37b0b8;\n}\n@media (min-width:550px) {\n  #text-3694575294 {\n    line-height: 0.8;\n  }\n}\n<\/style>\n\t<\/div>\n\t\n\t\t<\/div>\n\t\t\t\t\t<\/div>\n\n\t\n<\/div>\n<div class=\"row row-large align-middle\" style=\"max-width:1300px\" id=\"row-1353472820\">\n\n\t<div id=\"col-322218821\" class=\"col medium-11 small-12 large-4\"  >\n\t\t\t\t<div class=\"col-inner\"  >\n\t\t\t\n\t\t\t\n\n  <div class=\"banner has-hover\" id=\"banner-150358203\">\n          <div class=\"banner-inner fill\">\n        <div class=\"banner-bg fill\" >\n            <div class=\"bg fill bg-fill \"><\/div>\n                                    \n                    <\/div>\n\t\t\n        <div class=\"banner-layers container\">\n            <div class=\"fill banner-link\"><\/div>            \n        <\/div>\n      <\/div>\n\n              <div class=\"height-fix is-invisible\"><img loading=\"lazy\" decoding=\"async\" width=\"938\" height=\"1024\" src=\"https:\/\/tianyanneigong.com\/wp-content\/uploads\/2024\/08\/DSC_6472-1-938x1024.jpg\" class=\"attachment-large size-large\" alt=\"\" srcset=\"https:\/\/tianyanneigong.com\/wp-content\/uploads\/2024\/08\/DSC_6472-1-938x1024.jpg 938w, https:\/\/tianyanneigong.com\/wp-content\/uploads\/2024\/08\/DSC_6472-1-275x300.jpg 275w, https:\/\/tianyanneigong.com\/wp-content\/uploads\/2024\/08\/DSC_6472-1-768x839.jpg 768w, https:\/\/tianyanneigong.com\/wp-content\/uploads\/2024\/08\/DSC_6472-1-1407x1536.jpg 1407w, https:\/\/tianyanneigong.com\/wp-content\/uploads\/2024\/08\/DSC_6472-1-1875x2048.jpg 1875w\" sizes=\"auto, (max-width: 938px) 100vw, 938px\" \/><\/div>\n            \n<style>\n#banner-150358203 {\n  padding-top: 300px;\n  background-color: rgb(255, 255, 255);\n}\n#banner-150358203 .bg.bg-loaded {\n  background-image: url(https:\/\/tianyanneigong.com\/wp-content\/uploads\/2024\/08\/DSC_6472-1-938x1024.jpg);\n}\n#banner-150358203 .bg {\n  background-position: 42% 90%;\n}\n<\/style>\n  <\/div>\n\n\n\t\t<\/div>\n\t\t\t\t\t<\/div>\n\n\t\n\n\t<div id=\"col-356581532\" class=\"col medium-11 small-12 large-6\"  >\n\t\t\t\t<div class=\"col-inner\"  >\n\t\t\t\n\t\t\t\n\t<div id=\"text-3705214046\" class=\"text\">\n\t\t\n<p>Bien que le but principal de la tradition tao\u00efste soit de d\u00e9velopper l&rsquo;esprit, une grande importance est d&rsquo;abord accord\u00e9e \u00e0 la sant\u00e9 physique et \u00e0 l&rsquo;\u00e9quilibre mental et \u00e9motionnel.<\/p>\n<p>On obtient d\u2019excellents r\u00e9sultats en pratiquant Nei Gong pour am\u00e9liorer la sant\u00e9 physique et le bien-\u00eatre. Il peut aussi contribuer \u00e0 l&rsquo;\u00e9panouissement personnel et au d\u00e9veloppement spirituel. <\/p>\n<\/p>\n\t\t\n<style>\n#text-3705214046 {\n  color: #37b0b8;\n}\n#text-3705214046 > * {\n  color: #37b0b8;\n}\n<\/style>\n\t<\/div>\n\t\n\t\t<\/div>\n\t\t\t\t\t<\/div>\n\n\t\n<\/div>\n\t\t<\/div>\n\n\t\t\n<style>\n#section_1825009053 {\n  padding-top: 40px;\n  padding-bottom: 40px;\n}\n@media (min-width:850px) {\n  #section_1825009053 {\n    padding-top: 75px;\n    padding-bottom: 75px;\n  }\n}\n<\/style>\n\t<\/section>\n\t\n","protected":false},"excerpt":{"rendered":"","protected":false},"author":1,"featured_media":0,"parent":0,"menu_order":0,"comment_status":"closed","ping_status":"closed","template":"page-blank.php","meta":{"footnotes":""},"class_list":["post-2455","page","type-page","status-publish","hentry"],"_links":{"self":[{"href":"https:\/\/tianyanneigong.com\/fr\/wp-json\/wp\/v2\/pages\/2455","targetHints":{"allow":["GET"]}}],"collection":[{"href":"https:\/\/tianyanneigong.com\/fr\/wp-json\/wp\/v2\/pages"}],"about":[{"href":"https:\/\/tianyanneigong.com\/fr\/wp-json\/wp\/v2\/types\/page"}],"author":[{"embeddable":true,"href":"https:\/\/tianyanneigong.com\/fr\/wp-json\/wp\/v2\/users\/1"}],"replies":[{"embeddable":true,"href":"https:\/\/tianyanneigong.com\/fr\/wp-json\/wp\/v2\/comments?post=2455"}],"version-history":[{"count":11,"href":"https:\/\/tianyanneigong.com\/fr\/wp-json\/wp\/v2\/pages\/2455\/revisions"}],"predecessor-version":[{"id":2649,"href":"https:\/\/tianyanneigong.com\/fr\/wp-json\/wp\/v2\/pages\/2455\/revisions\/2649"}],"wp:attachment":[{"href":"https:\/\/tianyanneigong.com\/fr\/wp-json\/wp\/v2\/media?parent=2455"}],"curies":[{"name":"wp","href":"https:\/\/api.w.org\/{rel}","templated":true}]}}