{"id":2463,"date":"2023-07-14T18:09:17","date_gmt":"2023-07-14T18:09:17","guid":{"rendered":"https:\/\/tianyanneigong.com\/cours-de-tian-yan-nei-gong\/"},"modified":"2025-08-01T20:57:03","modified_gmt":"2025-08-01T20:57:03","slug":"cours-de-tian-yan-nei-gong","status":"publish","type":"page","link":"https:\/\/tianyanneigong.com\/fr\/cours-de-tian-yan-nei-gong\/","title":{"rendered":"Cours de Tian Yan Nei Gong\u00ae"},"content":{"rendered":"\t<section class=\"section dark\" id=\"section_973465214\">\n\t\t<div class=\"bg section-bg fill bg-fill  \" >\n\n\t\t\t\n\t\t\t\n\t\t\t\n\t<div class=\"is-border\"\n\t\tstyle=\"border-color:rgb(55, 176, 184);border-width:2px 2px 2px 2px;margin:10px 10px 10px 10px;\">\n\t<\/div>\n\n\t\t<\/div>\n\n\t\t\n\n\t\t<div class=\"section-content relative\">\n\t\t\t\n<div class=\"row row-collapse align-bottom align-center\" style=\"max-width:1200px\" id=\"row-1997312826\">\n\n\t<div id=\"col-2029114320\" class=\"col medium-9 small-12 large-11\"  >\n\t\t\t\t<div class=\"col-inner text-center\"  >\n\t\t\t\n\t\t\t\n\t<div id=\"gap-1217247205\" class=\"gap-element clearfix\" style=\"display:block; height:auto;\">\n\t\t\n<style>\n#gap-1217247205 {\n  padding-top: 440px;\n}\n<\/style>\n\t<\/div>\n\t\n\t<div id=\"text-843900538\" class=\"text hide-for-small\">\n\t\t\n<h1>Tian Yan Nei Gong\u00ae<br \/>Cours. Ateliers. Retraites.  <\/h1>\n\t\t\n<style>\n#text-843900538 {\n  font-size: 2rem;\n  text-align: center;\n  color: #37b0b8;\n}\n#text-843900538 > * {\n  color: #37b0b8;\n}\n@media (min-width:550px) {\n  #text-843900538 {\n    font-size: 2.5rem;\n  }\n}\n<\/style>\n\t<\/div>\n\t\n\t<div id=\"text-1938366633\" class=\"text show-for-small\">\n\t\t\n<h1><span style=\"font-size: 75%;\">Tian Yan Nei Gong\u00ae <\/span><br \/><span style=\"font-size: 75%;\">Cours. Ateliers. Retraites.  <\/span><\/h1>\n\t\t\n<style>\n#text-1938366633 {\n  font-size: 2rem;\n  text-align: center;\n  color: #37b0b8;\n}\n#text-1938366633 > * {\n  color: #37b0b8;\n}\n@media (min-width:550px) {\n  #text-1938366633 {\n    font-size: 2.5rem;\n  }\n}\n<\/style>\n\t<\/div>\n\t\n\t\t<\/div>\n\t\t\t\t\n<style>\n#col-2029114320 > .col-inner {\n  padding: 0px 0px 0px 0px;\n  margin: 0px 0px 0px 0px;\n}\n<\/style>\n\t<\/div>\n\n\t\n\n<style>\n#row-1997312826 > .col > .col-inner {\n  padding: 0px 0px 0px 0px;\n}\n<\/style>\n<\/div>\n\t\t<\/div>\n\n\t\t\n<style>\n#section_973465214 {\n  padding-top: 0px;\n  padding-bottom: 0px;\n}\n#section_973465214 .section-bg.bg-loaded {\n  background-image: url(https:\/\/tianyanneigong.com\/wp-content\/uploads\/2025\/02\/IMG_2418-3-scaled.jpeg);\n}\n<\/style>\n\t<\/section>\n\t\n\t<section class=\"section\" id=\"section_551777495\">\n\t\t<div class=\"bg section-bg fill bg-fill  bg-loaded\" >\n\n\t\t\t\n\t\t\t\n\t\t\t\n\n\t\t<\/div>\n\n\t\t\n\n\t\t<div class=\"section-content relative\">\n\t\t\t\n<p style=\"font-size: 26px; text-align: center;\"><span style=\"font-size: 140%;\"><em><strong>La force tout en douceur du Tian Yan Nei Gong\u00ae<\/strong><\/em><\/span><br \/><span style=\"font-size: 140%;\"><em><strong>D\u00e9couvrez, appr\u00e9ciez et b\u00e9n\u00e9ficiez en choisissant un programme<br \/><\/strong><\/em><\/span><span style=\"font-size: 140%;\"><em><strong>qui r\u00e9sonne vraiment avec<\/strong><\/em><\/span> <span style=\"font-size: 140%;\"><em><strong>vous.<\/strong><\/em><\/span><\/p>\n<p>\u00a0<\/p>\n<div class=\"row row-large\" style=\"max-width:1300px\" id=\"row-1982345590\">\n\n\t<div id=\"col-258869569\" class=\"col medium-11 small-12 large-6\"  >\n\t\t\t\t<div class=\"col-inner text-center\"  >\n\t\t\t\n\t\t\t\n<span class=\"scroll-to\" data-label=\"Scroll to: #GroupClassesGeneral\" data-bullet=\"false\" data-link=\"#GroupClassesGeneral\" data-title=\"Group Classes General\" ><a name=\"GroupClassesGeneral\"><\/a><\/span>\n\t<div id=\"text-1609168732\" class=\"text\">\n\t\t\n<h2><strong>Cours de Groupe en g\u00e9n\u00e9ral<\/strong><\/h2>\n\t\t\n<style>\n#text-1609168732 {\n  font-size: 1rem;\n  text-align: left;\n  color: #37b0b8;\n}\n#text-1609168732 > * {\n  color: #37b0b8;\n}\n<\/style>\n\t<\/div>\n\t\n\t<div id=\"text-1700151386\" class=\"text\">\n\t\t\n<p style=\"font-size: 19px;\">Mes cours s&rsquo;adressent \u00e0 tous les niveaux. Nous commen\u00e7ons g\u00e9n\u00e9ralement par des exercices de maintien (jing gong) pour recueillir l&rsquo;\u00e9nergie, puis nous poursuivons des exercices de mouvement (dong gong) faire circuler l&rsquo;\u00e9nergie dans les syst\u00e8mes de et de centres \u00e9nerg\u00e9tiques. C&rsquo;est important, car c&rsquo;est le flux d&rsquo;\u00e9nergie qui apporte la relaxation, la sant\u00e9 et la gu\u00e9rison.<br \/>\n<br \/>Une attention particuli\u00e8re est accord\u00e9e \u00e0 chaque \u00e9l\u00e8ve. J&rsquo;encourage chacun \u00e0 faire ce qu&rsquo;il peut \u00e0 ce stade et \u00e0 son propre rythme. Les r\u00e9sultats obtenus sont excellents et tr\u00e8s encourageants.    <\/p>\n\t\t\n<style>\n#text-1700151386 {\n  text-align: left;\n  color: #37b0b8;\n}\n#text-1700151386 > * {\n  color: #37b0b8;\n}\n<\/style>\n\t<\/div>\n\t\n\t<div id=\"text-2739993989\" class=\"text\">\n\t\t\n<p style=\"font-size: 19px;\">En plus des cours collectifs normaux, je <a href=\"https:\/\/tianyanneigong.com\/fr\/contactez-nous\/\"><u>propose \u00e9galement sur demande<\/u><\/a><\/p>\n<ul>\n<li style=\"font-size: 19px;\">Cours en entreprises<\/li>\n<li style=\"font-size: 19px;\">Cours pr\u00e9nataux<\/li>\n<li style=\"font-size: 19px;\">Cours pour enfants<\/li>\n<\/ul>\n\t\t\n<style>\n#text-2739993989 {\n  text-align: left;\n  color: #37b0b8;\n}\n#text-2739993989 > * {\n  color: #37b0b8;\n}\n<\/style>\n\t<\/div>\n\t\n\t\t<\/div>\n\t\t\t\t\t<\/div>\n\n\t\n\n\t<div id=\"col-757533988\" class=\"col medium-11 small-12 large-6\"  >\n\t\t\t\t<div class=\"col-inner text-center\"  >\n\t\t\t\n\t\t\t\n\t<div class=\"img has-hover x md-x lg-x y md-y lg-y\" id=\"image_1331473151\">\n\t\t\t\t\t\t\t\t<div class=\"img-inner dark\" >\n\t\t\t<img loading=\"lazy\" decoding=\"async\" width=\"1020\" height=\"765\" src=\"https:\/\/tianyanneigong.com\/wp-content\/uploads\/2023\/09\/NEI-GONG-Photos-Centre-160-1024x768.jpg\" class=\"attachment-large size-large\" alt=\"\" srcset=\"https:\/\/tianyanneigong.com\/wp-content\/uploads\/2023\/09\/NEI-GONG-Photos-Centre-160-1024x768.jpg 1024w, https:\/\/tianyanneigong.com\/wp-content\/uploads\/2023\/09\/NEI-GONG-Photos-Centre-160-300x225.jpg 300w, https:\/\/tianyanneigong.com\/wp-content\/uploads\/2023\/09\/NEI-GONG-Photos-Centre-160-768x576.jpg 768w, https:\/\/tianyanneigong.com\/wp-content\/uploads\/2023\/09\/NEI-GONG-Photos-Centre-160-1536x1152.jpg 1536w, https:\/\/tianyanneigong.com\/wp-content\/uploads\/2023\/09\/NEI-GONG-Photos-Centre-160-2048x1536.jpg 2048w\" sizes=\"auto, (max-width: 1020px) 100vw, 1020px\" \/>\t\t\t\t\t\t\n\t\t\t\t\t<\/div>\n\t\t\t\t\t\t\t\t\n<style>\n#image_1331473151 {\n  width: 99%;\n}\n@media (min-width:550px) {\n  #image_1331473151 {\n    width: 90%;\n  }\n}\n@media (min-width:850px) {\n  #image_1331473151 {\n    width: 100%;\n  }\n}\n<\/style>\n\t<\/div>\n\t\n\t\t<\/div>\n\t\t\t\t\t<\/div>\n\n\t\n\n\t<div id=\"col-214774680\" class=\"col medium-11 small-12 large-6\"  >\n\t\t\t\t<div class=\"col-inner text-center\"  >\n\t\t\t\n\t\t\t\n\t<div class=\"img has-hover x md-x lg-x y md-y lg-y\" id=\"image_1264660038\">\n\t\t\t\t\t\t\t\t<div class=\"img-inner dark\" >\n\t\t\t<img loading=\"lazy\" decoding=\"async\" width=\"1020\" height=\"765\" src=\"https:\/\/tianyanneigong.com\/wp-content\/uploads\/2023\/06\/NEI-GONG-Photos-Centre-118-1024x768.jpg\" class=\"attachment-large size-large\" alt=\"\" srcset=\"https:\/\/tianyanneigong.com\/wp-content\/uploads\/2023\/06\/NEI-GONG-Photos-Centre-118-1024x768.jpg 1024w, https:\/\/tianyanneigong.com\/wp-content\/uploads\/2023\/06\/NEI-GONG-Photos-Centre-118-300x225.jpg 300w, https:\/\/tianyanneigong.com\/wp-content\/uploads\/2023\/06\/NEI-GONG-Photos-Centre-118-768x576.jpg 768w, https:\/\/tianyanneigong.com\/wp-content\/uploads\/2023\/06\/NEI-GONG-Photos-Centre-118-1536x1152.jpg 1536w, https:\/\/tianyanneigong.com\/wp-content\/uploads\/2023\/06\/NEI-GONG-Photos-Centre-118-2048x1536.jpg 2048w\" sizes=\"auto, (max-width: 1020px) 100vw, 1020px\" \/>\t\t\t\t\t\t\n\t\t\t\t\t<\/div>\n\t\t\t\t\t\t\t\t\n<style>\n#image_1264660038 {\n  width: 99%;\n}\n@media (min-width:550px) {\n  #image_1264660038 {\n    width: 90%;\n  }\n}\n@media (min-width:850px) {\n  #image_1264660038 {\n    width: 100%;\n  }\n}\n<\/style>\n\t<\/div>\n\t\n\t\t<\/div>\n\t\t\t\t\t<\/div>\n\n\t\n\n\t<div id=\"col-1073829897\" class=\"col medium-11 small-12 large-6\"  >\n\t\t\t\t<div class=\"col-inner text-center\"  >\n\t\t\t\n\t\t\t\n<span class=\"scroll-to\" data-label=\"Scroll to: #Packageof6Classes\" data-bullet=\"false\" data-link=\"#Packageof6Classes\" data-title=\"Packageof6Classes\" ><a name=\"Packageof6Classes\"><\/a><\/span>\n\t<div id=\"text-3226057636\" class=\"text\">\n\t\t\n<h2>Package de six cours (groupes ou individuels)<br \/>\nEn personne ou en ligne<\/h2>\n\t\t\n<style>\n#text-3226057636 {\n  font-size: 1rem;\n  text-align: left;\n  color: #37b0b8;\n}\n#text-3226057636 > * {\n  color: #37b0b8;\n}\n<\/style>\n\t<\/div>\n\t\n\t<div id=\"text-3857561327\" class=\"text\">\n\t\t\n<p style=\"font-size: 19px;\">Ce package (cours hebdomadaires d&rsquo;une heure) est id\u00e9al pour les groupes ou les individus qui souhaitent traiter un probl\u00e8me sp\u00e9cifique. Par exemple, l&rsquo;objectif peut \u00eatre de renforcer le bas du dos, ou de r\u00e9duire la tension du cou et des \u00e9paules, ou d&rsquo;acqu\u00e9rir une force et une flexibilit\u00e9 g\u00e9n\u00e9rales de la colonne vert\u00e9brale et du dos. Ou tout simplement de mani\u00e8re g\u00e9n\u00e9rale pour r\u00e9duire les tensions et le stress.  <\/p>\n<p style=\"font-size: 19px;\"><a href=\"https:\/\/tianyanneigong.com\/fr\/contactez-nous\/\"><u>Veuillez me contacter<\/u><\/a> pour en savoir plus.<\/p>\n<p style=\"font-size: 19px;\"><strong>Prix en ligne : Euro 120,&#8211; par personne.<\/strong><\/p>\n<p style=\"font-size: 19px;\"><strong>Prix des cours en personne : selon le lieu<\/strong><\/p>\n\t\t\n<style>\n#text-3857561327 {\n  text-align: left;\n  color: #37b0b8;\n}\n#text-3857561327 > * {\n  color: #37b0b8;\n}\n<\/style>\n\t<\/div>\n\t\n\t\t<\/div>\n\t\t\t\t\t<\/div>\n\n\t\n\n\t<div id=\"col-331176007\" class=\"col medium-11 small-12 large-6\"  >\n\t\t\t\t<div class=\"col-inner text-center\"  >\n\t\t\t\n\t\t\t\n<span class=\"scroll-to\" data-label=\"Scroll to: #Workshops\" data-bullet=\"false\" data-link=\"#Workshops\" data-title=\"Workshops\" ><a name=\"Workshops\"><\/a><\/span>\n\t<div id=\"text-2347648628\" class=\"text\">\n\t\t\n<h2>Ateliers d&rsquo;un jour ou de deux jours pour les groupes<br \/>\nEn personne ou en ligne<\/h2>\n\t\t\n<style>\n#text-2347648628 {\n  font-size: 1rem;\n  line-height: 2.2;\n  text-align: left;\n  color: #37b0b8;\n}\n#text-2347648628 > * {\n  color: #37b0b8;\n}\n<\/style>\n\t<\/div>\n\t\n\t<div id=\"text-4121222164\" class=\"text\">\n\t\t\n<p style=\"font-size: 19px;\">Mes ateliers comprennent des sessions de 2 heures le matin et de 2 heures l&rsquo;apr\u00e8s-midi ainsi qu&rsquo;une s\u00e9ance de questions-r\u00e9ponses et une introduction \u00e0 la philosophie tao\u00efste.<\/p>\n<p style=\"font-size: 19px;\">Les ateliers sont tr\u00e8s intenses. Et c\u2019est l\u00e0 leur but :<br \/>l\u2019intensit\u00e9 r\u00e9duit plus rapidement vos blocages et vous aide \u00e0 aller de l\u2019avant. <\/p>\n<p style=\"font-size: 19px;\">J\u2019enseigne de telle mani\u00e8re que vous serez suffisamment confiant(e) pour continuer \u00e0 pratiquer par vous-m\u00eame, m\u00eame si vous n&rsquo;avez aucune exp\u00e9rience pr\u00e9alable.<\/p>\n<p style=\"font-size: 19px;\"><a href=\"https:\/\/tianyanneigong.com\/fr\/contactez-nous\/\"><u>Veuillez me contacter<\/u><\/a>pour en savoir plus.<\/p>\n<p style=\"font-size: 19px;\"><strong>Prix \u200b\u200ben ligne:<br \/>\n<\/strong><strong>1 jour Euro 70,&#8211; par personne<br \/>\n<\/strong><strong>2 jours Euro 150,&#8211; par personne<\/strong><\/p>\n<p style=\"font-size: 19px;\"><strong>Prix des ateliers en personne : selon le lieu<\/strong><\/p>\n\t\t\n<style>\n#text-4121222164 {\n  text-align: left;\n  color: #37b0b8;\n}\n#text-4121222164 > * {\n  color: #37b0b8;\n}\n<\/style>\n\t<\/div>\n\t\n\t\t<\/div>\n\t\t\t\t\n<style>\n#col-331176007 > .col-inner {\n  margin: 50px 0px 0px 0px;\n}\n<\/style>\n\t<\/div>\n\n\t\n\n\t<div id=\"col-239526409\" class=\"col medium-11 small-12 large-6\"  >\n\t\t\t\t<div class=\"col-inner text-center\"  >\n\t\t\t\n\t\t\t\n\t<div class=\"img has-hover x md-x lg-x y md-y lg-y\" id=\"image_1240326038\">\n\t\t\t\t\t\t\t\t<div class=\"img-inner dark\" >\n\t\t\t<img loading=\"lazy\" decoding=\"async\" width=\"1020\" height=\"1020\" src=\"https:\/\/tianyanneigong.com\/wp-content\/uploads\/2023\/06\/IMG_0867-1024x1024.jpg\" class=\"attachment-large size-large\" alt=\"\" srcset=\"https:\/\/tianyanneigong.com\/wp-content\/uploads\/2023\/06\/IMG_0867-1024x1024.jpg 1024w, https:\/\/tianyanneigong.com\/wp-content\/uploads\/2023\/06\/IMG_0867-300x300.jpg 300w, https:\/\/tianyanneigong.com\/wp-content\/uploads\/2023\/06\/IMG_0867-150x150.jpg 150w, https:\/\/tianyanneigong.com\/wp-content\/uploads\/2023\/06\/IMG_0867-768x768.jpg 768w, https:\/\/tianyanneigong.com\/wp-content\/uploads\/2023\/06\/IMG_0867-1536x1536.jpg 1536w, https:\/\/tianyanneigong.com\/wp-content\/uploads\/2023\/06\/IMG_0867-2048x2048.jpg 2048w\" sizes=\"auto, (max-width: 1020px) 100vw, 1020px\" \/>\t\t\t\t\t\t\n\t\t\t\t\t<\/div>\n\t\t\t\t\t\t\t\t\n<style>\n#image_1240326038 {\n  width: 99%;\n}\n@media (min-width:550px) {\n  #image_1240326038 {\n    width: 90%;\n  }\n}\n@media (min-width:850px) {\n  #image_1240326038 {\n    width: 100%;\n  }\n}\n<\/style>\n\t<\/div>\n\t\n\t\t<\/div>\n\t\t\t\t\n<style>\n#col-239526409 > .col-inner {\n  margin: 50px 0px 0px 0px;\n}\n<\/style>\n\t<\/div>\n\n\t\n\n\t<div id=\"col-2089749119\" class=\"col medium-11 small-12 large-6\"  >\n\t\t\t\t<div class=\"col-inner text-center\"  >\n\t\t\t\n\t\t\t\n\t<div class=\"img has-hover x md-x lg-x y md-y lg-y\" id=\"image_1231596574\">\n\t\t\t\t\t\t\t\t<div class=\"img-inner dark\" >\n\t\t\t<img loading=\"lazy\" decoding=\"async\" width=\"640\" height=\"640\" src=\"https:\/\/tianyanneigong.com\/wp-content\/uploads\/2023\/06\/Mountains-6.jpg\" class=\"attachment-large size-large\" alt=\"\" srcset=\"https:\/\/tianyanneigong.com\/wp-content\/uploads\/2023\/06\/Mountains-6.jpg 640w, https:\/\/tianyanneigong.com\/wp-content\/uploads\/2023\/06\/Mountains-6-300x300.jpg 300w, https:\/\/tianyanneigong.com\/wp-content\/uploads\/2023\/06\/Mountains-6-150x150.jpg 150w\" sizes=\"auto, (max-width: 640px) 100vw, 640px\" \/>\t\t\t\t\t\t\n\t\t\t\t\t<\/div>\n\t\t\t\t\t\t\t\t\n<style>\n#image_1231596574 {\n  width: 99%;\n}\n@media (min-width:550px) {\n  #image_1231596574 {\n    width: 90%;\n  }\n}\n@media (min-width:850px) {\n  #image_1231596574 {\n    width: 96%;\n  }\n}\n<\/style>\n\t<\/div>\n\t\n\t\t<\/div>\n\t\t\t\t\n<style>\n#col-2089749119 > .col-inner {\n  margin: 50px 0px 0px 0px;\n}\n<\/style>\n\t<\/div>\n\n\t\n\n\t<div id=\"col-2034046324\" class=\"col medium-11 small-12 large-6\"  >\n\t\t\t\t<div class=\"col-inner text-center\"  >\n\t\t\t\n\t\t\t\n<span class=\"scroll-to\" data-label=\"Scroll to: #WorkingRetreat\" data-bullet=\"false\" data-link=\"#WorkingRetreat\" data-title=\"Working Retreat\" ><a name=\"WorkingRetreat\"><\/a><\/span>\n\t<div id=\"text-2235038370\" class=\"text\">\n\t\t\n<h2>Retraites au Maroc pour groupes ou individuels<br \/>\n\u00ab\u00a0Une retraite de travail dans un paradis de vacances\u00a0\u00bb.<\/h2>\n\t\t\n<style>\n#text-2235038370 {\n  font-size: 1rem;\n  text-align: left;\n  color: #37b0b8;\n}\n#text-2235038370 > * {\n  color: #37b0b8;\n}\n<\/style>\n\t<\/div>\n\t\n\t<div id=\"text-4175917709\" class=\"text\">\n\t\t\n<p style=\"font-size: 19px;\">Le Maroc est un pays dot\u00e9 d&rsquo;un riche patrimoine culturel et d&rsquo;un paysage diversifi\u00e9. Sa beaut\u00e9 ne vous submerge pas, mais capte votre c\u0153ur et votre imagination. Ses \u00e9nergies sont l\u00e9g\u00e8res et douces.  <\/p>\n<p style=\"font-size: 19px;\">Je suis donc heureux de vous offrir des retraites de Tian Yan Nei Gong\u00ae dans cet environnement accueillant.<\/p>\n\t\t\n<style>\n#text-4175917709 {\n  text-align: left;\n  color: #37b0b8;\n}\n#text-4175917709 > * {\n  color: #37b0b8;\n}\n<\/style>\n\t<\/div>\n\t\n\t\t<\/div>\n\t\t\t\t\n<style>\n#col-2034046324 > .col-inner {\n  margin: 120px 0px 0px 0px;\n}\n<\/style>\n\t<\/div>\n\n\t\n\n\t<div id=\"col-266113392\" class=\"col medium-11 small-12 large-6\"  >\n\t\t\t\t<div class=\"col-inner text-center\"  >\n\t\t\t\n\t\t\t\n\t<div id=\"text-2751593848\" class=\"text\">\n\t\t\n<h2>Vous pouvez cr\u00e9er vos Vacances pour explorer les Myst\u00e8res du Maroc<\/h2>\n<p>Vous d\u00e9tendre et profiter d&rsquo;un temps de loisirs. Puis, pendant votre temps libre, vous pratiquez avec moi le Tian Yan Nei Gong\u00ae dans les douces \u00e9nergies du Maroc. Cette exp\u00e9rience sera pour vous une aventure magique dont vous reviendrez revigor\u00e9s, d\u00e9tendus et enrichis \u00e0 la fois par la <br \/><strong><em>\u00ab\u00a0retraite de travail\u00a0\u00bb<\/em><\/strong> et le <strong><em>\u00ab\u00a0vacances au paradis\u00a0\u00bb<\/em><\/strong>.  <\/p>\n<p style=\"font-size: 19px;\"><a href=\"https:\/\/tianyanneigong.com\/fr\/contactez-nous\/\">Je vous invite \u00e0 <u>me contacter<\/u><\/a> afin que nous \u00e9laborions un programme de retraite adapt\u00e9 \u00e0 vos besoins qui s\u2019ins\u00e8rera parfaitement dans vos projets de vacances.<br \/>Prix : en fonction des services que vous avez choisis.<\/p>\n\t\t\n<style>\n#text-2751593848 {\n  text-align: left;\n  color: #37b0b8;\n}\n#text-2751593848 > * {\n  color: #37b0b8;\n}\n<\/style>\n\t<\/div>\n\t\n\t\t<\/div>\n\t\t\t\t\n<style>\n#col-266113392 > .col-inner {\n  padding: 90px 0px 0px 0px;\n  margin: 50px 0px 0px 0px;\n}\n<\/style>\n\t<\/div>\n\n\t\n\n\t<div id=\"col-748685210\" class=\"col medium-11 small-12 large-6\"  >\n\t\t\t\t<div class=\"col-inner text-center\"  >\n\t\t\t\n\t\t\t\n<span class=\"scroll-to\" data-label=\"Scroll to: #WorkingRetreat\" data-bullet=\"false\" data-link=\"#WorkingRetreat\" data-title=\"Working Retreat\" ><a name=\"WorkingRetreat\"><\/a><\/span>\n\t<div class=\"img has-hover x md-x lg-x y md-y lg-y\" id=\"image_1107761137\">\n\t\t\t\t\t\t\t\t<div class=\"img-inner dark\" >\n\t\t\t<img loading=\"lazy\" decoding=\"async\" width=\"480\" height=\"600\" src=\"https:\/\/tianyanneigong.com\/wp-content\/uploads\/2023\/06\/Starry-night-sky.jpg\" class=\"attachment-original size-original\" alt=\"\" srcset=\"https:\/\/tianyanneigong.com\/wp-content\/uploads\/2023\/06\/Starry-night-sky.jpg 480w, https:\/\/tianyanneigong.com\/wp-content\/uploads\/2023\/06\/Starry-night-sky-240x300.jpg 240w\" sizes=\"auto, (max-width: 480px) 100vw, 480px\" \/>\t\t\t\t\t\t\n\t\t\t\t\t<\/div>\n\t\t\t\t\t\t\t\t\n<style>\n#image_1107761137 {\n  width: 100%;\n}\n@media (min-width:550px) {\n  #image_1107761137 {\n    width: 90%;\n  }\n}\n@media (min-width:850px) {\n  #image_1107761137 {\n    width: 100%;\n  }\n}\n<\/style>\n\t<\/div>\n\t\n\t\t<\/div>\n\t\t\t\t\n<style>\n#col-748685210 > .col-inner {\n  margin: 50px 0px 100px 0px;\n}\n<\/style>\n\t<\/div>\n\n\t\n\n\t<div id=\"col-1876419456\" class=\"col medium-11 small-12 large-6\"  >\n\t\t\t\t<div class=\"col-inner text-center\"  >\n\t\t\t\n\t\t\t\n\t<div class=\"img has-hover x md-x lg-x y md-y lg-y\" id=\"image_1116074329\">\n\t\t\t\t\t\t\t\t<div class=\"img-inner dark\" >\n\t\t\t<img loading=\"lazy\" decoding=\"async\" width=\"1020\" height=\"765\" src=\"https:\/\/tianyanneigong.com\/wp-content\/uploads\/2023\/06\/IMG_7355-1024x768.jpg\" class=\"attachment-large size-large\" alt=\"\" srcset=\"https:\/\/tianyanneigong.com\/wp-content\/uploads\/2023\/06\/IMG_7355-1024x768.jpg 1024w, https:\/\/tianyanneigong.com\/wp-content\/uploads\/2023\/06\/IMG_7355-300x225.jpg 300w, https:\/\/tianyanneigong.com\/wp-content\/uploads\/2023\/06\/IMG_7355-768x576.jpg 768w, https:\/\/tianyanneigong.com\/wp-content\/uploads\/2023\/06\/IMG_7355-1536x1152.jpg 1536w, https:\/\/tianyanneigong.com\/wp-content\/uploads\/2023\/06\/IMG_7355-2048x1536.jpg 2048w\" sizes=\"auto, (max-width: 1020px) 100vw, 1020px\" \/>\t\t\t\t\t\t\n\t\t\t\t\t<\/div>\n\t\t\t\t\t\t\t\t\n<style>\n#image_1116074329 {\n  width: 100%;\n}\n@media (min-width:550px) {\n  #image_1116074329 {\n    width: 82%;\n  }\n}\n@media (min-width:850px) {\n  #image_1116074329 {\n    width: 100%;\n  }\n}\n<\/style>\n\t<\/div>\n\t\n\t\t<\/div>\n\t\t\t\t\t<\/div>\n\n\t\n\n\t<div id=\"col-1343757134\" class=\"col medium-11 small-12 large-6\"  >\n\t\t\t\t<div class=\"col-inner text-center\"  >\n\t\t\t\n\t\t\t\n<span class=\"scroll-to\" data-label=\"Scroll to: #GroupOutside\" data-bullet=\"false\" data-link=\"#GroupOutside\" data-title=\"Group Outside\" ><a name=\"GroupOutside\"><\/a><\/span>\n\t<div id=\"text-514216541\" class=\"text\">\n\t\t\n<h2>Cours de groupe hors du Maroc<\/h2>\n\t\t\n<style>\n#text-514216541 {\n  font-size: 1rem;\n  text-align: left;\n  color: #37b0b8;\n}\n#text-514216541 > * {\n  color: #37b0b8;\n}\n<\/style>\n\t<\/div>\n\t\n\t<div id=\"text-3661707594\" class=\"text\">\n\t\t\n<p style=\"font-size: 19px;\">Pour les groupes qui ne peuvent pas venir au Maroc, je serai ravie de me d\u00e9placer \u00e0 l&rsquo;\u00e9tranger.<\/p>\n<p style=\"font-size: 19px;\"><a href=\"https:\/\/tianyanneigong.com\/fr\/contactez-nous\/\"> <u>Veuillez me contacter<\/u> pour \u00e9tudier les possibilit\u00e9s et convenir d&rsquo;un prix. <\/a><\/p>\n\t\t\n<style>\n#text-3661707594 {\n  text-align: left;\n  color: #37b0b8;\n}\n#text-3661707594 > * {\n  color: #37b0b8;\n}\n<\/style>\n\t<\/div>\n\t\n\t\t<\/div>\n\t\t\t\t\n<style>\n#col-1343757134 > .col-inner {\n  padding: 90px 0px 0px 0px;\n  margin: 0px 0px 0px 0px;\n}\n<\/style>\n\t<\/div>\n\n\t\n\n\t<div id=\"col-30099464\" class=\"col medium-11 small-12 large-12\"  >\n\t\t\t\t<div class=\"col-inner text-center\"  >\n\t\t\t\n\t\t\t\n\t<div id=\"text-1887965903\" class=\"text\">\n\t\t\n<h2>Politique de prix<\/h2>\n\t\t\n<style>\n#text-1887965903 {\n  font-size: 1rem;\n  text-align: center;\n  color: #37b0b8;\n}\n#text-1887965903 > * {\n  color: #37b0b8;\n}\n<\/style>\n\t<\/div>\n\t\n\t<div id=\"text-3300694258\" class=\"text\">\n\t\t\n<p style=\"font-size: 19px;\">Pour le Maroc, o\u00f9 je r\u00e9side, les prix varient de ceux mentionn\u00e9s ici sur mon site web. Ils sont plus bas et plus abordables pour les marocains en raison de l&rsquo;\u00e9conomie particuli\u00e8re de ce pays. <a href=\"https:\/\/tianyanneigong.com\/fr\/contactez-nous\/\"><u>Veuillez me contacter <\/u><\/a>pour plus de d\u00e9tails sur les prix.  <\/p>\n\t\t\n<style>\n#text-3300694258 {\n  text-align: center;\n  color: #37b0b8;\n}\n#text-3300694258 > * {\n  color: #37b0b8;\n}\n<\/style>\n\t<\/div>\n\t\n\t\t<\/div>\n\t\t\t\t\t<\/div>\n\n\t\n<\/div>\n\t\t<\/div>\n\n\t\t\n<style>\n#section_551777495 {\n  padding-top: 40px;\n  padding-bottom: 40px;\n}\n@media (min-width:850px) {\n  #section_551777495 {\n    padding-top: 75px;\n    padding-bottom: 75px;\n  }\n}\n<\/style>\n\t<\/section>\n\t\n","protected":false},"excerpt":{"rendered":"","protected":false},"author":1,"featured_media":0,"parent":0,"menu_order":0,"comment_status":"closed","ping_status":"closed","template":"page-blank.php","meta":{"footnotes":""},"class_list":["post-2463","page","type-page","status-publish","hentry"],"_links":{"self":[{"href":"https:\/\/tianyanneigong.com\/fr\/wp-json\/wp\/v2\/pages\/2463","targetHints":{"allow":["GET"]}}],"collection":[{"href":"https:\/\/tianyanneigong.com\/fr\/wp-json\/wp\/v2\/pages"}],"about":[{"href":"https:\/\/tianyanneigong.com\/fr\/wp-json\/wp\/v2\/types\/page"}],"author":[{"embeddable":true,"href":"https:\/\/tianyanneigong.com\/fr\/wp-json\/wp\/v2\/users\/1"}],"replies":[{"embeddable":true,"href":"https:\/\/tianyanneigong.com\/fr\/wp-json\/wp\/v2\/comments?post=2463"}],"version-history":[{"count":13,"href":"https:\/\/tianyanneigong.com\/fr\/wp-json\/wp\/v2\/pages\/2463\/revisions"}],"predecessor-version":[{"id":2739,"href":"https:\/\/tianyanneigong.com\/fr\/wp-json\/wp\/v2\/pages\/2463\/revisions\/2739"}],"wp:attachment":[{"href":"https:\/\/tianyanneigong.com\/fr\/wp-json\/wp\/v2\/media?parent=2463"}],"curies":[{"name":"wp","href":"https:\/\/api.w.org\/{rel}","templated":true}]}}